{"id":11101,"date":"2023-10-27T17:12:54","date_gmt":"2023-10-27T15:12:54","guid":{"rendered":"https:\/\/jacekplacek.com.pl\/?post_type=product&#038;p=11101"},"modified":"2025-11-18T18:30:58","modified_gmt":"2025-11-18T17:30:58","slug":"mini-torta-al-pistacchio-3-pezzi","status":"publish","type":"product","link":"https:\/\/jacekplacek.com.pl\/it\/negozio\/torty_i_desery\/mini-dessert-per-il-caffetteria-2\/mini-torta-al-pistacchio-3-pezzi\/","title":{"rendered":"Mini torta al pistacchio, 3 pezzi"},"content":{"rendered":"<p><b>Benvenuti nel mondo del gusto unico della torta al pistacchio!<\/b><\/p>\n<p><span style=\"font-weight: 400;\">\u00c8 un connubio tra la delicata mousse mediterranea al pistacchio e la confettura di frutti di bosco. L&#039;interno della torta \u00e8 stato arricchito con bign\u00e8 croccanti, donandole una consistenza interessante. La nostra torta al pistacchio \u00e8 una vera delizia per gli amanti dei pistacchi e dei gusti alla frutta. Concediti un momento di piacere con questa torta unica!<\/span><\/p>\n<p><span style=\"font-weight: 400;\">Ti invitiamo a ordinare una torta sotto forma di regalo, con il prescelto <\/span><b>biglietto d&#039;auguri<\/b><span style=\"font-weight: 400;\"> e corrispondenza <\/span><b>candele<\/b><span style=\"font-weight: 400;\">.<\/span><\/p>\n<p>Dessert non solo per tavole eleganti - perfetto per festeggiare onomastici, compleanni o altre ricorrenze a casa o al lavoro...<\/p>\n<p>Prodotto disponibile in\u00a0<strong>3 pezzi in confezione collettiva (3 pezzi ca. 390 g).<\/strong><\/p>","protected":false},"excerpt":{"rendered":"<p><span style=\"font-weight: 400;\">La nostra torta al pistacchio \u00e8 una vera delizia per gli amanti dei pistacchi e dei gusti alla frutta. Concediti un momento di piacere con questa torta unica!<\/span><\/p>\n<p>Prodotto disponibile in\u00a0<strong>3 pezzi in confezione collettiva (3 pezzi ca. 390 g).<\/strong><\/p>","protected":false},"featured_media":11437,"comment_status":"closed","ping_status":"closed","template":"","meta":{"content-type":""},"product_brand":[],"product_cat":[723],"product_tag":[444,442,446,445,450,743],"class_list":{"0":"post-11101","1":"product","2":"type-product","3":"status-publish","4":"has-post-thumbnail","6":"product_cat-mini-desery-do-kawiarni","7":"product_tag-cukiernia-jacek-placek","8":"product_tag-deser-jednoporcjowy","9":"product_tag-jacek-placek-gdansk","10":"product_tag-jacek-placek-gowino","11":"product_tag-tort-mini","12":"product_tag-tort-pistacjowy","14":"entry","15":"has-media","17":"first","18":"instock","19":"shipping-taxable","20":"product-type-simple","21":"has-product-nav","22":"col","23":"span_1_of_4","24":"owp-content-center","25":"owp-thumbs-layout-horizontal","26":"owp-btn-normal","27":"owp-tabs-layout-horizontal"},"acf":[],"_links":{"self":[{"href":"https:\/\/jacekplacek.com.pl\/it\/wp-json\/wp\/v2\/product\/11101","targetHints":{"allow":["GET"]}}],"collection":[{"href":"https:\/\/jacekplacek.com.pl\/it\/wp-json\/wp\/v2\/product"}],"about":[{"href":"https:\/\/jacekplacek.com.pl\/it\/wp-json\/wp\/v2\/types\/product"}],"replies":[{"embeddable":true,"href":"https:\/\/jacekplacek.com.pl\/it\/wp-json\/wp\/v2\/comments?post=11101"}],"wp:featuredmedia":[{"embeddable":true,"href":"https:\/\/jacekplacek.com.pl\/it\/wp-json\/wp\/v2\/media\/11437"}],"wp:attachment":[{"href":"https:\/\/jacekplacek.com.pl\/it\/wp-json\/wp\/v2\/media?parent=11101"}],"wp:term":[{"taxonomy":"product_brand","embeddable":true,"href":"https:\/\/jacekplacek.com.pl\/it\/wp-json\/wp\/v2\/product_brand?post=11101"},{"taxonomy":"product_cat","embeddable":true,"href":"https:\/\/jacekplacek.com.pl\/it\/wp-json\/wp\/v2\/product_cat?post=11101"},{"taxonomy":"product_tag","embeddable":true,"href":"https:\/\/jacekplacek.com.pl\/it\/wp-json\/wp\/v2\/product_tag?post=11101"}],"curies":[{"name":"wp","href":"https:\/\/api.w.org\/{rel}","templated":true}]}}