{"id":11066,"date":"2023-10-26T14:02:41","date_gmt":"2023-10-26T12:02:41","guid":{"rendered":"https:\/\/jacekplacek.com.pl\/?post_type=product&#038;p=11066"},"modified":"2025-11-18T18:31:00","modified_gmt":"2025-11-18T17:31:00","slug":"torta-reale-2","status":"publish","type":"product","link":"https:\/\/jacekplacek.com.pl\/it\/negozio\/torty_i_desery\/torte-2\/torta-reale-2\/","title":{"rendered":"torta reale"},"content":{"rendered":"<p><strong>Presentiamo la torta del re: una combinazione unica di sapori che delizia il palato. <\/strong><\/p>\n<p><span style=\"font-weight: 400;\">La nostra ricetta si basa sul sapore intenso della torta al cioccolato con l&#039;aggiunta delle noci, che le conferiscono un carattere unico. La torta \u00e8 guarnita con crema al cioccolato, farcita con marmellata di prugne e crema al burro al limone, che le dona leggerezza e freschezza. Per aggiungere ancora pi\u00f9 sorprese di sapore, arricchiamo la nostra torta con halva croccante.\u00a0<\/span><\/p>\n<p><strong>\u00c8 un&#039;esperienza dolce e merita di essere chiamata reale. Vieni a scoprire perch\u00e9 la torta del re \u00e8 il nostro successo indiscusso!<\/strong><\/p>\n<p><span style=\"font-weight: 400;\">Ti invitiamo a ordinare una torta sotto forma di regalo, con il prescelto <\/span><b>biglietto d&#039;auguri<\/b><span style=\"font-weight: 400;\"> e corrispondenza <\/span><b>candele<\/b><span style=\"font-weight: 400;\">.<\/span><\/p>","protected":false},"excerpt":{"rendered":"<p><span data-sheets-root=\"1\">Torta al cioccolato dal gusto ricco con marmellata di prugne, crema al limone e cioccolato e pezzetti di halva.<\/span><\/p>","protected":false},"featured_media":10969,"comment_status":"closed","ping_status":"closed","template":"","meta":{"content-type":""},"product_brand":[],"product_cat":[123],"product_tag":[747,166,176,309,730,733,731,746,732,734],"class_list":{"0":"post-11066","1":"product","2":"type-product","3":"status-publish","4":"has-post-thumbnail","6":"product_cat-torty","7":"product_tag-luksusowy-tort","8":"product_tag-tort","9":"product_tag-tort-czekoladowy","10":"product_tag-tort-krolewski","11":"product_tag-tort-na-urodziny","12":"product_tag-tort-naturalny","13":"product_tag-tort-urodzinowy","14":"product_tag-tort-z-czekolada-jadalne-zloto","15":"product_tag-torty-naturalne","16":"product_tag-zdrowy-sklad","18":"entry","19":"has-media","21":"first","22":"instock","23":"shipping-taxable","24":"product-type-variable","25":"has-default-attributes","26":"has-product-nav","27":"col","28":"span_1_of_4","29":"owp-content-center","30":"owp-thumbs-layout-horizontal","31":"owp-btn-normal","32":"owp-tabs-layout-horizontal"},"acf":[],"_links":{"self":[{"href":"https:\/\/jacekplacek.com.pl\/it\/wp-json\/wp\/v2\/product\/11066","targetHints":{"allow":["GET"]}}],"collection":[{"href":"https:\/\/jacekplacek.com.pl\/it\/wp-json\/wp\/v2\/product"}],"about":[{"href":"https:\/\/jacekplacek.com.pl\/it\/wp-json\/wp\/v2\/types\/product"}],"replies":[{"embeddable":true,"href":"https:\/\/jacekplacek.com.pl\/it\/wp-json\/wp\/v2\/comments?post=11066"}],"wp:featuredmedia":[{"embeddable":true,"href":"https:\/\/jacekplacek.com.pl\/it\/wp-json\/wp\/v2\/media\/10969"}],"wp:attachment":[{"href":"https:\/\/jacekplacek.com.pl\/it\/wp-json\/wp\/v2\/media?parent=11066"}],"wp:term":[{"taxonomy":"product_brand","embeddable":true,"href":"https:\/\/jacekplacek.com.pl\/it\/wp-json\/wp\/v2\/product_brand?post=11066"},{"taxonomy":"product_cat","embeddable":true,"href":"https:\/\/jacekplacek.com.pl\/it\/wp-json\/wp\/v2\/product_cat?post=11066"},{"taxonomy":"product_tag","embeddable":true,"href":"https:\/\/jacekplacek.com.pl\/it\/wp-json\/wp\/v2\/product_tag?post=11066"}],"curies":[{"name":"wp","href":"https:\/\/api.w.org\/{rel}","templated":true}]}}