{"id":9845,"date":"2023-07-10T13:38:24","date_gmt":"2023-07-10T11:38:24","guid":{"rendered":"https:\/\/jacekplacek.com.pl\/?post_type=product&#038;p=9845"},"modified":"2025-12-16T15:38:39","modified_gmt":"2025-12-16T14:38:39","slug":"biscuits-a-lavoine-et-au-cacao","status":"publish","type":"product","link":"https:\/\/jacekplacek.com.pl\/fr\/magasin\/biscuits-et-biscuits\/cookies\/biscuits-a-lavoine-et-au-cacao\/","title":{"rendered":"Biscuits \u00e0 l&#039;avoine et au cacao"},"content":{"rendered":"<p><span style=\"font-weight: 400;\">Comme c&#039;est agr\u00e9able de combiner votre faible pour les biscuits sabl\u00e9s et de compl\u00e9ter votre alimentation avec des graines pr\u00e9cieuses...<\/span><\/p>\n<p><span style=\"font-weight: 400;\">D\u00e9couvrez le go\u00fbt incomparable de nos d\u00e9licieux biscuits \u00e0 l&#039;avoine et au cacao sans gluten.\u00a0<\/span><\/p>\n<p><span style=\"font-weight: 400;\">Fabriqu\u00e9s \u00e0 partir d&#039;avoine et de beurre d&#039;arachide aromatique, ces biscuits sont un v\u00e9ritable r\u00e9gal pour le palais. Pleins d\u2019ingr\u00e9dients sains, nos biscuits \u00e0 l\u2019avoine et au cacao sont un excellent choix pour ceux qui veulent profiter du go\u00fbt sans aucun compromis.<\/span><\/p>\n<p><span style=\"color: #000000;\"><span style=\"font-weight: 400;\">(En raison de l&#039;absence de ligne de production s\u00e9par\u00e9e, le produit peut contenir des traces de gluten et d&#039;autres allerg\u00e8nes. L&#039;usine utilise : de la farine, des \u0153ufs, des noix, du s\u00e9same et du lait, donc chaque produit peut contenir des traces des allerg\u00e8nes mentionn\u00e9s, m\u00eame s&#039;ils sont pr\u00e9sents. non sp\u00e9cifi\u00e9 dans la description et la liste des ingr\u00e9dients.)<\/span><\/span><\/p>\n<p>&nbsp;<\/p>\n<p>&nbsp;<\/p>","protected":false},"excerpt":{"rendered":"<p><span style=\"font-weight: 400;\">Pr\u00e9parez-vous au go\u00fbt unique de nos d\u00e9licieux biscuits \u00e0 l&#039;avoine et au cacao. Fabriqu\u00e9s \u00e0 base de flocons d&#039;avoine et de beurre d&#039;arachide, riches en fibres et \u00e0 teneur r\u00e9duite en gluten, ces biscuits sont un v\u00e9ritable r\u00e9gal pour le palais.<\/span><\/p>","protected":false},"featured_media":10094,"comment_status":"closed","ping_status":"closed","template":"","meta":{"content-type":""},"product_brand":[],"product_cat":[121],"product_tag":[348,454,444,446,445,449,354,355],"class_list":{"0":"post-9845","1":"product","2":"type-product","3":"status-publish","4":"has-post-thumbnail","6":"product_cat-ciasteczka","7":"product_tag-ciasteczka-kruche","8":"product_tag-ciasteczka-na-wage","9":"product_tag-cukiernia-jacek-placek","10":"product_tag-jacek-placek-gdansk","11":"product_tag-jacek-placek-gowino","12":"product_tag-jacek-placek-sopot","13":"product_tag-z-nasionami","14":"product_tag-ze-slonecznikiem","16":"entry","17":"has-media","19":"first","20":"outofstock","21":"shipping-taxable","22":"product-type-variable","23":"has-default-attributes","24":"has-product-nav","25":"col","26":"span_1_of_4","27":"owp-content-center","28":"owp-thumbs-layout-horizontal","29":"owp-btn-normal","30":"owp-tabs-layout-horizontal"},"acf":[],"_links":{"self":[{"href":"https:\/\/jacekplacek.com.pl\/fr\/wp-json\/wp\/v2\/product\/9845","targetHints":{"allow":["GET"]}}],"collection":[{"href":"https:\/\/jacekplacek.com.pl\/fr\/wp-json\/wp\/v2\/product"}],"about":[{"href":"https:\/\/jacekplacek.com.pl\/fr\/wp-json\/wp\/v2\/types\/product"}],"replies":[{"embeddable":true,"href":"https:\/\/jacekplacek.com.pl\/fr\/wp-json\/wp\/v2\/comments?post=9845"}],"wp:featuredmedia":[{"embeddable":true,"href":"https:\/\/jacekplacek.com.pl\/fr\/wp-json\/wp\/v2\/media\/10094"}],"wp:attachment":[{"href":"https:\/\/jacekplacek.com.pl\/fr\/wp-json\/wp\/v2\/media?parent=9845"}],"wp:term":[{"taxonomy":"product_brand","embeddable":true,"href":"https:\/\/jacekplacek.com.pl\/fr\/wp-json\/wp\/v2\/product_brand?post=9845"},{"taxonomy":"product_cat","embeddable":true,"href":"https:\/\/jacekplacek.com.pl\/fr\/wp-json\/wp\/v2\/product_cat?post=9845"},{"taxonomy":"product_tag","embeddable":true,"href":"https:\/\/jacekplacek.com.pl\/fr\/wp-json\/wp\/v2\/product_tag?post=9845"}],"curies":[{"name":"wp","href":"https:\/\/api.w.org\/{rel}","templated":true}]}}