{"id":9837,"date":"2023-07-10T13:38:05","date_gmt":"2023-07-10T11:38:05","guid":{"rendered":"https:\/\/jacekplacek.com.pl\/?post_type=product&#038;p=9837"},"modified":"2025-12-16T15:38:40","modified_gmt":"2025-12-16T14:38:40","slug":"biscuits-au-beurre-et-a-lavoine","status":"publish","type":"product","link":"https:\/\/jacekplacek.com.pl\/fr\/magasin\/biscuits-et-biscuits\/cookies\/biscuits-au-beurre-et-a-lavoine\/","title":{"rendered":"Biscuits \u00e0 l&#039;avoine et au beurre"},"content":{"rendered":"<p><span style=\"font-weight: 400;\">Comme c&#039;est agr\u00e9able de combiner votre faible pour les biscuits sabl\u00e9s et de compl\u00e9ter votre alimentation avec des graines pr\u00e9cieuses...<\/span><\/p>\n<p><span style=\"font-weight: 400;\">Nous vous invitons \u00e0 essayer nos d\u00e9licieux et croustillants biscuits \u00e0 l&#039;avoine et au beurre. Ils contiennent une richesse de c\u00e9r\u00e9ales pr\u00e9cieuses qui les rendent non seulement savoureux, mais aussi sains. Gr\u00e2ce \u00e0 des ingr\u00e9dients soigneusement s\u00e9lectionn\u00e9s, nos biscuits \u00e0 l&#039;avoine et au beurre sont un choix id\u00e9al pour les amateurs de p\u00e2tisseries traditionnelles et aromatiques.<\/span><\/p>\n<p><span style=\"font-weight: 400;\">Essayez-les et appr\u00e9ciez leur go\u00fbt unique.\u00a0<\/span><\/p>\n<p><span style=\"color: #000000;\"><span style=\"font-weight: 400;\">(La plante utilise : de la farine, des \u0153ufs, des fruits \u00e0 coque, du s\u00e9same et du lait, donc chaque produit peut contenir des traces des allerg\u00e8nes mentionn\u00e9s, m\u00eame s&#039;ils ne sont pas pr\u00e9cis\u00e9s dans la description et la liste des ingr\u00e9dients.)<\/span><\/span><\/p>\n<p>&nbsp;<\/p>","protected":false},"excerpt":{"rendered":"<p><span style=\"font-weight: 400;\">Plongez dans le go\u00fbt unique de nos d\u00e9licieux biscuits \u00e0 l&#039;avoine \u00e0 p\u00e2te bris\u00e9e, remplis de c\u00e9r\u00e9ales saines qui fournissent des fibres et des nutriments pr\u00e9cieux.<\/span><\/p>","protected":false},"featured_media":9886,"comment_status":"closed","ping_status":"closed","template":"","meta":{"content-type":""},"product_brand":[],"product_cat":[121],"product_tag":[348,454,444,446,445,449,354,355],"class_list":{"0":"post-9837","1":"product","2":"type-product","3":"status-publish","4":"has-post-thumbnail","6":"product_cat-ciasteczka","7":"product_tag-ciasteczka-kruche","8":"product_tag-ciasteczka-na-wage","9":"product_tag-cukiernia-jacek-placek","10":"product_tag-jacek-placek-gdansk","11":"product_tag-jacek-placek-gowino","12":"product_tag-jacek-placek-sopot","13":"product_tag-z-nasionami","14":"product_tag-ze-slonecznikiem","16":"entry","17":"has-media","19":"first","20":"outofstock","21":"shipping-taxable","22":"product-type-variable","23":"has-default-attributes","24":"has-product-nav","25":"col","26":"span_1_of_4","27":"owp-content-center","28":"owp-thumbs-layout-horizontal","29":"owp-btn-normal","30":"owp-tabs-layout-horizontal"},"acf":[],"_links":{"self":[{"href":"https:\/\/jacekplacek.com.pl\/fr\/wp-json\/wp\/v2\/product\/9837","targetHints":{"allow":["GET"]}}],"collection":[{"href":"https:\/\/jacekplacek.com.pl\/fr\/wp-json\/wp\/v2\/product"}],"about":[{"href":"https:\/\/jacekplacek.com.pl\/fr\/wp-json\/wp\/v2\/types\/product"}],"replies":[{"embeddable":true,"href":"https:\/\/jacekplacek.com.pl\/fr\/wp-json\/wp\/v2\/comments?post=9837"}],"wp:featuredmedia":[{"embeddable":true,"href":"https:\/\/jacekplacek.com.pl\/fr\/wp-json\/wp\/v2\/media\/9886"}],"wp:attachment":[{"href":"https:\/\/jacekplacek.com.pl\/fr\/wp-json\/wp\/v2\/media?parent=9837"}],"wp:term":[{"taxonomy":"product_brand","embeddable":true,"href":"https:\/\/jacekplacek.com.pl\/fr\/wp-json\/wp\/v2\/product_brand?post=9837"},{"taxonomy":"product_cat","embeddable":true,"href":"https:\/\/jacekplacek.com.pl\/fr\/wp-json\/wp\/v2\/product_cat?post=9837"},{"taxonomy":"product_tag","embeddable":true,"href":"https:\/\/jacekplacek.com.pl\/fr\/wp-json\/wp\/v2\/product_tag?post=9837"}],"curies":[{"name":"wp","href":"https:\/\/api.w.org\/{rel}","templated":true}]}}