{"id":9744,"date":"2023-06-28T12:29:08","date_gmt":"2023-06-28T10:29:08","guid":{"rendered":"https:\/\/jacekplacek.com.pl\/?post_type=product&#038;p=9744"},"modified":"2025-11-18T18:28:47","modified_gmt":"2025-11-18T17:28:47","slug":"mini-gateau-oreo-3-pieces","status":"publish","type":"product","link":"https:\/\/jacekplacek.com.pl\/fr\/magasin\/torty_i_desery\/mini-desserts-pour-le-cafe\/mini-gateau-oreo-3-pieces\/","title":{"rendered":"Mini g\u00e2teau Oreo, 3 pi\u00e8ces"},"content":{"rendered":"<p><b>Notre g\u00e2teau Oreo est un voyage gustatif au pays du chocolat au lait.<\/b><\/p>\n<p><span style=\"font-weight: 400;\">C&#039;est une combinaison du go\u00fbt intense du chocolat au lait avec des morceaux de biscuits croquants qui raviront votre palais.\u00a0<\/span><\/p>\n<p><b>C&#039;est le choix parfait pour les amateurs de classiques et ceux qui souhaitent de nouvelles exp\u00e9riences gustatives. Offrez-vous un plaisir paradisiaque sous la forme d&#039;un g\u00e2teau Oreo\u00a0!<\/b><\/p>\n<p>Dessert non seulement pour les tables \u00e9l\u00e9gantes - parfait pour c\u00e9l\u00e9brer les jours de f\u00eate, les anniversaires ou d&#039;autres c\u00e9l\u00e9brations \u00e0 la maison ou au travail...<\/p>\n<p>Produit disponible en\u00a0<strong>3 pi\u00e8ces dans un emballage collectif (3 pi\u00e8ces environ 435g).<\/strong><\/p>","protected":false},"excerpt":{"rendered":"<p>Un choix id\u00e9al pour les amateurs de classiques et ceux qui souhaitent de nouvelles exp\u00e9riences gustatives. Offrez-vous un plaisir paradisiaque sous la forme d&#039;un g\u00e2teau Oreo\u00a0!<\/p>\n<p>Produit disponible en\u00a0<strong>3 pi\u00e8ces dans un emballage collectif (3 pi\u00e8ces environ 435g).<\/strong><\/p>","protected":false},"featured_media":11329,"comment_status":"closed","ping_status":"closed","template":"","meta":{"content-type":""},"product_brand":[],"product_cat":[723],"product_tag":[444,442,446,445,291,450,447,448],"class_list":{"0":"post-9744","1":"product","2":"type-product","3":"status-publish","4":"has-post-thumbnail","6":"product_cat-mini-desery-do-kawiarni","7":"product_tag-cukiernia-jacek-placek","8":"product_tag-deser-jednoporcjowy","9":"product_tag-jacek-placek-gdansk","10":"product_tag-jacek-placek-gowino","11":"product_tag-tort-malinowy","12":"product_tag-tort-mini","13":"product_tag-tort-red-velvet","14":"product_tag-tort-z-mascarpone","16":"entry","17":"has-media","19":"first","20":"instock","21":"shipping-taxable","22":"product-type-simple","23":"has-product-nav","24":"col","25":"span_1_of_4","26":"owp-content-center","27":"owp-thumbs-layout-horizontal","28":"owp-btn-normal","29":"owp-tabs-layout-horizontal"},"acf":[],"_links":{"self":[{"href":"https:\/\/jacekplacek.com.pl\/fr\/wp-json\/wp\/v2\/product\/9744","targetHints":{"allow":["GET"]}}],"collection":[{"href":"https:\/\/jacekplacek.com.pl\/fr\/wp-json\/wp\/v2\/product"}],"about":[{"href":"https:\/\/jacekplacek.com.pl\/fr\/wp-json\/wp\/v2\/types\/product"}],"replies":[{"embeddable":true,"href":"https:\/\/jacekplacek.com.pl\/fr\/wp-json\/wp\/v2\/comments?post=9744"}],"wp:featuredmedia":[{"embeddable":true,"href":"https:\/\/jacekplacek.com.pl\/fr\/wp-json\/wp\/v2\/media\/11329"}],"wp:attachment":[{"href":"https:\/\/jacekplacek.com.pl\/fr\/wp-json\/wp\/v2\/media?parent=9744"}],"wp:term":[{"taxonomy":"product_brand","embeddable":true,"href":"https:\/\/jacekplacek.com.pl\/fr\/wp-json\/wp\/v2\/product_brand?post=9744"},{"taxonomy":"product_cat","embeddable":true,"href":"https:\/\/jacekplacek.com.pl\/fr\/wp-json\/wp\/v2\/product_cat?post=9744"},{"taxonomy":"product_tag","embeddable":true,"href":"https:\/\/jacekplacek.com.pl\/fr\/wp-json\/wp\/v2\/product_tag?post=9744"}],"curies":[{"name":"wp","href":"https:\/\/api.w.org\/{rel}","templated":true}]}}