{"id":9742,"date":"2023-06-28T12:28:56","date_gmt":"2023-06-28T10:28:56","guid":{"rendered":"https:\/\/jacekplacek.com.pl\/?post_type=product&#038;p=9742"},"modified":"2025-11-18T18:28:47","modified_gmt":"2025-11-18T17:28:47","slug":"mini-bueno-cake-3-pieces","status":"publish","type":"product","link":"https:\/\/jacekplacek.com.pl\/fr\/magasin\/torty_i_desery\/mini-desserts-pour-le-cafe\/mini-bueno-cake-3-pieces\/","title":{"rendered":"Mini g\u00e2teau Bueno, 3 pi\u00e8ces"},"content":{"rendered":"<p><strong>Nous vous pr\u00e9sentons le Bueno Cake - une combinaison de d\u00e9licate cr\u00e8me au chocolat blanc et de noisettes croquantes. <\/strong><\/p>\n<p><span style=\"font-weight: 400;\">Notre version de ce g\u00e2teau populaire est un v\u00e9ritable r\u00e9gal pour le palais. Qu\u2019est-ce qui le distingue ? Le fait qu\u2019il ne soit pas trop sucr\u00e9 en fait une option id\u00e9ale pour les enfants qui aiment cette composition unique de saveurs. <strong>Nous vous invitons \u00e0 notre confiserie pour d\u00e9couvrir pourquoi le Bueno Cake est devenu le dessert pr\u00e9f\u00e9r\u00e9 de nombreux gourmets !<\/strong><\/span><\/p>\n<p>Dessert non seulement pour les tables \u00e9l\u00e9gantes - parfait pour c\u00e9l\u00e9brer les jours de f\u00eate, les anniversaires ou d&#039;autres c\u00e9l\u00e9brations \u00e0 la maison ou au travail...<\/p>\n<p>Produit disponible en\u00a0<strong>3 pi\u00e8ces dans un emballage collectif (3 pi\u00e8ces environ 420g).<\/strong><\/p>","protected":false},"excerpt":{"rendered":"<p><span style=\"font-weight: 400;\">Nous vous invitons \u00e0 notre confiserie pour d\u00e9couvrir pourquoi le Bueno Cake est devenu le dessert pr\u00e9f\u00e9r\u00e9 de nombreux gourmets !<\/span><\/p>\n<p>Produit disponible en\u00a0<strong>3 pi\u00e8ces dans un emballage collectif (3 pi\u00e8ces environ 420g).<\/strong><\/p>","protected":false},"featured_media":11421,"comment_status":"closed","ping_status":"closed","template":"","meta":{"content-type":""},"product_brand":[],"product_cat":[723],"product_tag":[444,442,446,445,291,450,447,448],"class_list":{"0":"post-9742","1":"product","2":"type-product","3":"status-publish","4":"has-post-thumbnail","6":"product_cat-mini-desery-do-kawiarni","7":"product_tag-cukiernia-jacek-placek","8":"product_tag-deser-jednoporcjowy","9":"product_tag-jacek-placek-gdansk","10":"product_tag-jacek-placek-gowino","11":"product_tag-tort-malinowy","12":"product_tag-tort-mini","13":"product_tag-tort-red-velvet","14":"product_tag-tort-z-mascarpone","16":"entry","17":"has-media","19":"first","20":"instock","21":"shipping-taxable","22":"product-type-simple","23":"has-product-nav","24":"col","25":"span_1_of_4","26":"owp-content-center","27":"owp-thumbs-layout-horizontal","28":"owp-btn-normal","29":"owp-tabs-layout-horizontal"},"acf":[],"_links":{"self":[{"href":"https:\/\/jacekplacek.com.pl\/fr\/wp-json\/wp\/v2\/product\/9742","targetHints":{"allow":["GET"]}}],"collection":[{"href":"https:\/\/jacekplacek.com.pl\/fr\/wp-json\/wp\/v2\/product"}],"about":[{"href":"https:\/\/jacekplacek.com.pl\/fr\/wp-json\/wp\/v2\/types\/product"}],"replies":[{"embeddable":true,"href":"https:\/\/jacekplacek.com.pl\/fr\/wp-json\/wp\/v2\/comments?post=9742"}],"wp:featuredmedia":[{"embeddable":true,"href":"https:\/\/jacekplacek.com.pl\/fr\/wp-json\/wp\/v2\/media\/11421"}],"wp:attachment":[{"href":"https:\/\/jacekplacek.com.pl\/fr\/wp-json\/wp\/v2\/media?parent=9742"}],"wp:term":[{"taxonomy":"product_brand","embeddable":true,"href":"https:\/\/jacekplacek.com.pl\/fr\/wp-json\/wp\/v2\/product_brand?post=9742"},{"taxonomy":"product_cat","embeddable":true,"href":"https:\/\/jacekplacek.com.pl\/fr\/wp-json\/wp\/v2\/product_cat?post=9742"},{"taxonomy":"product_tag","embeddable":true,"href":"https:\/\/jacekplacek.com.pl\/fr\/wp-json\/wp\/v2\/product_tag?post=9742"}],"curies":[{"name":"wp","href":"https:\/\/api.w.org\/{rel}","templated":true}]}}