{"id":9560,"date":"2023-06-12T12:08:26","date_gmt":"2023-06-12T10:08:26","guid":{"rendered":"https:\/\/jacekplacek.com.pl\/?post_type=product&#038;p=9560"},"modified":"2025-11-18T18:28:46","modified_gmt":"2025-11-18T17:28:46","slug":"nano-biscuit-framboise-au-sucre-de-bouleau-xylitol-6-pieces","status":"publish","type":"product","link":"https:\/\/jacekplacek.com.pl\/fr\/magasin\/torty_i_desery\/monoporcje-na-catering\/nano-biscuit-framboise-au-sucre-de-bouleau-xylitol-6-pieces\/","title":{"rendered":"Nano cake framboise au sucre de bouleau - xylitol, 6 pi\u00e8ces"},"content":{"rendered":"<p>Dessert non seulement pour les tables \u00e9l\u00e9gantes - parfait pour c\u00e9l\u00e9brer les jours de f\u00eate, les anniversaires ou d&#039;autres c\u00e9l\u00e9brations \u00e0 la maison ou au travail...<\/p>\n<p>Aimez-vous les desserts glac\u00e9s cr\u00e9meux et cette texture de mousse caract\u00e9ristique\u00a0? Vous pouvez maintenant profiter du go\u00fbt fruit\u00e9 et cr\u00e9meux du g\u00e2teau au fromage froid, qui ne contient pas de sucre traditionnel. Nous l&#039;avons remplac\u00e9\u00a0<strong>sucre de bouleau \u2013 xylitol<\/strong>. Le xylitol a beaucoup<strong>\u00a0index glyc\u00e9mique bas<\/strong>, le rendant s\u00fbr pour les personnes souffrant de\u00a0<strong>diab\u00e8te<\/strong>\u00a0et volontairement utilis\u00e9 dans l&#039;alimentation pour<strong>\u00a0les diab\u00e9tiques<\/strong>.<\/p>\n<p>Si vous souhaitez commander d&#039;autres g\u00e2teaux au sucre de bouleau au lieu du traditionnel, nous vous encourageons \u00e0\u00a0<strong><a href=\"https:\/\/jacekplacek.com.pl\/fr\/contact\/\" target=\"_blank\" rel=\"noopener\">contact<\/a>\u00a0<\/strong>avec le service production.<\/p>\n<p>Produit disponible en <strong>emballage collectif 6 pi\u00e8ces (1 pi\u00e8ce d&#039;environ 50g).<\/strong><\/p>","protected":false},"excerpt":{"rendered":"<p>Cheesecake froid au sucre de bouleau - une base de biscuits d&#039;\u00e9peautre au xylitol, masse de fromage au mascarpone et framboises, agr\u00e9ment\u00e9 d&#039;une couche de gel\u00e9e de framboise.<\/p>\n<p>Produit disponible en <strong>emballage collectif 6 pi\u00e8ces (1 pi\u00e8ce d&#039;environ 50g).<\/strong><\/p>","protected":false},"featured_media":11484,"comment_status":"closed","ping_status":"closed","template":"","meta":{"content-type":""},"product_brand":[],"product_cat":[693],"product_tag":[720,721,551,539,697,719,701],"class_list":{"0":"post-9560","1":"product","2":"type-product","3":"status-publish","4":"has-post-thumbnail","6":"product_cat-monoporcje-na-catering","7":"product_tag-catering-impreza","8":"product_tag-catering-urodziny","9":"product_tag-cukier-brzozowy","10":"product_tag-ksylitol","11":"product_tag-mini-deser","12":"product_tag-mini-porcje","13":"product_tag-nano-deser","15":"entry","16":"has-media","18":"first","19":"instock","20":"shipping-taxable","21":"product-type-simple","22":"has-product-nav","23":"col","24":"span_1_of_4","25":"owp-content-center","26":"owp-thumbs-layout-horizontal","27":"owp-btn-normal","28":"owp-tabs-layout-horizontal"},"acf":[],"_links":{"self":[{"href":"https:\/\/jacekplacek.com.pl\/fr\/wp-json\/wp\/v2\/product\/9560","targetHints":{"allow":["GET"]}}],"collection":[{"href":"https:\/\/jacekplacek.com.pl\/fr\/wp-json\/wp\/v2\/product"}],"about":[{"href":"https:\/\/jacekplacek.com.pl\/fr\/wp-json\/wp\/v2\/types\/product"}],"replies":[{"embeddable":true,"href":"https:\/\/jacekplacek.com.pl\/fr\/wp-json\/wp\/v2\/comments?post=9560"}],"wp:featuredmedia":[{"embeddable":true,"href":"https:\/\/jacekplacek.com.pl\/fr\/wp-json\/wp\/v2\/media\/11484"}],"wp:attachment":[{"href":"https:\/\/jacekplacek.com.pl\/fr\/wp-json\/wp\/v2\/media?parent=9560"}],"wp:term":[{"taxonomy":"product_brand","embeddable":true,"href":"https:\/\/jacekplacek.com.pl\/fr\/wp-json\/wp\/v2\/product_brand?post=9560"},{"taxonomy":"product_cat","embeddable":true,"href":"https:\/\/jacekplacek.com.pl\/fr\/wp-json\/wp\/v2\/product_cat?post=9560"},{"taxonomy":"product_tag","embeddable":true,"href":"https:\/\/jacekplacek.com.pl\/fr\/wp-json\/wp\/v2\/product_tag?post=9560"}],"curies":[{"name":"wp","href":"https:\/\/api.w.org\/{rel}","templated":true}]}}