{"id":9531,"date":"2023-06-12T11:06:13","date_gmt":"2023-06-12T09:06:13","guid":{"rendered":"https:\/\/jacekplacek.com.pl\/?post_type=product&#038;p=9531"},"modified":"2025-11-18T18:28:46","modified_gmt":"2025-11-18T17:28:46","slug":"nano-rouge-velours","status":"publish","type":"product","link":"https:\/\/jacekplacek.com.pl\/fr\/magasin\/torty_i_desery\/monoporcje-na-catering\/nano-rouge-velours\/","title":{"rendered":"G\u00e2teau Nano Red Velvet, 6 pi\u00e8ces"},"content":{"rendered":"<p><b>Nous vous invitons \u00e0 essayer notre nano Red Velvet Cake phare, un dessert classique avec une nouvelle touche.<\/b><\/p>\n<p><b>Notre g\u00e2teau est non seulement app\u00e9tissant, mais aussi sain car nous \u00e9vitons les additifs artificiels en utilisant un colorant naturel au lycop\u00e8ne obtenu \u00e0 partir de tomates.<\/b><span style=\"font-weight: 400;\"> Nous remplissons l&#039;int\u00e9rieur du g\u00e2teau de d\u00e9licieuse cr\u00e8me de mascarpone et de confiture de framboise, ce qui lui donne un go\u00fbt unique. Constatez par vous-m\u00eame que le go\u00fbt traditionnel peut aller de pair avec l\u2019attention port\u00e9e \u00e0 la qualit\u00e9 des ingr\u00e9dients.<\/span><\/p>\n<p>Dessert non seulement pour les tables \u00e9l\u00e9gantes - parfait pour c\u00e9l\u00e9brer les jours de f\u00eate, les anniversaires ou d&#039;autres c\u00e9l\u00e9brations \u00e0 la maison ou au travail...<\/p>\n<p>Produit disponible en\u00a0<strong>emballage collectif 6 pi\u00e8ces (1 pi\u00e8ce env. 70g).<\/strong><\/p>","protected":false},"excerpt":{"rendered":"<p><span style=\"font-weight: 400;\">Notre g\u00e2teau phare Red Velvet - un dessert classique avec une nouvelle touche. Constatez par vous-m\u00eame que le go\u00fbt traditionnel peut aller de pair avec l\u2019attention port\u00e9e \u00e0 la qualit\u00e9 des ingr\u00e9dients.<\/span><\/p>\n<p>Produit disponible en <strong>emballage collectif 6 pi\u00e8ces (1 pi\u00e8ce env. 70g).<\/strong><\/p>","protected":false},"featured_media":11359,"comment_status":"closed","ping_status":"closed","template":"","meta":{"content-type":""},"product_brand":[],"product_cat":[693],"product_tag":[697,696,336,447],"class_list":{"0":"post-9531","1":"product","2":"type-product","3":"status-publish","4":"has-post-thumbnail","6":"product_cat-monoporcje-na-catering","7":"product_tag-mini-deser","8":"product_tag-nano","9":"product_tag-red-velvet","10":"product_tag-tort-red-velvet","12":"entry","13":"has-media","15":"first","16":"instock","17":"shipping-taxable","18":"product-type-simple","19":"has-product-nav","20":"col","21":"span_1_of_4","22":"owp-content-center","23":"owp-thumbs-layout-horizontal","24":"owp-btn-normal","25":"owp-tabs-layout-horizontal"},"acf":[],"_links":{"self":[{"href":"https:\/\/jacekplacek.com.pl\/fr\/wp-json\/wp\/v2\/product\/9531","targetHints":{"allow":["GET"]}}],"collection":[{"href":"https:\/\/jacekplacek.com.pl\/fr\/wp-json\/wp\/v2\/product"}],"about":[{"href":"https:\/\/jacekplacek.com.pl\/fr\/wp-json\/wp\/v2\/types\/product"}],"replies":[{"embeddable":true,"href":"https:\/\/jacekplacek.com.pl\/fr\/wp-json\/wp\/v2\/comments?post=9531"}],"wp:featuredmedia":[{"embeddable":true,"href":"https:\/\/jacekplacek.com.pl\/fr\/wp-json\/wp\/v2\/media\/11359"}],"wp:attachment":[{"href":"https:\/\/jacekplacek.com.pl\/fr\/wp-json\/wp\/v2\/media?parent=9531"}],"wp:term":[{"taxonomy":"product_brand","embeddable":true,"href":"https:\/\/jacekplacek.com.pl\/fr\/wp-json\/wp\/v2\/product_brand?post=9531"},{"taxonomy":"product_cat","embeddable":true,"href":"https:\/\/jacekplacek.com.pl\/fr\/wp-json\/wp\/v2\/product_cat?post=9531"},{"taxonomy":"product_tag","embeddable":true,"href":"https:\/\/jacekplacek.com.pl\/fr\/wp-json\/wp\/v2\/product_tag?post=9531"}],"curies":[{"name":"wp","href":"https:\/\/api.w.org\/{rel}","templated":true}]}}