{"id":6908,"date":"2022-06-23T09:21:33","date_gmt":"2022-06-23T07:21:33","guid":{"rendered":"https:\/\/jacekplacek.com.pl\/?post_type=product&#038;p=6908"},"modified":"2025-11-18T18:27:31","modified_gmt":"2025-11-18T17:27:31","slug":"cheesecake-froid-au-sucre-de-bouleau","status":"publish","type":"product","link":"https:\/\/jacekplacek.com.pl\/fr\/magasin\/tous-les-cheesecakes\/cheesecakes-froids\/cheesecake-froid-au-sucre-de-bouleau\/","title":{"rendered":"G\u00e2teau aux framboises au sucre de bouleau - xylitol"},"content":{"rendered":"<p><span style=\"font-size: 16px;\">Aimez-vous les desserts glac\u00e9s cr\u00e9meux et cette texture de mousse caract\u00e9ristique\u00a0? Vous pouvez maintenant profiter du go\u00fbt fruit\u00e9 et cr\u00e9meux du g\u00e2teau au fromage froid, qui ne contient pas de sucre traditionnel. Nous l&#039;avons remplac\u00e9 <strong>sucre de bouleau - xylitol, qui<\/strong>\u00a0a beaucoup<strong> faible indice glyc\u00e9mique.<\/strong><\/span><\/p>\n<p><span style=\"font-weight: 400;\">(La plante utilise : de la farine, des \u0153ufs, des fruits \u00e0 coque, du s\u00e9same et du lait. Par cons\u00e9quent, chaque produit peut contenir des traces des allerg\u00e8nes mentionn\u00e9s, m\u00eame s&#039;ils ne sont pas pr\u00e9cis\u00e9s dans la description et la liste des ingr\u00e9dients.)<\/span><\/p>","protected":false},"excerpt":{"rendered":"<p><span style=\"font-weight: 400;\">Cheesecake froid au sucre de bouleau - une base de biscuits d&#039;\u00e9peautre au xylitol, masse de fromage au mascarpone et framboises, agr\u00e9ment\u00e9 d&#039;une couche de gel\u00e9e de framboise.<\/span><\/p>","protected":false},"featured_media":11449,"comment_status":"closed","ping_status":"closed","template":"","meta":{"content-type":""},"product_brand":[],"product_cat":[76,534],"product_tag":[551,444,553,552,446,445,449,539,198,135],"class_list":{"0":"post-6908","1":"product","2":"type-product","3":"status-publish","4":"has-post-thumbnail","6":"product_cat-serniki-na-zimno","7":"product_cat-ciasta-weganskie-i-keto","8":"product_tag-cukier-brzozowy","9":"product_tag-cukiernia-jacek-placek","10":"product_tag-dla-cukrzykow","11":"product_tag-dla-diabetykow","12":"product_tag-jacek-placek-gdansk","13":"product_tag-jacek-placek-gowino","14":"product_tag-jacek-placek-sopot","15":"product_tag-ksylitol","16":"product_tag-malinowa-poezja","17":"product_tag-sernik-na-zimno","19":"entry","20":"has-media","22":"first","23":"instock","24":"shipping-taxable","25":"product-type-variable","26":"has-product-nav","27":"col","28":"span_1_of_4","29":"owp-content-center","30":"owp-thumbs-layout-horizontal","31":"owp-btn-normal","32":"owp-tabs-layout-horizontal"},"acf":[],"_links":{"self":[{"href":"https:\/\/jacekplacek.com.pl\/fr\/wp-json\/wp\/v2\/product\/6908","targetHints":{"allow":["GET"]}}],"collection":[{"href":"https:\/\/jacekplacek.com.pl\/fr\/wp-json\/wp\/v2\/product"}],"about":[{"href":"https:\/\/jacekplacek.com.pl\/fr\/wp-json\/wp\/v2\/types\/product"}],"replies":[{"embeddable":true,"href":"https:\/\/jacekplacek.com.pl\/fr\/wp-json\/wp\/v2\/comments?post=6908"}],"wp:featuredmedia":[{"embeddable":true,"href":"https:\/\/jacekplacek.com.pl\/fr\/wp-json\/wp\/v2\/media\/11449"}],"wp:attachment":[{"href":"https:\/\/jacekplacek.com.pl\/fr\/wp-json\/wp\/v2\/media?parent=6908"}],"wp:term":[{"taxonomy":"product_brand","embeddable":true,"href":"https:\/\/jacekplacek.com.pl\/fr\/wp-json\/wp\/v2\/product_brand?post=6908"},{"taxonomy":"product_cat","embeddable":true,"href":"https:\/\/jacekplacek.com.pl\/fr\/wp-json\/wp\/v2\/product_cat?post=6908"},{"taxonomy":"product_tag","embeddable":true,"href":"https:\/\/jacekplacek.com.pl\/fr\/wp-json\/wp\/v2\/product_tag?post=6908"}],"curies":[{"name":"wp","href":"https:\/\/api.w.org\/{rel}","templated":true}]}}