{"id":518,"date":"2020-11-25T13:22:42","date_gmt":"2020-11-25T12:22:42","guid":{"rendered":"https:\/\/jacekplacek.com.pl\/?post_type=product&#038;p=518"},"modified":"2025-11-18T18:31:05","modified_gmt":"2025-11-18T17:31:05","slug":"cheesecake-froid-a-la-cannelle-maison","status":"publish","type":"product","link":"https:\/\/jacekplacek.com.pl\/fr\/magasin\/tous-les-cheesecakes\/cheesecakes-froids\/cheesecake-froid-a-la-cannelle-maison\/","title":{"rendered":"G\u00e2teau au fromage \u00e0 la cannelle"},"content":{"rendered":"<p><strong>Aimez-vous les desserts glac\u00e9s cr\u00e9meux et cette texture de mousse caract\u00e9ristique\u00a0? Et s&#039;ils \u00e9taient accompagn\u00e9s d&#039;une chaude note \u00e9pic\u00e9e de cannelle pour le contraste ?<\/strong><\/p>\n<p><span style=\"font-weight: 400;\">Pour les amateurs de cheesecakes froids, nous d\u00e9dions plusieurs versions int\u00e9ressantes de ce dessert d\u00e9licat - d\u00e9couvrez-le <a href=\"https:\/\/jacekplacek.com.pl\/fr\/categorie-de-produit\/tous-les-cheesecakes\/cheesecakes-froids\/\" target=\"_blank\" rel=\"noopener\">ICI.<\/a><\/span><\/p>","protected":false},"excerpt":{"rendered":"<p><span data-sheets-root=\"1\">Base de p\u00e2te bris\u00e9e \u00e0 la cannelle, garniture au fromage cr\u00e9meux et saupoudr\u00e9e de cannelle.<\/span><\/p>","protected":false},"featured_media":8008,"comment_status":"closed","ping_status":"closed","template":"","meta":{"content-type":""},"product_brand":[],"product_cat":[76],"product_tag":[444,92,446,445,449,61,200,135],"class_list":{"0":"post-518","1":"product","2":"type-product","3":"status-publish","4":"has-post-thumbnail","6":"product_cat-serniki-na-zimno","7":"product_tag-cukiernia-jacek-placek","8":"product_tag-cynamon","9":"product_tag-jacek-placek-gdansk","10":"product_tag-jacek-placek-gowino","11":"product_tag-jacek-placek-sopot","12":"product_tag-sernik","13":"product_tag-sernik-cynamonowy","14":"product_tag-sernik-na-zimno","16":"entry","17":"has-media","19":"first","20":"instock","21":"shipping-taxable","22":"product-type-variable","23":"has-default-attributes","24":"has-product-nav","25":"col","26":"span_1_of_4","27":"owp-content-center","28":"owp-thumbs-layout-horizontal","29":"owp-btn-normal","30":"owp-tabs-layout-horizontal"},"acf":[],"_links":{"self":[{"href":"https:\/\/jacekplacek.com.pl\/fr\/wp-json\/wp\/v2\/product\/518","targetHints":{"allow":["GET"]}}],"collection":[{"href":"https:\/\/jacekplacek.com.pl\/fr\/wp-json\/wp\/v2\/product"}],"about":[{"href":"https:\/\/jacekplacek.com.pl\/fr\/wp-json\/wp\/v2\/types\/product"}],"replies":[{"embeddable":true,"href":"https:\/\/jacekplacek.com.pl\/fr\/wp-json\/wp\/v2\/comments?post=518"}],"wp:featuredmedia":[{"embeddable":true,"href":"https:\/\/jacekplacek.com.pl\/fr\/wp-json\/wp\/v2\/media\/8008"}],"wp:attachment":[{"href":"https:\/\/jacekplacek.com.pl\/fr\/wp-json\/wp\/v2\/media?parent=518"}],"wp:term":[{"taxonomy":"product_brand","embeddable":true,"href":"https:\/\/jacekplacek.com.pl\/fr\/wp-json\/wp\/v2\/product_brand?post=518"},{"taxonomy":"product_cat","embeddable":true,"href":"https:\/\/jacekplacek.com.pl\/fr\/wp-json\/wp\/v2\/product_cat?post=518"},{"taxonomy":"product_tag","embeddable":true,"href":"https:\/\/jacekplacek.com.pl\/fr\/wp-json\/wp\/v2\/product_tag?post=518"}],"curies":[{"name":"wp","href":"https:\/\/api.w.org\/{rel}","templated":true}]}}