{"id":494,"date":"2020-11-25T13:02:16","date_gmt":"2020-11-25T12:02:16","guid":{"rendered":"https:\/\/jacekplacek.com.pl\/?post_type=product&#038;p=494"},"modified":"2025-11-18T18:31:05","modified_gmt":"2025-11-18T17:31:05","slug":"gateau-au-fromage-froid-aux-fruits","status":"publish","type":"product","link":"https:\/\/jacekplacek.com.pl\/fr\/magasin\/tous-les-cheesecakes\/cheesecakes-froids\/gateau-au-fromage-froid-aux-fruits\/","title":{"rendered":"G\u00e2teau au fromage froid aux fruits"},"content":{"rendered":"<h2><span style=\"font-size: 16px;\">Aimez-vous les desserts glac\u00e9s cr\u00e9meux et cette texture de mousse caract\u00e9ristique\u00a0? Et si une couche de gel\u00e9e avec de d\u00e9licieux morceaux de fruits ajoutait de l&#039;\u00e9lasticit\u00e9 ?<\/span><\/h2>\n<p><span style=\"font-weight: 400; font-size: 16px;\">Pour les amateurs de cheesecakes froids, nous d\u00e9dions plusieurs versions int\u00e9ressantes de ce dessert d\u00e9licat - d\u00e9couvrez-le <\/span><a style=\"font-weight: 400; font-size: 16px;\" href=\"https:\/\/jacekplacek.com.pl\/fr\/categorie-de-produit\/tous-les-cheesecakes\/cheesecakes-froids\/\" target=\"_blank\" rel=\"noopener\">ICI.<\/a><\/p>\n<div class=\"translate-tooltip-mtz hidden\">\n<div class=\"header\"><\/div>\n<\/div>","protected":false},"excerpt":{"rendered":"<p><span data-sheets-root=\"1\">Base de g\u00e2teau sabl\u00e9, garniture au fromage cr\u00e9meux et gel\u00e9e de fruits sur le dessus.<\/span><\/p>","protected":false},"featured_media":4675,"comment_status":"closed","ping_status":"closed","template":"","meta":{"content-type":""},"product_brand":[],"product_cat":[76],"product_tag":[444,446,445,449,136,61,135,471,138],"class_list":{"0":"post-494","1":"product","2":"type-product","3":"status-publish","4":"has-post-thumbnail","6":"product_cat-serniki-na-zimno","7":"product_tag-cukiernia-jacek-placek","8":"product_tag-jacek-placek-gdansk","9":"product_tag-jacek-placek-gowino","10":"product_tag-jacek-placek-sopot","11":"product_tag-na-zimno","12":"product_tag-sernik","13":"product_tag-sernik-na-zimno","14":"product_tag-sernik-na-zimno-z-galaretka","15":"product_tag-z-owocami","17":"entry","18":"has-media","20":"first","21":"instock","22":"shipping-taxable","23":"product-type-variable","24":"has-default-attributes","25":"has-product-nav","26":"col","27":"span_1_of_4","28":"owp-content-center","29":"owp-thumbs-layout-horizontal","30":"owp-btn-normal","31":"owp-tabs-layout-horizontal"},"acf":[],"_links":{"self":[{"href":"https:\/\/jacekplacek.com.pl\/fr\/wp-json\/wp\/v2\/product\/494","targetHints":{"allow":["GET"]}}],"collection":[{"href":"https:\/\/jacekplacek.com.pl\/fr\/wp-json\/wp\/v2\/product"}],"about":[{"href":"https:\/\/jacekplacek.com.pl\/fr\/wp-json\/wp\/v2\/types\/product"}],"replies":[{"embeddable":true,"href":"https:\/\/jacekplacek.com.pl\/fr\/wp-json\/wp\/v2\/comments?post=494"}],"wp:featuredmedia":[{"embeddable":true,"href":"https:\/\/jacekplacek.com.pl\/fr\/wp-json\/wp\/v2\/media\/4675"}],"wp:attachment":[{"href":"https:\/\/jacekplacek.com.pl\/fr\/wp-json\/wp\/v2\/media?parent=494"}],"wp:term":[{"taxonomy":"product_brand","embeddable":true,"href":"https:\/\/jacekplacek.com.pl\/fr\/wp-json\/wp\/v2\/product_brand?post=494"},{"taxonomy":"product_cat","embeddable":true,"href":"https:\/\/jacekplacek.com.pl\/fr\/wp-json\/wp\/v2\/product_cat?post=494"},{"taxonomy":"product_tag","embeddable":true,"href":"https:\/\/jacekplacek.com.pl\/fr\/wp-json\/wp\/v2\/product_tag?post=494"}],"curies":[{"name":"wp","href":"https:\/\/api.w.org\/{rel}","templated":true}]}}