{"id":485,"date":"2020-11-25T12:56:19","date_gmt":"2020-11-25T11:56:19","guid":{"rendered":"https:\/\/jacekplacek.com.pl\/?post_type=product&#038;p=485"},"modified":"2025-11-18T18:30:04","modified_gmt":"2025-11-18T17:30:04","slug":"cheesecake-et-gateau-aux-graines-de-pavot","status":"publish","type":"product","link":"https:\/\/jacekplacek.com.pl\/fr\/magasin\/tous-les-cheesecakes\/gateaux-au-fromage\/cheesecake-et-gateau-aux-graines-de-pavot\/","title":{"rendered":"Cheesecake-g\u00e2teau aux graines de pavot"},"content":{"rendered":"<p>Il existe des combinaisons parfaites en cuisine, comme la combinaison d&#039;un cheesecake et d&#039;un g\u00e2teau aux graines de pavot !<\/p>\n<p><span style=\"font-weight: 400;\">Assurez-vous de pr\u00e9voir une place pour ce g\u00e2teau simple mais unique dans votre menu des F\u00eates. Le cheesecake fait maison et le g\u00e2teau aux graines de pavot sont une d\u00e9licieuse masse de graines de pavot riche en fruits secs : raisins secs, noix et figues.<\/span><\/p>\n<p>Autres types de cheesecakes disponibles\u00a0<strong><a href=\"https:\/\/jacekplacek.com.pl\/fr\/categorie-de-produit\/tous-les-cheesecakes\/\" target=\"_blank\" rel=\"noopener\">ici.<\/a><\/strong><\/p>","protected":false},"excerpt":{"rendered":"<p>Une combinaison de fromage et de masse de graines de pavot avec des fruits secs et des noix sur une p\u00e2te bris\u00e9e.<\/p>","protected":false},"featured_media":8032,"comment_status":"closed","ping_status":"closed","template":"","meta":{"content-type":""},"product_brand":[],"product_cat":[60,81],"product_tag":[444,446,445,449,544,141,61,545],"class_list":{"0":"post-485","1":"product","2":"type-product","3":"status-publish","4":"has-post-thumbnail","6":"product_cat-serniki","7":"product_cat-babki-i-makowce","8":"product_tag-cukiernia-jacek-placek","9":"product_tag-jacek-placek-gdansk","10":"product_tag-jacek-placek-gowino","11":"product_tag-jacek-placek-sopot","12":"product_tag-kruche-ciasto","13":"product_tag-makowiec","14":"product_tag-sernik","15":"product_tag-serniko-makowiec","17":"entry","18":"has-media","20":"first","21":"instock","22":"shipping-taxable","23":"product-type-variable","24":"has-default-attributes","25":"has-product-nav","26":"col","27":"span_1_of_4","28":"owp-content-center","29":"owp-thumbs-layout-horizontal","30":"owp-btn-normal","31":"owp-tabs-layout-horizontal"},"acf":[],"_links":{"self":[{"href":"https:\/\/jacekplacek.com.pl\/fr\/wp-json\/wp\/v2\/product\/485","targetHints":{"allow":["GET"]}}],"collection":[{"href":"https:\/\/jacekplacek.com.pl\/fr\/wp-json\/wp\/v2\/product"}],"about":[{"href":"https:\/\/jacekplacek.com.pl\/fr\/wp-json\/wp\/v2\/types\/product"}],"replies":[{"embeddable":true,"href":"https:\/\/jacekplacek.com.pl\/fr\/wp-json\/wp\/v2\/comments?post=485"}],"wp:featuredmedia":[{"embeddable":true,"href":"https:\/\/jacekplacek.com.pl\/fr\/wp-json\/wp\/v2\/media\/8032"}],"wp:attachment":[{"href":"https:\/\/jacekplacek.com.pl\/fr\/wp-json\/wp\/v2\/media?parent=485"}],"wp:term":[{"taxonomy":"product_brand","embeddable":true,"href":"https:\/\/jacekplacek.com.pl\/fr\/wp-json\/wp\/v2\/product_brand?post=485"},{"taxonomy":"product_cat","embeddable":true,"href":"https:\/\/jacekplacek.com.pl\/fr\/wp-json\/wp\/v2\/product_cat?post=485"},{"taxonomy":"product_tag","embeddable":true,"href":"https:\/\/jacekplacek.com.pl\/fr\/wp-json\/wp\/v2\/product_tag?post=485"}],"curies":[{"name":"wp","href":"https:\/\/api.w.org\/{rel}","templated":true}]}}