{"id":460,"date":"2020-11-25T12:39:46","date_gmt":"2020-11-25T11:39:46","guid":{"rendered":"https:\/\/jacekplacek.com.pl\/?post_type=product&#038;p=460"},"modified":"2025-11-18T18:28:56","modified_gmt":"2025-11-18T17:28:56","slug":"cheesecake-snickers","status":"publish","type":"product","link":"https:\/\/jacekplacek.com.pl\/fr\/magasin\/tous-les-cheesecakes\/gateaux-au-fromage\/cheesecake-snickers\/","title":{"rendered":"g\u00e2teau au fromage snickers"},"content":{"rendered":"<p><strong>Un cheesecake presque comme une barre chocolat\u00e9e\u00a0! Topping caramel et noix, compos\u00e9 d&#039;un cheesecake moelleux et d&#039;une p\u00e2te bris\u00e9e au cacao.<\/strong><\/p>\n<p>Autres types de cheesecakes disponibles\u00a0<strong><a href=\"https:\/\/jacekplacek.com.pl\/fr\/categorie-de-produit\/tous-les-cheesecakes\/\" target=\"_blank\" rel=\"noopener\">ici.<\/a><\/strong><\/p>","protected":false},"excerpt":{"rendered":"<p><span data-sheets-root=\"1\">Cheesecake sur p\u00e2te bris\u00e9e avec cacao, garniture au caramel et cacahu\u00e8tes.<\/span><\/p>","protected":false},"featured_media":3329,"comment_status":"closed","ping_status":"closed","template":"","meta":{"content-type":""},"product_brand":[],"product_cat":[60],"product_tag":[444,446,445,449,192,61,191,190],"class_list":{"0":"post-460","1":"product","2":"type-product","3":"status-publish","4":"has-post-thumbnail","6":"product_cat-serniki","7":"product_tag-cukiernia-jacek-placek","8":"product_tag-jacek-placek-gdansk","9":"product_tag-jacek-placek-gowino","10":"product_tag-jacek-placek-sopot","11":"product_tag-orzechy-ziemne","12":"product_tag-sernik","13":"product_tag-snikers","14":"product_tag-toffi","16":"entry","17":"has-media","19":"first","20":"instock","21":"shipping-taxable","22":"product-type-variable","23":"has-default-attributes","24":"has-product-nav","25":"col","26":"span_1_of_4","27":"owp-content-center","28":"owp-thumbs-layout-horizontal","29":"owp-btn-normal","30":"owp-tabs-layout-horizontal"},"acf":[],"_links":{"self":[{"href":"https:\/\/jacekplacek.com.pl\/fr\/wp-json\/wp\/v2\/product\/460","targetHints":{"allow":["GET"]}}],"collection":[{"href":"https:\/\/jacekplacek.com.pl\/fr\/wp-json\/wp\/v2\/product"}],"about":[{"href":"https:\/\/jacekplacek.com.pl\/fr\/wp-json\/wp\/v2\/types\/product"}],"replies":[{"embeddable":true,"href":"https:\/\/jacekplacek.com.pl\/fr\/wp-json\/wp\/v2\/comments?post=460"}],"wp:featuredmedia":[{"embeddable":true,"href":"https:\/\/jacekplacek.com.pl\/fr\/wp-json\/wp\/v2\/media\/3329"}],"wp:attachment":[{"href":"https:\/\/jacekplacek.com.pl\/fr\/wp-json\/wp\/v2\/media?parent=460"}],"wp:term":[{"taxonomy":"product_brand","embeddable":true,"href":"https:\/\/jacekplacek.com.pl\/fr\/wp-json\/wp\/v2\/product_brand?post=460"},{"taxonomy":"product_cat","embeddable":true,"href":"https:\/\/jacekplacek.com.pl\/fr\/wp-json\/wp\/v2\/product_cat?post=460"},{"taxonomy":"product_tag","embeddable":true,"href":"https:\/\/jacekplacek.com.pl\/fr\/wp-json\/wp\/v2\/product_tag?post=460"}],"curies":[{"name":"wp","href":"https:\/\/api.w.org\/{rel}","templated":true}]}}