{"id":4516,"date":"2022-02-08T14:13:15","date_gmt":"2022-02-08T13:13:15","guid":{"rendered":"https:\/\/jacekplacek.com.pl\/?post_type=product&#038;p=4516"},"modified":"2025-11-18T18:27:21","modified_gmt":"2025-11-18T17:27:21","slug":"mini-cheesecake-a-la-cannelle","status":"publish","type":"product","link":"https:\/\/jacekplacek.com.pl\/fr\/magasin\/torty_i_desery\/mini-desserts-pour-le-cafe\/mini-cheesecake-a-la-cannelle\/","title":{"rendered":"Mini cheesecake \u00e0 la cannelle, 3 pi\u00e8ces"},"content":{"rendered":"<p><strong>Un d\u00e9lice pour ceux qui aiment les saveurs hivernales \u00e9pic\u00e9es : un mini cheesecake froid \u00e0 la cannelle ! Masse de fromage compos\u00e9e de la meilleure cr\u00e8me fouett\u00e9e et du vrai beurre, de d\u00e9licats biscuits \u00e0 la cannelle au fond, saupoudr\u00e9s de cannelle sur le dessus.<\/strong><\/p>\n<p>Diam\u00e8tre 7,5 cm, hauteur 4 cm.<\/p>\n<p>Produit disponible en <strong>3 pi\u00e8ces dans un emballage collectif (1 pi\u00e8ce environ 140g).<\/strong><\/p>","protected":false},"excerpt":{"rendered":"<p><span data-sheets-root=\"1\">Base de p\u00e2te bris\u00e9e \u00e0 la cannelle, garniture au fromage cr\u00e9meux et saupoudr\u00e9e de cannelle.<\/span><\/p>\n<p>Produit disponible en\u00a0<strong>3 pi\u00e8ces dans un emballage collectif (1 pi\u00e8ce environ 140g).<\/strong><\/p>","protected":false},"featured_media":11338,"comment_status":"closed","ping_status":"closed","template":"","meta":{"content-type":""},"product_brand":[],"product_cat":[723],"product_tag":[444,442,446,445,449,441,200,135],"class_list":{"0":"post-4516","1":"product","2":"type-product","3":"status-publish","4":"has-post-thumbnail","6":"product_cat-mini-desery-do-kawiarni","7":"product_tag-cukiernia-jacek-placek","8":"product_tag-deser-jednoporcjowy","9":"product_tag-jacek-placek-gdansk","10":"product_tag-jacek-placek-gowino","11":"product_tag-jacek-placek-sopot","12":"product_tag-mini-sernik","13":"product_tag-sernik-cynamonowy","14":"product_tag-sernik-na-zimno","16":"entry","17":"has-media","19":"first","20":"instock","21":"shipping-taxable","22":"product-type-simple","23":"has-product-nav","24":"col","25":"span_1_of_4","26":"owp-content-center","27":"owp-thumbs-layout-horizontal","28":"owp-btn-normal","29":"owp-tabs-layout-horizontal"},"acf":[],"_links":{"self":[{"href":"https:\/\/jacekplacek.com.pl\/fr\/wp-json\/wp\/v2\/product\/4516","targetHints":{"allow":["GET"]}}],"collection":[{"href":"https:\/\/jacekplacek.com.pl\/fr\/wp-json\/wp\/v2\/product"}],"about":[{"href":"https:\/\/jacekplacek.com.pl\/fr\/wp-json\/wp\/v2\/types\/product"}],"replies":[{"embeddable":true,"href":"https:\/\/jacekplacek.com.pl\/fr\/wp-json\/wp\/v2\/comments?post=4516"}],"wp:featuredmedia":[{"embeddable":true,"href":"https:\/\/jacekplacek.com.pl\/fr\/wp-json\/wp\/v2\/media\/11338"}],"wp:attachment":[{"href":"https:\/\/jacekplacek.com.pl\/fr\/wp-json\/wp\/v2\/media?parent=4516"}],"wp:term":[{"taxonomy":"product_brand","embeddable":true,"href":"https:\/\/jacekplacek.com.pl\/fr\/wp-json\/wp\/v2\/product_brand?post=4516"},{"taxonomy":"product_cat","embeddable":true,"href":"https:\/\/jacekplacek.com.pl\/fr\/wp-json\/wp\/v2\/product_cat?post=4516"},{"taxonomy":"product_tag","embeddable":true,"href":"https:\/\/jacekplacek.com.pl\/fr\/wp-json\/wp\/v2\/product_tag?post=4516"}],"curies":[{"name":"wp","href":"https:\/\/api.w.org\/{rel}","templated":true}]}}