{"id":4515,"date":"2022-02-08T14:15:05","date_gmt":"2022-02-08T13:15:05","guid":{"rendered":"https:\/\/jacekplacek.com.pl\/?post_type=product&#038;p=4515"},"modified":"2025-11-18T18:27:21","modified_gmt":"2025-11-18T17:27:21","slug":"mini-gateau-de-velours-rouge","status":"publish","type":"product","link":"https:\/\/jacekplacek.com.pl\/fr\/magasin\/torty_i_desery\/mini-desserts-pour-le-cafe\/mini-gateau-de-velours-rouge\/","title":{"rendered":"Mini g\u00e2teau Red Velvet, 3 pi\u00e8ces"},"content":{"rendered":"<p><b>Nous vous invitons \u00e0 essayer notre mini g\u00e2teau phare Red Velvet - un dessert classique avec une nouvelle touche.<\/b><\/p>\n<p><b>Notre g\u00e2teau est non seulement app\u00e9tissant, mais aussi sain car nous \u00e9vitons les additifs artificiels en utilisant un colorant naturel au lycop\u00e8ne obtenu \u00e0 partir de tomates.<\/b><span style=\"font-weight: 400;\"> Nous remplissons l&#039;int\u00e9rieur du g\u00e2teau de d\u00e9licieuse cr\u00e8me de mascarpone et de confiture de framboise, ce qui lui donne un go\u00fbt unique. Constatez par vous-m\u00eame que le go\u00fbt traditionnel peut aller de pair avec l\u2019attention port\u00e9e \u00e0 la qualit\u00e9 des ingr\u00e9dients.<\/span><\/p>\n<p>Dessert non seulement pour les tables \u00e9l\u00e9gantes - parfait pour c\u00e9l\u00e9brer les jours de f\u00eate, les anniversaires ou d&#039;autres c\u00e9l\u00e9brations \u00e0 la maison ou au travail...<\/p>\n<p>Produit disponible en\u00a0<strong>3 pi\u00e8ces dans un emballage collectif (3 pi\u00e8ces environ 450g).<\/strong><\/p>","protected":false},"excerpt":{"rendered":"<p><span style=\"font-weight: 400;\">Notre g\u00e2teau phare Red Velvet - un dessert classique avec une nouvelle touche. Constatez par vous-m\u00eame que le go\u00fbt traditionnel peut aller de pair avec l\u2019attention port\u00e9e \u00e0 la qualit\u00e9 des ingr\u00e9dients.<\/span><\/p>\n<p>Produit disponible en\u00a0<strong>3 pi\u00e8ces dans un emballage collectif (3 pi\u00e8ces environ 450g).<\/strong><\/p>","protected":false},"featured_media":11347,"comment_status":"closed","ping_status":"closed","template":"","meta":{"content-type":""},"product_brand":[],"product_cat":[723],"product_tag":[444,442,446,445,291,450,447,448],"class_list":{"0":"post-4515","1":"product","2":"type-product","3":"status-publish","4":"has-post-thumbnail","6":"product_cat-mini-desery-do-kawiarni","7":"product_tag-cukiernia-jacek-placek","8":"product_tag-deser-jednoporcjowy","9":"product_tag-jacek-placek-gdansk","10":"product_tag-jacek-placek-gowino","11":"product_tag-tort-malinowy","12":"product_tag-tort-mini","13":"product_tag-tort-red-velvet","14":"product_tag-tort-z-mascarpone","16":"entry","17":"has-media","19":"first","20":"instock","21":"shipping-taxable","22":"product-type-simple","23":"has-product-nav","24":"col","25":"span_1_of_4","26":"owp-content-center","27":"owp-thumbs-layout-horizontal","28":"owp-btn-normal","29":"owp-tabs-layout-horizontal"},"acf":[],"_links":{"self":[{"href":"https:\/\/jacekplacek.com.pl\/fr\/wp-json\/wp\/v2\/product\/4515","targetHints":{"allow":["GET"]}}],"collection":[{"href":"https:\/\/jacekplacek.com.pl\/fr\/wp-json\/wp\/v2\/product"}],"about":[{"href":"https:\/\/jacekplacek.com.pl\/fr\/wp-json\/wp\/v2\/types\/product"}],"replies":[{"embeddable":true,"href":"https:\/\/jacekplacek.com.pl\/fr\/wp-json\/wp\/v2\/comments?post=4515"}],"wp:featuredmedia":[{"embeddable":true,"href":"https:\/\/jacekplacek.com.pl\/fr\/wp-json\/wp\/v2\/media\/11347"}],"wp:attachment":[{"href":"https:\/\/jacekplacek.com.pl\/fr\/wp-json\/wp\/v2\/media?parent=4515"}],"wp:term":[{"taxonomy":"product_brand","embeddable":true,"href":"https:\/\/jacekplacek.com.pl\/fr\/wp-json\/wp\/v2\/product_brand?post=4515"},{"taxonomy":"product_cat","embeddable":true,"href":"https:\/\/jacekplacek.com.pl\/fr\/wp-json\/wp\/v2\/product_cat?post=4515"},{"taxonomy":"product_tag","embeddable":true,"href":"https:\/\/jacekplacek.com.pl\/fr\/wp-json\/wp\/v2\/product_tag?post=4515"}],"curies":[{"name":"wp","href":"https:\/\/api.w.org\/{rel}","templated":true}]}}