{"id":442,"date":"2020-11-25T11:44:35","date_gmt":"2020-11-25T10:44:35","guid":{"rendered":"https:\/\/jacekplacek.com.pl\/?post_type=product&#038;p=442"},"modified":"2025-11-18T18:28:52","modified_gmt":"2025-11-18T17:28:52","slug":"cheesecake-rosee","status":"publish","type":"product","link":"https:\/\/jacekplacek.com.pl\/fr\/magasin\/tous-les-cheesecakes\/gateaux-au-fromage\/cheesecake-rosee\/","title":{"rendered":"G\u00e2teau au fromage Rosa"},"content":{"rendered":"<p><strong>Le fond du g\u00e2teau est constitu\u00e9 d&#039;une p\u00e2te bris\u00e9e l\u00e9g\u00e8re, avec une garniture au fromage moelleuse et de la meringue sur le dessus.<\/strong><\/p>\n<p>Cheesecake sans raisins secs.<\/p>\n<p>Autres types de cheesecakes disponibles\u00a0<strong><a href=\"https:\/\/jacekplacek.com.pl\/fr\/categorie-de-produit\/tous-les-cheesecakes\/\" target=\"_blank\" rel=\"noopener\">ici.<\/a><\/strong><\/p>","protected":false},"excerpt":{"rendered":"<p>Base l\u00e9g\u00e8re et croustillante, masse de fromage moelleuse sans raisins secs, recouverte d&#039;une meringue l\u00e9g\u00e8re aux blancs d&#039;\u0153ufs. Un dessert d\u00e9licat parfait pour toutes les occasions.<\/p>","protected":false},"featured_media":3319,"comment_status":"closed","ping_status":"closed","template":"","meta":{"content-type":""},"product_brand":[],"product_cat":[60],"product_tag":[129,65,444,63,446,445,449,188,61,189],"class_list":{"0":"post-442","1":"product","2":"type-product","3":"status-publish","4":"has-post-thumbnail","6":"product_cat-serniki","7":"product_tag-beza","8":"product_tag-ciasto-kruche","9":"product_tag-cukiernia-jacek-placek","10":"product_tag-deser","11":"product_tag-jacek-placek-gdansk","12":"product_tag-jacek-placek-gowino","13":"product_tag-jacek-placek-sopot","14":"product_tag-rosa","15":"product_tag-sernik","16":"product_tag-sernik-rosa","18":"entry","19":"has-media","21":"first","22":"instock","23":"shipping-taxable","24":"product-type-variable","25":"has-default-attributes","26":"has-product-nav","27":"col","28":"span_1_of_4","29":"owp-content-center","30":"owp-thumbs-layout-horizontal","31":"owp-btn-normal","32":"owp-tabs-layout-horizontal"},"acf":[],"_links":{"self":[{"href":"https:\/\/jacekplacek.com.pl\/fr\/wp-json\/wp\/v2\/product\/442","targetHints":{"allow":["GET"]}}],"collection":[{"href":"https:\/\/jacekplacek.com.pl\/fr\/wp-json\/wp\/v2\/product"}],"about":[{"href":"https:\/\/jacekplacek.com.pl\/fr\/wp-json\/wp\/v2\/types\/product"}],"replies":[{"embeddable":true,"href":"https:\/\/jacekplacek.com.pl\/fr\/wp-json\/wp\/v2\/comments?post=442"}],"wp:featuredmedia":[{"embeddable":true,"href":"https:\/\/jacekplacek.com.pl\/fr\/wp-json\/wp\/v2\/media\/3319"}],"wp:attachment":[{"href":"https:\/\/jacekplacek.com.pl\/fr\/wp-json\/wp\/v2\/media?parent=442"}],"wp:term":[{"taxonomy":"product_brand","embeddable":true,"href":"https:\/\/jacekplacek.com.pl\/fr\/wp-json\/wp\/v2\/product_brand?post=442"},{"taxonomy":"product_cat","embeddable":true,"href":"https:\/\/jacekplacek.com.pl\/fr\/wp-json\/wp\/v2\/product_cat?post=442"},{"taxonomy":"product_tag","embeddable":true,"href":"https:\/\/jacekplacek.com.pl\/fr\/wp-json\/wp\/v2\/product_tag?post=442"}],"curies":[{"name":"wp","href":"https:\/\/api.w.org\/{rel}","templated":true}]}}