{"id":3997,"date":"2021-12-08T15:51:34","date_gmt":"2021-12-08T14:51:34","guid":{"rendered":"https:\/\/jacekplacek.com.pl\/?post_type=product&#038;p=3997"},"modified":"2025-11-18T18:27:20","modified_gmt":"2025-11-18T17:27:20","slug":"etoile-en-pain-depice","status":"publish","type":"product","link":"https:\/\/jacekplacek.com.pl\/fr\/magasin\/babki-i-makowce\/etoile-en-pain-depice\/","title":{"rendered":"\u00c9toile de pain d&#039;\u00e9pice"},"content":{"rendered":"<h1>Les vacances \u2013 un temps de tradition, de go\u00fbt et de moments en famille<\/h1>\n<p>No\u00ebl est une p\u00e9riode qui allie r\u00e9unions de famille, d\u00e9corations magiques et saveurs inoubliables. Les festins partag\u00e9s et les p\u00e2tisseries aromatiques font partie int\u00e9grante de ces journ\u00e9es sp\u00e9ciales.<\/p>\n<h2>Le pain d&#039;\u00e9pices, une tradition depuis des g\u00e9n\u00e9rations<\/h2>\n<p>Le pain d\u2019\u00e9pices est un produit de boulangerie dont l\u2019histoire riche remonte au Moyen \u00c2ge. Autrefois symbole de prosp\u00e9rit\u00e9, il est aujourd\u2019hui un \u00e9l\u00e9ment traditionnel de la table de No\u00ebl. Leur saveur unique provient d&#039;un m\u00e9lange d&#039;\u00e9pices qui leur conf\u00e8rent un ar\u00f4me distinctif qui s&#039;adapte parfaitement \u00e0 l&#039;ambiance de No\u00ebl.<\/p>\n<h2>Notre produit \u2013 Pain d&#039;\u00e9pices de No\u00ebl avec une citrouille en forme d&#039;\u00e9toile<\/h2>\n<p>Nous vous pr\u00e9sentons un pain d\u2019\u00e9pices unique en forme d\u2019\u00e9toile qui allie le go\u00fbt traditionnel \u00e0 une approche moderne de la p\u00e2tisserie. Ce g\u00e2teau \u00e9pic\u00e9 est enrichi de citrouille, de miel et de notre propre m\u00e9lange d&#039;\u00e9pices pour pain d&#039;\u00e9pices. Sa base, compos\u00e9e de farine de bl\u00e9 et de seigle, lui conf\u00e8re une structure d\u00e9licate, tandis que des additifs tels que l&#039;\u00e9corce d&#039;orange et les noix lui conf\u00e8rent une saveur distinctive. Le tout est recouvert d&#039;un gla\u00e7age au chocolat, ce qui en fait un choix id\u00e9al pour la table de No\u00ebl.<\/p>\n<p>&nbsp;<\/p>\n<h3>Des g\u00e2teaux inoubliables pendant les f\u00eates<\/h3>\n<p>La table des f\u00eates est domin\u00e9e par des produits de boulangerie classiques qui cr\u00e9ent la magie de No\u00ebl depuis des ann\u00e9es. Traditionnellement, ils apparaissent <strong>g\u00e2teaux aux graines de pavot<\/strong>, rempli de graines de pavot aromatiques et de fruits secs, et <strong>g\u00e2teaux au fromage<\/strong>, dont la consistance cr\u00e9meuse ravit les convives. Ils sont \u00e9galement populaires <strong>g\u00e2teaux riches en fruits secs<\/strong>, comme un g\u00e2teau aux fruits, plein de fruits secs et de noix.<\/p>\n<p>Ces derni\u00e8res ann\u00e9es, les tables de No\u00ebl sont de plus en plus fr\u00e9quent\u00e9es par <strong>g\u00e2teaux dans une \u00e9dition festive<\/strong> \u2013 d\u00e9cor\u00e9 de cr\u00e8me, de fruits ou de chocolat, alliant \u00e9l\u00e9gance et go\u00fbt traditionnel. C&#039;est un excellent choix pour ceux qui recherchent des produits de boulangerie modernes, id\u00e9aux pour les occasions sp\u00e9ciales. Les f\u00eates sont l\u2019occasion de savourer une vari\u00e9t\u00e9 de saveurs, \u00e0 la fois traditionnelles et nouvelles !<\/p>\n<p>Choisissez nos produits de boulangerie pour ajouter une saveur unique \u00e0 vos c\u00e9l\u00e9brations et profiter de moments avec vos proches. \ud83c\udf84<\/p>\n<p>Vous trouverez d&#039;autres suggestions pour No\u00ebl\u00a0<strong><a href=\"https:\/\/jacekplacek.com.pl\/fr\/categorie-de-produit\/noel\/\" target=\"_blank\" rel=\"noopener\">ici.<\/a><\/strong><\/p>\n<h3>Informations sur le produit :<\/h3>\n<ul>\n<li>Poids environ 150 g.<\/li>\n<li>Emballage : papier, film protecteur<\/li>\n<\/ul>\n<p>&nbsp;<\/p>","protected":false},"excerpt":{"rendered":"<h1>Pain d&#039;\u00e9pices de No\u00ebl avec une citrouille en forme d&#039;\u00e9toile<\/h1>\n<p>G\u00e2teau \u00e9pic\u00e9 \u00e0 la citrouille, au miel et \u00e0 notre propre m\u00e9lange d&#039;\u00e9pices pour pain d&#039;\u00e9pices, \u00e0 base de farine de bl\u00e9 et de seigle, enrichi d&#039;\u00e9corces d&#039;orange et de noix. Recouvert de gla\u00e7age au chocolat.<\/p>","protected":false},"featured_media":1706,"comment_status":"closed","ping_status":"closed","template":"","meta":{"content-type":""},"product_brand":[],"product_cat":[907,81],"product_tag":[664,99,444,96,437,446,445,449,91,95,98],"class_list":{"0":"post-3997","1":"product","2":"type-product","3":"status-publish","4":"has-post-thumbnail","6":"product_cat-ciasta-swiateczne","7":"product_cat-babki-i-makowce","8":"product_tag-ciasta-na-boze-narodzenie","9":"product_tag-ciasto-swiateczne","10":"product_tag-cukiernia-jacek-placek","11":"product_tag-dzem","12":"product_tag-gwiazdka","13":"product_tag-jacek-placek-gdansk","14":"product_tag-jacek-placek-gowino","15":"product_tag-jacek-placek-sopot","16":"product_tag-orzechy-wloskie","17":"product_tag-piernik","18":"product_tag-swieta","20":"entry","21":"has-media","23":"first","24":"instock","25":"shipping-taxable","26":"product-type-simple","27":"has-product-nav","28":"col","29":"span_1_of_4","30":"owp-content-center","31":"owp-thumbs-layout-horizontal","32":"owp-btn-normal","33":"owp-tabs-layout-horizontal","34":"has-no-thumbnails"},"acf":[],"_links":{"self":[{"href":"https:\/\/jacekplacek.com.pl\/fr\/wp-json\/wp\/v2\/product\/3997","targetHints":{"allow":["GET"]}}],"collection":[{"href":"https:\/\/jacekplacek.com.pl\/fr\/wp-json\/wp\/v2\/product"}],"about":[{"href":"https:\/\/jacekplacek.com.pl\/fr\/wp-json\/wp\/v2\/types\/product"}],"replies":[{"embeddable":true,"href":"https:\/\/jacekplacek.com.pl\/fr\/wp-json\/wp\/v2\/comments?post=3997"}],"wp:featuredmedia":[{"embeddable":true,"href":"https:\/\/jacekplacek.com.pl\/fr\/wp-json\/wp\/v2\/media\/1706"}],"wp:attachment":[{"href":"https:\/\/jacekplacek.com.pl\/fr\/wp-json\/wp\/v2\/media?parent=3997"}],"wp:term":[{"taxonomy":"product_brand","embeddable":true,"href":"https:\/\/jacekplacek.com.pl\/fr\/wp-json\/wp\/v2\/product_brand?post=3997"},{"taxonomy":"product_cat","embeddable":true,"href":"https:\/\/jacekplacek.com.pl\/fr\/wp-json\/wp\/v2\/product_cat?post=3997"},{"taxonomy":"product_tag","embeddable":true,"href":"https:\/\/jacekplacek.com.pl\/fr\/wp-json\/wp\/v2\/product_tag?post=3997"}],"curies":[{"name":"wp","href":"https:\/\/api.w.org\/{rel}","templated":true}]}}