{"id":3996,"date":"2021-12-08T15:49:40","date_gmt":"2021-12-08T14:49:40","guid":{"rendered":"https:\/\/jacekplacek.com.pl\/?post_type=product&#038;p=3996"},"modified":"2025-11-18T18:27:20","modified_gmt":"2025-11-18T17:27:20","slug":"pain-depice-arbre-de-noel","status":"publish","type":"product","link":"https:\/\/jacekplacek.com.pl\/fr\/magasin\/babki-i-makowce\/pain-depice-arbre-de-noel\/","title":{"rendered":"Sapin de No\u00ebl en pain d&#039;\u00e9pices"},"content":{"rendered":"<h1>Les f\u00eates \u2013 une p\u00e9riode de saveurs et de traditions uniques<\/h1>\n<p>No\u00ebl est une p\u00e9riode o\u00f9 nous nous r\u00e9unissons en famille, d\u00e9corons le sapin de No\u00ebl et d\u00e9gustons de d\u00e9licieuses p\u00e2tisseries traditionnelles. Le parfum des \u00e9pices, de la cannelle et du miel nous accompagne lors des pr\u00e9parations, cr\u00e9ant une atmosph\u00e8re inoubliable.<\/p>\n<h2>Biscuits au pain d\u2019\u00e9pices \u2013 un \u00e9l\u00e9ment essentiel de No\u00ebl<\/h2>\n<p>Le pain d\u2019\u00e9pices est l\u2019un des produits de boulangerie de No\u00ebl les plus caract\u00e9ristiques. Depuis des ann\u00e9es, ils r\u00e8gnent en ma\u00eetre sur les tables sous diverses formes \u2013 des maisons en pain d\u2019\u00e9pices aux g\u00e2teaux aromatiques. Leurs notes douces et \u00e9pic\u00e9es s&#039;adaptent parfaitement \u00e0 l&#039;ambiance des journ\u00e9es d&#039;hiver.<\/p>\n<h2>Notre pain d&#039;\u00e9pices avec une citrouille en forme de sapin de No\u00ebl<\/h2>\n<p>Nous vous proposons du pain d&#039;\u00e9pices de No\u00ebl avec une citrouille en forme de sapin de No\u00ebl, parfait pour la table des f\u00eates. Ce g\u00e2teau \u00e9pic\u00e9 est enrichi de citrouille, de miel et de notre propre m\u00e9lange d&#039;\u00e9pices pour pain d&#039;\u00e9pices. La base du g\u00e2teau est constitu\u00e9e de farine de bl\u00e9 et de seigle, ce qui lui conf\u00e8re une structure unique. La saveur est compl\u00e9t\u00e9e par l&#039;\u00e9corce d&#039;orange et les noix. Le tout est recouvert d&#039;un gla\u00e7age au chocolat, qui se marie parfaitement avec l&#039;ar\u00f4me \u00e9pic\u00e9. Notre pain d&#039;\u00e9pices n&#039;a pas seulement bon go\u00fbt, mais il est \u00e9galement magnifique sur la table de No\u00ebl.<\/p>\n<h3>Autres g\u00e2teaux de No\u00ebl \u00e0 choisir<\/h3>\n<p>Vous cherchez d\u2019autres p\u00e2tisseries pour les f\u00eates\u00a0? Voici nos suggestions :<\/p>\n<ul>\n<li><strong>G\u00e2teau v\u00e9g\u00e9talien aux graines de pavot<\/strong> \u2013 pr\u00e9par\u00e9 \u00e0 base d\u2019ingr\u00e9dients v\u00e9g\u00e9taux, fourr\u00e9 aux graines de pavot et aux fruits secs.<\/li>\n<li><strong>g\u00e2teau de No\u00ebl<\/strong> \u2013 plein de fruits secs et de noix, parfait pour les amateurs de classiques.<\/li>\n<li><strong>Tarte aux canneberges et au chocolat blanc<\/strong> \u2013 tarte aigre-douce sur une base d\u2019avoine, avec une d\u00e9licate cr\u00e8me au chocolat blanc.<\/li>\n<\/ul>\n<p>Commandez nos produits de boulangerie et savourez le go\u00fbt unique qui apportera une ambiance festive \u00e0 votre maison. \ud83c\udf84<\/p>\n<p>Vous trouverez d&#039;autres suggestions pour No\u00ebl\u00a0<strong><a href=\"https:\/\/jacekplacek.com.pl\/fr\/categorie-de-produit\/noel\/\" target=\"_blank\" rel=\"noopener\">ici.<\/a><\/strong><\/p>\n<h3>Informations sur le produit :<\/h3>\n<ul>\n<li>Poids environ 250 g.<\/li>\n<li>Emballage : papier, film protecteur<\/li>\n<\/ul>","protected":false},"excerpt":{"rendered":"<h1>Pain d&#039;\u00e9pices de No\u00ebl avec une citrouille en forme de sapin de No\u00ebl<\/h1>\n<p>G\u00e2teau \u00e9pic\u00e9 \u00e0 la citrouille, au miel et \u00e0 notre propre m\u00e9lange d&#039;\u00e9pices pour pain d&#039;\u00e9pices, \u00e0 base de farine de bl\u00e9 et de seigle, enrichi d&#039;\u00e9corces d&#039;orange et de noix. Recouvert de gla\u00e7age au chocolat.<\/p>","protected":false},"featured_media":8249,"comment_status":"closed","ping_status":"closed","template":"","meta":{"content-type":""},"product_brand":[],"product_cat":[907,81],"product_tag":[436,664,99,444,96,446,445,449,91,95,97,98],"class_list":{"0":"post-3996","1":"product","2":"type-product","3":"status-publish","4":"has-post-thumbnail","6":"product_cat-ciasta-swiateczne","7":"product_cat-babki-i-makowce","8":"product_tag-choinka","9":"product_tag-ciasta-na-boze-narodzenie","10":"product_tag-ciasto-swiateczne","11":"product_tag-cukiernia-jacek-placek","12":"product_tag-dzem","13":"product_tag-jacek-placek-gdansk","14":"product_tag-jacek-placek-gowino","15":"product_tag-jacek-placek-sopot","16":"product_tag-orzechy-wloskie","17":"product_tag-piernik","18":"product_tag-piernik-z-dzemem","19":"product_tag-swieta","21":"entry","22":"has-media","24":"first","25":"instock","26":"shipping-taxable","27":"product-type-simple","28":"has-product-nav","29":"col","30":"span_1_of_4","31":"owp-content-center","32":"owp-thumbs-layout-horizontal","33":"owp-btn-normal","34":"owp-tabs-layout-horizontal","35":"has-no-thumbnails"},"acf":[],"_links":{"self":[{"href":"https:\/\/jacekplacek.com.pl\/fr\/wp-json\/wp\/v2\/product\/3996","targetHints":{"allow":["GET"]}}],"collection":[{"href":"https:\/\/jacekplacek.com.pl\/fr\/wp-json\/wp\/v2\/product"}],"about":[{"href":"https:\/\/jacekplacek.com.pl\/fr\/wp-json\/wp\/v2\/types\/product"}],"replies":[{"embeddable":true,"href":"https:\/\/jacekplacek.com.pl\/fr\/wp-json\/wp\/v2\/comments?post=3996"}],"wp:featuredmedia":[{"embeddable":true,"href":"https:\/\/jacekplacek.com.pl\/fr\/wp-json\/wp\/v2\/media\/8249"}],"wp:attachment":[{"href":"https:\/\/jacekplacek.com.pl\/fr\/wp-json\/wp\/v2\/media?parent=3996"}],"wp:term":[{"taxonomy":"product_brand","embeddable":true,"href":"https:\/\/jacekplacek.com.pl\/fr\/wp-json\/wp\/v2\/product_brand?post=3996"},{"taxonomy":"product_cat","embeddable":true,"href":"https:\/\/jacekplacek.com.pl\/fr\/wp-json\/wp\/v2\/product_cat?post=3996"},{"taxonomy":"product_tag","embeddable":true,"href":"https:\/\/jacekplacek.com.pl\/fr\/wp-json\/wp\/v2\/product_tag?post=3996"}],"curies":[{"name":"wp","href":"https:\/\/api.w.org\/{rel}","templated":true}]}}