{"id":262,"date":"2020-09-08T14:05:46","date_gmt":"2020-09-08T12:05:46","guid":{"rendered":"https:\/\/jacekplacek.com.pl\/?post_type=product&#038;p=262"},"modified":"2025-11-18T18:26:48","modified_gmt":"2025-11-18T17:26:48","slug":"boulettes-epinards-et-fromage-feta","status":"publish","type":"product","link":"https:\/\/jacekplacek.com.pl\/fr\/magasin\/pierogi-i-paszteciki\/boulettes-surgelees\/boulettes-epinards-et-fromage-feta\/","title":{"rendered":"Dumplings Aux \u00c9pinards Et Fromage Feta"},"content":{"rendered":"<p>Les boulettes aux \u00e9pinards et au fromage feta sont des boulettes uniques faites maison, faites de p\u00e2te faite selon une vieille recette familiale. Leur bon go\u00fbt satisfera tous les gourmets. Nos boulettes sont faites d&#039;ingr\u00e9dients de la plus haute qualit\u00e9, c&#039;est pourquoi leur go\u00fbt et leur ar\u00f4me sont uniques.<\/p>\n<p>Nous les proposons surgel\u00e9s, en colis d&#039;environ 0,4 kg. Le paquet contient environ 13 morceaux de raviolis.<\/p>\n<p>Consultez notre offre et sentez le go\u00fbt de vraies boulettes faites maison!<\/p>\n<p><strong><a href=\"https:\/\/jacekplacek.com.pl\/fr\/categorie-de-produit\/snacks-et-raviolis\/boulettes-surgelees\/\">Nous vous invitons \u00e0 vous familiariser avec nos autres saveurs.<\/a><\/strong><\/p>","protected":false},"excerpt":{"rendered":"<p>Dumplings faits de p\u00e2te maison traditionnelle farcie aux \u00e9pinards et au fromage feta. Le paquet contient environ 13 morceaux de raviolis.<\/p>","protected":false},"featured_media":8544,"comment_status":"closed","ping_status":"closed","template":"","meta":{"content-type":""},"product_brand":[],"product_cat":[82],"product_tag":[115,444,446,445,449,103,114,112,113,49],"class_list":{"0":"post-262","1":"product","2":"type-product","3":"status-publish","4":"has-post-thumbnail","6":"product_cat-pierogi-mrozone","7":"product_tag-bez-miesa","8":"product_tag-cukiernia-jacek-placek","9":"product_tag-jacek-placek-gdansk","10":"product_tag-jacek-placek-gowino","11":"product_tag-jacek-placek-sopot","12":"product_tag-pierogi","13":"product_tag-pierogi-wegetarianskie","14":"product_tag-pierogi-z-serem","15":"product_tag-pierogi-ze-szpinakiem","16":"product_tag-wegetarianskie","18":"entry","19":"has-media","21":"first","22":"instock","23":"shipping-taxable","24":"product-type-simple","25":"has-product-nav","26":"col","27":"span_1_of_4","28":"owp-content-center","29":"owp-thumbs-layout-horizontal","30":"owp-btn-normal","31":"owp-tabs-layout-horizontal"},"acf":[],"_links":{"self":[{"href":"https:\/\/jacekplacek.com.pl\/fr\/wp-json\/wp\/v2\/product\/262","targetHints":{"allow":["GET"]}}],"collection":[{"href":"https:\/\/jacekplacek.com.pl\/fr\/wp-json\/wp\/v2\/product"}],"about":[{"href":"https:\/\/jacekplacek.com.pl\/fr\/wp-json\/wp\/v2\/types\/product"}],"replies":[{"embeddable":true,"href":"https:\/\/jacekplacek.com.pl\/fr\/wp-json\/wp\/v2\/comments?post=262"}],"wp:featuredmedia":[{"embeddable":true,"href":"https:\/\/jacekplacek.com.pl\/fr\/wp-json\/wp\/v2\/media\/8544"}],"wp:attachment":[{"href":"https:\/\/jacekplacek.com.pl\/fr\/wp-json\/wp\/v2\/media?parent=262"}],"wp:term":[{"taxonomy":"product_brand","embeddable":true,"href":"https:\/\/jacekplacek.com.pl\/fr\/wp-json\/wp\/v2\/product_brand?post=262"},{"taxonomy":"product_cat","embeddable":true,"href":"https:\/\/jacekplacek.com.pl\/fr\/wp-json\/wp\/v2\/product_cat?post=262"},{"taxonomy":"product_tag","embeddable":true,"href":"https:\/\/jacekplacek.com.pl\/fr\/wp-json\/wp\/v2\/product_tag?post=262"}],"curies":[{"name":"wp","href":"https:\/\/api.w.org\/{rel}","templated":true}]}}