{"id":261,"date":"2020-09-08T14:03:40","date_gmt":"2020-09-08T12:03:40","guid":{"rendered":"https:\/\/jacekplacek.com.pl\/?post_type=product&#038;p=261"},"modified":"2025-11-18T18:26:48","modified_gmt":"2025-11-18T17:26:48","slug":"dumplings","status":"publish","type":"product","link":"https:\/\/jacekplacek.com.pl\/fr\/magasin\/pierogi-i-paszteciki\/boulettes-surgelees\/dumplings\/","title":{"rendered":"Dumplings"},"content":{"rendered":"<p>Les raviolis russes sont des raviolis faits maison uniques, fabriqu\u00e9s \u00e0 partir de p\u00e2te pr\u00e9par\u00e9e selon une vieille recette familiale. Leur go\u00fbt merveilleux satisfera tous les gourmets. Nos raviolis sont fabriqu\u00e9s \u00e0 partir d&#039;ingr\u00e9dients de la plus haute qualit\u00e9, leur go\u00fbt et leur ar\u00f4me sont donc uniques.<\/p>\n<p>Nous les proposons surgel\u00e9s, en colis d&#039;environ 0,4 kg. Le paquet contient environ 13 morceaux de raviolis.<\/p>\n<p>Consultez notre offre et sentez le go\u00fbt de vraies boulettes faites maison!<\/p>\n<p><strong><a href=\"https:\/\/jacekplacek.com.pl\/fr\/categorie-de-produit\/snacks-et-raviolis\/boulettes-surgelees\/\">Nous vous invitons \u00e0 vous familiariser avec nos autres saveurs.<\/a><\/strong><\/p>","protected":false},"excerpt":{"rendered":"<p>Dumplings \u00e0 base de p\u00e2te traditionnelle faite maison, farcis de fromage cottage, de pommes de terre et d&#039;oignons. Le paquet contient environ 13 morceaux de raviolis.<\/p>","protected":false},"featured_media":8547,"comment_status":"closed","ping_status":"closed","template":"","meta":{"content-type":""},"product_brand":[],"product_cat":[82],"product_tag":[118,444,446,445,449,103,116,105,117],"class_list":{"0":"post-261","1":"product","2":"type-product","3":"status-publish","4":"has-post-thumbnail","6":"product_cat-pierogi-mrozone","7":"product_tag-cebula","8":"product_tag-cukiernia-jacek-placek","9":"product_tag-jacek-placek-gdansk","10":"product_tag-jacek-placek-gowino","11":"product_tag-jacek-placek-sopot","12":"product_tag-pierogi","13":"product_tag-pierogi-ruskie","14":"product_tag-pierogi-z-twarogiem","15":"product_tag-ruskie","17":"entry","18":"has-media","20":"first","21":"instock","22":"shipping-taxable","23":"product-type-simple","24":"has-product-nav","25":"col","26":"span_1_of_4","27":"owp-content-center","28":"owp-thumbs-layout-horizontal","29":"owp-btn-normal","30":"owp-tabs-layout-horizontal"},"acf":[],"_links":{"self":[{"href":"https:\/\/jacekplacek.com.pl\/fr\/wp-json\/wp\/v2\/product\/261","targetHints":{"allow":["GET"]}}],"collection":[{"href":"https:\/\/jacekplacek.com.pl\/fr\/wp-json\/wp\/v2\/product"}],"about":[{"href":"https:\/\/jacekplacek.com.pl\/fr\/wp-json\/wp\/v2\/types\/product"}],"replies":[{"embeddable":true,"href":"https:\/\/jacekplacek.com.pl\/fr\/wp-json\/wp\/v2\/comments?post=261"}],"wp:featuredmedia":[{"embeddable":true,"href":"https:\/\/jacekplacek.com.pl\/fr\/wp-json\/wp\/v2\/media\/8547"}],"wp:attachment":[{"href":"https:\/\/jacekplacek.com.pl\/fr\/wp-json\/wp\/v2\/media?parent=261"}],"wp:term":[{"taxonomy":"product_brand","embeddable":true,"href":"https:\/\/jacekplacek.com.pl\/fr\/wp-json\/wp\/v2\/product_brand?post=261"},{"taxonomy":"product_cat","embeddable":true,"href":"https:\/\/jacekplacek.com.pl\/fr\/wp-json\/wp\/v2\/product_cat?post=261"},{"taxonomy":"product_tag","embeddable":true,"href":"https:\/\/jacekplacek.com.pl\/fr\/wp-json\/wp\/v2\/product_tag?post=261"}],"curies":[{"name":"wp","href":"https:\/\/api.w.org\/{rel}","templated":true}]}}