{"id":257,"date":"2020-09-08T13:59:09","date_gmt":"2020-09-08T11:59:09","guid":{"rendered":"https:\/\/jacekplacek.com.pl\/?post_type=product&#038;p=257"},"modified":"2025-11-18T18:26:47","modified_gmt":"2025-11-18T17:26:47","slug":"boulettes-de-chasse","status":"publish","type":"product","link":"https:\/\/jacekplacek.com.pl\/fr\/magasin\/pierogi-i-paszteciki\/boulettes-surgelees\/boulettes-de-chasse\/","title":{"rendered":"Boulettes de chasse"},"content":{"rendered":"<p>Pierogi My\u015bliwskie - boulettes de viande avec ajout de chou et de champignons, sont des boulettes maison uniques, faites de p\u00e2te faite selon une ancienne recette familiale. Leur bon go\u00fbt satisfera tous les gourmets. Nos boulettes sont faites d&#039;ingr\u00e9dients de la plus haute qualit\u00e9, c&#039;est pourquoi leur go\u00fbt et leur ar\u00f4me sont uniques.<\/p>\n<p>Nous les proposons surgel\u00e9s, en colis d&#039;environ 0,4 kg. Le paquet contient environ 13 morceaux de raviolis.<\/p>\n<p>Consultez notre offre et sentez le go\u00fbt de vraies boulettes faites maison!<\/p>\n<p><strong><a href=\"https:\/\/jacekplacek.com.pl\/fr\/categorie-de-produit\/snacks-et-raviolis\/boulettes-surgelees\/\">Nous vous invitons \u00e0 vous familiariser avec nos autres saveurs.<\/a><\/strong><\/p>","protected":false},"excerpt":{"rendered":"<p>Pierogi fabriqu\u00e9s \u00e0 partir de p\u00e2te traditionnelle maison farcie de viande, de chou et de champignons. Le paquet contient environ 13 boulettes.<\/p>","protected":false},"featured_media":8549,"comment_status":"closed","ping_status":"closed","template":"","meta":{"content-type":""},"product_brand":[],"product_cat":[82],"product_tag":[108,103,107,111,110,109],"class_list":{"0":"post-257","1":"product","2":"type-product","3":"status-publish","4":"has-post-thumbnail","6":"product_cat-pierogi-mrozone","7":"product_tag-mysliwskie","8":"product_tag-pierogi","9":"product_tag-pierogi-mysliwskie","10":"product_tag-z-grzybami","11":"product_tag-z-kapusta","12":"product_tag-z-miesem","14":"entry","15":"has-media","17":"first","18":"instock","19":"shipping-taxable","20":"product-type-simple","21":"has-product-nav","22":"col","23":"span_1_of_4","24":"owp-content-center","25":"owp-thumbs-layout-horizontal","26":"owp-btn-normal","27":"owp-tabs-layout-horizontal"},"acf":[],"_links":{"self":[{"href":"https:\/\/jacekplacek.com.pl\/fr\/wp-json\/wp\/v2\/product\/257","targetHints":{"allow":["GET"]}}],"collection":[{"href":"https:\/\/jacekplacek.com.pl\/fr\/wp-json\/wp\/v2\/product"}],"about":[{"href":"https:\/\/jacekplacek.com.pl\/fr\/wp-json\/wp\/v2\/types\/product"}],"replies":[{"embeddable":true,"href":"https:\/\/jacekplacek.com.pl\/fr\/wp-json\/wp\/v2\/comments?post=257"}],"wp:featuredmedia":[{"embeddable":true,"href":"https:\/\/jacekplacek.com.pl\/fr\/wp-json\/wp\/v2\/media\/8549"}],"wp:attachment":[{"href":"https:\/\/jacekplacek.com.pl\/fr\/wp-json\/wp\/v2\/media?parent=257"}],"wp:term":[{"taxonomy":"product_brand","embeddable":true,"href":"https:\/\/jacekplacek.com.pl\/fr\/wp-json\/wp\/v2\/product_brand?post=257"},{"taxonomy":"product_cat","embeddable":true,"href":"https:\/\/jacekplacek.com.pl\/fr\/wp-json\/wp\/v2\/product_cat?post=257"},{"taxonomy":"product_tag","embeddable":true,"href":"https:\/\/jacekplacek.com.pl\/fr\/wp-json\/wp\/v2\/product_tag?post=257"}],"curies":[{"name":"wp","href":"https:\/\/api.w.org\/{rel}","templated":true}]}}