{"id":256,"date":"2020-09-08T13:58:59","date_gmt":"2020-09-08T11:58:59","guid":{"rendered":"https:\/\/jacekplacek.com.pl\/?post_type=product&#038;p=256"},"modified":"2025-11-18T18:26:47","modified_gmt":"2025-11-18T17:26:47","slug":"pierogi-maciusia","status":"publish","type":"product","link":"https:\/\/jacekplacek.com.pl\/fr\/magasin\/pierogi-i-paszteciki\/boulettes-surgelees\/pierogi-maciusia\/","title":{"rendered":"Les boulettes de Maciu\u015b"},"content":{"rendered":"<p>Pierogi Maciusia - avec du fromage cottage, sont des raviolis faits maison uniques, fabriqu\u00e9s \u00e0 partir de p\u00e2te pr\u00e9par\u00e9e selon une ancienne recette familiale. Leur go\u00fbt merveilleux satisfera tous les gourmets. Nos raviolis sont fabriqu\u00e9s \u00e0 partir d&#039;ingr\u00e9dients de la plus haute qualit\u00e9, c&#039;est pourquoi leur go\u00fbt et leur ar\u00f4me sont uniques.<\/p>\n<p>Nous les proposons surgel\u00e9s, en colis d&#039;environ 0,4 kg. Le paquet contient environ 13 morceaux de raviolis.<\/p>\n<p>Consultez notre offre et sentez le go\u00fbt de vraies boulettes faites maison!<\/p>\n<p><strong><a href=\"https:\/\/jacekplacek.com.pl\/fr\/categorie-de-produit\/snacks-et-raviolis\/boulettes-surgelees\/\">Nous vous invitons \u00e0 vous familiariser avec nos autres saveurs.<\/a><\/strong><\/p>","protected":false},"excerpt":{"rendered":"<p>Dumplings faits de p\u00e2te maison traditionnelle avec garniture au fromage cottage sucr\u00e9.<\/p>\n<p>W opakowaniu znajduje si\u0119 ok. 13 sztuk pierog\u00f3w.<\/p>","protected":false},"featured_media":10152,"comment_status":"closed","ping_status":"closed","template":"","meta":{"content-type":""},"product_brand":[],"product_cat":[82],"product_tag":[444,63,446,445,449,688,103,104,105,106],"class_list":{"0":"post-256","1":"product","2":"type-product","3":"status-publish","4":"has-post-thumbnail","6":"product_cat-pierogi-mrozone","7":"product_tag-cukiernia-jacek-placek","8":"product_tag-deser","9":"product_tag-jacek-placek-gdansk","10":"product_tag-jacek-placek-gowino","11":"product_tag-jacek-placek-sopot","12":"product_tag-obiad","13":"product_tag-pierogi","14":"product_tag-pierogi-na-slodko","15":"product_tag-pierogi-z-twarogiem","16":"product_tag-twarog","18":"entry","19":"has-media","21":"first","22":"instock","23":"shipping-taxable","24":"product-type-simple","25":"has-product-nav","26":"col","27":"span_1_of_4","28":"owp-content-center","29":"owp-thumbs-layout-horizontal","30":"owp-btn-normal","31":"owp-tabs-layout-horizontal"},"acf":[],"_links":{"self":[{"href":"https:\/\/jacekplacek.com.pl\/fr\/wp-json\/wp\/v2\/product\/256","targetHints":{"allow":["GET"]}}],"collection":[{"href":"https:\/\/jacekplacek.com.pl\/fr\/wp-json\/wp\/v2\/product"}],"about":[{"href":"https:\/\/jacekplacek.com.pl\/fr\/wp-json\/wp\/v2\/types\/product"}],"replies":[{"embeddable":true,"href":"https:\/\/jacekplacek.com.pl\/fr\/wp-json\/wp\/v2\/comments?post=256"}],"wp:featuredmedia":[{"embeddable":true,"href":"https:\/\/jacekplacek.com.pl\/fr\/wp-json\/wp\/v2\/media\/10152"}],"wp:attachment":[{"href":"https:\/\/jacekplacek.com.pl\/fr\/wp-json\/wp\/v2\/media?parent=256"}],"wp:term":[{"taxonomy":"product_brand","embeddable":true,"href":"https:\/\/jacekplacek.com.pl\/fr\/wp-json\/wp\/v2\/product_brand?post=256"},{"taxonomy":"product_cat","embeddable":true,"href":"https:\/\/jacekplacek.com.pl\/fr\/wp-json\/wp\/v2\/product_cat?post=256"},{"taxonomy":"product_tag","embeddable":true,"href":"https:\/\/jacekplacek.com.pl\/fr\/wp-json\/wp\/v2\/product_tag?post=256"}],"curies":[{"name":"wp","href":"https:\/\/api.w.org\/{rel}","templated":true}]}}