{"id":246,"date":"2020-09-08T13:41:40","date_gmt":"2020-09-08T11:41:40","guid":{"rendered":"https:\/\/jacekplacek.com.pl\/?post_type=product&#038;p=246"},"modified":"2025-11-18T18:28:57","modified_gmt":"2025-11-18T17:28:57","slug":"tarte-aux-pommes-aux-grains-entiers","status":"publish","type":"product","link":"https:\/\/jacekplacek.com.pl\/fr\/magasin\/gateaux-aux-fruits\/tarte-aux-pommes-aux-grains-entiers\/","title":{"rendered":"Tarte aux pommes de luxe"},"content":{"rendered":"<p><strong>Une version de tarte aux pommes \u00e0 base de farine de bl\u00e9 entier, cr\u00e9\u00e9e en pensant \u00e0 notre sant\u00e9.\u00a0<\/strong><\/p>\n<p>P\u00e2te bris\u00e9e pr\u00e9par\u00e9e selon une recette traditionnelle. Ressentez le go\u00fbt maison de nos p\u00e2tisseries.<\/p>\n<p><span style=\"font-weight: 400;\">G\u00e2teau \u00e0 base de farine de bl\u00e9 entier avec du miel et des noix, avec de d\u00e9licieuses pommes avec une pointe de cannelle, saupoudr\u00e9 de sucre en poudre sur le dessus.<\/span><\/p>","protected":false},"excerpt":{"rendered":"<p><span data-sheets-root=\"1\">G\u00e2teau \u00e0 base de farine compl\u00e8te au miel et aux noix, fourr\u00e9 aux pommes et \u00e0 la cannelle, avec un crumble saupoudr\u00e9 de sucre en poudre.<\/span><\/p>","protected":false},"featured_media":8382,"comment_status":"closed","ping_status":"closed","template":"","meta":{"content-type":""},"product_brand":[],"product_cat":[74],"product_tag":[444,92,84,475,446,445,449,90,94,93,91,85,89],"class_list":{"0":"post-246","1":"product","2":"type-product","3":"status-publish","4":"has-post-thumbnail","6":"product_cat-ciasta-owocowe","7":"product_tag-cukiernia-jacek-placek","8":"product_tag-cynamon","9":"product_tag-jablecznik","10":"product_tag-jablecznik-luksusowy","11":"product_tag-jacek-placek-gdansk","12":"product_tag-jacek-placek-gowino","13":"product_tag-jacek-placek-sopot","14":"product_tag-luksusowa","15":"product_tag-maka-razowa","16":"product_tag-miod","17":"product_tag-orzechy-wloskie","18":"product_tag-szarlotka","19":"product_tag-szarlotka-luksusowa","21":"entry","22":"has-media","24":"first","25":"instock","26":"shipping-taxable","27":"product-type-variable","28":"has-default-attributes","29":"has-product-nav","30":"col","31":"span_1_of_4","32":"owp-content-center","33":"owp-thumbs-layout-horizontal","34":"owp-btn-normal","35":"owp-tabs-layout-horizontal"},"acf":[],"_links":{"self":[{"href":"https:\/\/jacekplacek.com.pl\/fr\/wp-json\/wp\/v2\/product\/246","targetHints":{"allow":["GET"]}}],"collection":[{"href":"https:\/\/jacekplacek.com.pl\/fr\/wp-json\/wp\/v2\/product"}],"about":[{"href":"https:\/\/jacekplacek.com.pl\/fr\/wp-json\/wp\/v2\/types\/product"}],"replies":[{"embeddable":true,"href":"https:\/\/jacekplacek.com.pl\/fr\/wp-json\/wp\/v2\/comments?post=246"}],"wp:featuredmedia":[{"embeddable":true,"href":"https:\/\/jacekplacek.com.pl\/fr\/wp-json\/wp\/v2\/media\/8382"}],"wp:attachment":[{"href":"https:\/\/jacekplacek.com.pl\/fr\/wp-json\/wp\/v2\/media?parent=246"}],"wp:term":[{"taxonomy":"product_brand","embeddable":true,"href":"https:\/\/jacekplacek.com.pl\/fr\/wp-json\/wp\/v2\/product_brand?post=246"},{"taxonomy":"product_cat","embeddable":true,"href":"https:\/\/jacekplacek.com.pl\/fr\/wp-json\/wp\/v2\/product_cat?post=246"},{"taxonomy":"product_tag","embeddable":true,"href":"https:\/\/jacekplacek.com.pl\/fr\/wp-json\/wp\/v2\/product_tag?post=246"}],"curies":[{"name":"wp","href":"https:\/\/api.w.org\/{rel}","templated":true}]}}