{"id":2276,"date":"2021-03-05T10:56:30","date_gmt":"2021-03-05T09:56:30","guid":{"rendered":"https:\/\/jacekplacek.com.pl\/?post_type=product&#038;p=2276"},"modified":"2025-11-18T18:30:05","modified_gmt":"2025-11-18T17:30:05","slug":"gelee-pudding-aux-peches","status":"publish","type":"product","link":"https:\/\/jacekplacek.com.pl\/fr\/magasin\/gateaux-a-la-creme\/gateaux-a-la-creme-anglaise\/gelee-pudding-aux-peches\/","title":{"rendered":"Gel\u00e9e de pouding aux p\u00eaches"},"content":{"rendered":"<p><strong>G\u00e9noise, mousse de fruits, cr\u00e8me vanille, p\u00eaches et gel\u00e9e.<\/strong><\/p>\n<p>Ressentez le go\u00fbt sucr\u00e9 qui fond dans votre bouche et offrez-vous un moment d&#039;oubli.<\/p>","protected":false},"excerpt":{"rendered":"<p><span data-sheets-root=\"1\">Ciasto biszkoptowe z musem owocowym, budyniowym kremem waniliowym, uzupe\u0142nione galaretk\u0105 z owocami.<\/span><\/p>","protected":false},"featured_media":13332,"comment_status":"closed","ping_status":"closed","template":"","meta":{"content-type":""},"product_brand":[],"product_cat":[79],"product_tag":[203,554,444,137,446,445,449,133,220],"class_list":{"0":"post-2276","1":"product","2":"type-product","3":"status-publish","4":"has-post-thumbnail","6":"product_cat-ciasta-z-kremem-budyniowym","7":"product_tag-biszkopt","8":"product_tag-brzoskwinie","9":"product_tag-cukiernia-jacek-placek","10":"product_tag-galaretka","11":"product_tag-jacek-placek-gdansk","12":"product_tag-jacek-placek-gowino","13":"product_tag-jacek-placek-sopot","14":"product_tag-krem-budyniowy","15":"product_tag-owoce","17":"entry","18":"has-media","20":"first","21":"instock","22":"shipping-taxable","23":"product-type-variable","24":"has-default-attributes","25":"has-product-nav","26":"col","27":"span_1_of_4","28":"owp-content-center","29":"owp-thumbs-layout-horizontal","30":"owp-btn-normal","31":"owp-tabs-layout-horizontal"},"acf":[],"_links":{"self":[{"href":"https:\/\/jacekplacek.com.pl\/fr\/wp-json\/wp\/v2\/product\/2276","targetHints":{"allow":["GET"]}}],"collection":[{"href":"https:\/\/jacekplacek.com.pl\/fr\/wp-json\/wp\/v2\/product"}],"about":[{"href":"https:\/\/jacekplacek.com.pl\/fr\/wp-json\/wp\/v2\/types\/product"}],"replies":[{"embeddable":true,"href":"https:\/\/jacekplacek.com.pl\/fr\/wp-json\/wp\/v2\/comments?post=2276"}],"wp:featuredmedia":[{"embeddable":true,"href":"https:\/\/jacekplacek.com.pl\/fr\/wp-json\/wp\/v2\/media\/13332"}],"wp:attachment":[{"href":"https:\/\/jacekplacek.com.pl\/fr\/wp-json\/wp\/v2\/media?parent=2276"}],"wp:term":[{"taxonomy":"product_brand","embeddable":true,"href":"https:\/\/jacekplacek.com.pl\/fr\/wp-json\/wp\/v2\/product_brand?post=2276"},{"taxonomy":"product_cat","embeddable":true,"href":"https:\/\/jacekplacek.com.pl\/fr\/wp-json\/wp\/v2\/product_cat?post=2276"},{"taxonomy":"product_tag","embeddable":true,"href":"https:\/\/jacekplacek.com.pl\/fr\/wp-json\/wp\/v2\/product_tag?post=2276"}],"curies":[{"name":"wp","href":"https:\/\/api.w.org\/{rel}","templated":true}]}}