{"id":219,"date":"2020-09-08T13:36:08","date_gmt":"2020-09-08T11:36:08","guid":{"rendered":"https:\/\/jacekplacek.com.pl\/?post_type=product&#038;p=219"},"modified":"2025-11-18T18:28:57","modified_gmt":"2025-11-18T17:28:57","slug":"cidre-maison","status":"publish","type":"product","link":"https:\/\/jacekplacek.com.pl\/fr\/magasin\/gateaux-aux-fruits\/cidre-maison\/","title":{"rendered":"Tarte aux pommes maison"},"content":{"rendered":"<p><span style=\"font-weight: 400;\"><strong>Probablement le g\u00e2teau le plus c\u00e9l\u00e8bre au monde. Et combien de cuisiniers, autant de variantes d&#039;une note de bas de page.<\/strong> <\/span><\/p>\n<p>P\u00e2te bris\u00e9e pr\u00e9par\u00e9e selon une recette traditionnelle. Ressentez le go\u00fbt maison de nos p\u00e2tisseries.<\/p>\n<p><span style=\"font-weight: 400;\">Le fond est compos\u00e9 d&#039;une p\u00e2te bris\u00e9e l\u00e9g\u00e8re, garnie de pommes r\u00f4ties dont le jus coule \u00e0 la cuisson et imbibe le fond croustillant, et de crumble croustillant sur le dessus. R\u00e9chauff\u00e9 et servi avec de la glace, il sera le dessert parfait pour toutes les occasions.<\/span><\/p>","protected":false},"excerpt":{"rendered":"<p><span data-sheets-root=\"1\">Une base de p\u00e2te bris\u00e9e, une garniture aux pommes r\u00f4ties et une garniture crumble croustillante.<\/span><\/p>","protected":false},"featured_media":10485,"comment_status":"closed","ping_status":"closed","template":"","meta":{"content-type":""},"product_brand":[],"product_cat":[74],"product_tag":[65,86,444,84,87,446,445,449,85,88],"class_list":{"0":"post-219","1":"product","2":"type-product","3":"status-publish","4":"has-post-thumbnail","6":"product_cat-ciasta-owocowe","7":"product_tag-ciasto-kruche","8":"product_tag-ciasto-z-jablkami","9":"product_tag-cukiernia-jacek-placek","10":"product_tag-jablecznik","11":"product_tag-jablecznik-domowy","12":"product_tag-jacek-placek-gdansk","13":"product_tag-jacek-placek-gowino","14":"product_tag-jacek-placek-sopot","15":"product_tag-szarlotka","16":"product_tag-tradycyjna-szarlotka","18":"entry","19":"has-media","21":"first","22":"instock","23":"shipping-taxable","24":"product-type-variable","25":"has-default-attributes","26":"has-product-nav","27":"col","28":"span_1_of_4","29":"owp-content-center","30":"owp-thumbs-layout-horizontal","31":"owp-btn-normal","32":"owp-tabs-layout-horizontal"},"acf":[],"_links":{"self":[{"href":"https:\/\/jacekplacek.com.pl\/fr\/wp-json\/wp\/v2\/product\/219","targetHints":{"allow":["GET"]}}],"collection":[{"href":"https:\/\/jacekplacek.com.pl\/fr\/wp-json\/wp\/v2\/product"}],"about":[{"href":"https:\/\/jacekplacek.com.pl\/fr\/wp-json\/wp\/v2\/types\/product"}],"replies":[{"embeddable":true,"href":"https:\/\/jacekplacek.com.pl\/fr\/wp-json\/wp\/v2\/comments?post=219"}],"wp:featuredmedia":[{"embeddable":true,"href":"https:\/\/jacekplacek.com.pl\/fr\/wp-json\/wp\/v2\/media\/10485"}],"wp:attachment":[{"href":"https:\/\/jacekplacek.com.pl\/fr\/wp-json\/wp\/v2\/media?parent=219"}],"wp:term":[{"taxonomy":"product_brand","embeddable":true,"href":"https:\/\/jacekplacek.com.pl\/fr\/wp-json\/wp\/v2\/product_brand?post=219"},{"taxonomy":"product_cat","embeddable":true,"href":"https:\/\/jacekplacek.com.pl\/fr\/wp-json\/wp\/v2\/product_cat?post=219"},{"taxonomy":"product_tag","embeddable":true,"href":"https:\/\/jacekplacek.com.pl\/fr\/wp-json\/wp\/v2\/product_tag?post=219"}],"curies":[{"name":"wp","href":"https:\/\/api.w.org\/{rel}","templated":true}]}}