{"id":207,"date":"2020-09-08T12:47:20","date_gmt":"2020-09-08T10:47:20","guid":{"rendered":"https:\/\/jacekplacek.com.pl\/?post_type=product&#038;p=207"},"modified":"2025-11-18T18:28:52","modified_gmt":"2025-11-18T17:28:52","slug":"cheesecake-isaura","status":"publish","type":"product","link":"https:\/\/jacekplacek.com.pl\/fr\/magasin\/tous-les-cheesecakes\/gateaux-au-fromage\/cheesecake-isaura\/","title":{"rendered":"G\u00e2teau au fromage Izaura"},"content":{"rendered":"<p><strong>Le cheesecake Izaura combine une d\u00e9licieuse masse de fromage et un g\u00e2teau au chocolat et aux m\u00fbres, qui monte de mani\u00e8re tr\u00e8s irr\u00e9guli\u00e8re, cr\u00e9ant des motifs int\u00e9ressants, visibles apr\u00e8s la d\u00e9coupe du g\u00e2teau.<\/strong><\/p>\n<p>Cette recette fait sensation dans les ann\u00e9es 1980, en parall\u00e8le de la tr\u00e8s populaire s\u00e9rie br\u00e9silienne \u00ab Slave Isaura \u00bb, \u00e0 laquelle elle doit son nom.<\/p>\n<p>Autres types de cheesecakes disponibles\u00a0<strong><a href=\"https:\/\/jacekplacek.com.pl\/fr\/categorie-de-produit\/tous-les-cheesecakes\/\" target=\"_blank\" rel=\"noopener\">ici.<\/a><\/strong><\/p>","protected":false},"excerpt":{"rendered":"<p><span data-sheets-root=\"1\">Po\u0142\u0105czenie ciasta murzynkowego z mas\u0105 serow\u0105 z twarogu homogenizowanego. Nieregularne wzory i czekoladowa polewa wyr\u00f3\u017cniaj\u0105 ten sernik bez rodzynek.<\/span><\/p>","protected":false},"featured_media":10643,"comment_status":"closed","ping_status":"closed","template":"","meta":{"content-type":""},"product_brand":[],"product_cat":[60],"product_tag":[421,71,444,70,446,445,449,73,72,61],"class_list":{"0":"post-207","1":"product","2":"type-product","3":"status-publish","4":"has-post-thumbnail","6":"product_cat-serniki","7":"product_tag-ciasta-swiateczne","8":"product_tag-ciasto-murzynkowe","9":"product_tag-cukiernia-jacek-placek","10":"product_tag-izaura","11":"product_tag-jacek-placek-gdansk","12":"product_tag-jacek-placek-gowino","13":"product_tag-jacek-placek-sopot","14":"product_tag-masa-z-serkow","15":"product_tag-polewa-czekoladowa","16":"product_tag-sernik","18":"entry","19":"has-media","21":"first","22":"instock","23":"shipping-taxable","24":"product-type-variable","25":"has-default-attributes","26":"has-product-nav","27":"col","28":"span_1_of_4","29":"owp-content-center","30":"owp-thumbs-layout-horizontal","31":"owp-btn-normal","32":"owp-tabs-layout-horizontal"},"acf":[],"_links":{"self":[{"href":"https:\/\/jacekplacek.com.pl\/fr\/wp-json\/wp\/v2\/product\/207","targetHints":{"allow":["GET"]}}],"collection":[{"href":"https:\/\/jacekplacek.com.pl\/fr\/wp-json\/wp\/v2\/product"}],"about":[{"href":"https:\/\/jacekplacek.com.pl\/fr\/wp-json\/wp\/v2\/types\/product"}],"replies":[{"embeddable":true,"href":"https:\/\/jacekplacek.com.pl\/fr\/wp-json\/wp\/v2\/comments?post=207"}],"wp:featuredmedia":[{"embeddable":true,"href":"https:\/\/jacekplacek.com.pl\/fr\/wp-json\/wp\/v2\/media\/10643"}],"wp:attachment":[{"href":"https:\/\/jacekplacek.com.pl\/fr\/wp-json\/wp\/v2\/media?parent=207"}],"wp:term":[{"taxonomy":"product_brand","embeddable":true,"href":"https:\/\/jacekplacek.com.pl\/fr\/wp-json\/wp\/v2\/product_brand?post=207"},{"taxonomy":"product_cat","embeddable":true,"href":"https:\/\/jacekplacek.com.pl\/fr\/wp-json\/wp\/v2\/product_cat?post=207"},{"taxonomy":"product_tag","embeddable":true,"href":"https:\/\/jacekplacek.com.pl\/fr\/wp-json\/wp\/v2\/product_tag?post=207"}],"curies":[{"name":"wp","href":"https:\/\/api.w.org\/{rel}","templated":true}]}}