{"id":2005,"date":"2021-02-03T20:27:28","date_gmt":"2021-02-03T19:27:28","guid":{"rendered":"https:\/\/jacekplacek.com.pl\/?post_type=product&#038;p=2005"},"modified":"2025-12-16T15:38:40","modified_gmt":"2025-12-16T14:38:40","slug":"biscuits-sables-aux-graines-de-tournesol","status":"publish","type":"product","link":"https:\/\/jacekplacek.com.pl\/fr\/magasin\/biscuits-et-biscuits\/cookies\/biscuits-sables-aux-graines-de-tournesol\/","title":{"rendered":"Biscuits v\u00e9g\u00e9taliens FIT"},"content":{"rendered":"<p>Comme c&#039;est agr\u00e9able de combiner un faible pour les biscuits sabl\u00e9s avec une tentative de compl\u00e9ter votre alimentation avec des graines pr\u00e9cieuses...<\/p>\n<p><span style=\"font-weight: 400;\">D\u00e9couvrez le go\u00fbt merveilleux de nos biscuits v\u00e9g\u00e9taliens FIT uniques. Notre combinaison d&#039;ingr\u00e9dients soigneusement s\u00e9lectionn\u00e9s donne \u00e0 ces biscuits non seulement un go\u00fbt d\u00e9licieux, mais offrent \u00e9galement de nombreux avantages pour votre sant\u00e9. <\/span><\/p>\n<p><span style=\"font-weight: 400;\">L\u2019abondance de c\u00e9r\u00e9ales, de fibres et de nutriments les rend nutritifs et rassasiants. De plus, ils ont une teneur r\u00e9duite en gluten et en produits d\u2019origine animale. <span style=\"color: #000000;\">(En raison de l&#039;absence de ligne de production s\u00e9par\u00e9e, le produit peut contenir des traces de gluten et d&#039;autres allerg\u00e8nes. L&#039;usine utilise : de la farine, des \u0153ufs, des noix, du s\u00e9same et du lait, donc chaque produit peut contenir des traces des allerg\u00e8nes mentionn\u00e9s, m\u00eame s&#039;ils sont pr\u00e9sents. non sp\u00e9cifi\u00e9 dans la description et la liste des ingr\u00e9dients.)<\/span><\/span><\/p>\n<p><span style=\"font-weight: 400;\">Profitez de son go\u00fbt d\u00e9licieux sans sacrifier ses propri\u00e9t\u00e9s b\u00e9n\u00e9fiques.<\/span><\/p>\n<p>&nbsp;<\/p>\n<p>&nbsp;<\/p>","protected":false},"excerpt":{"rendered":"<p><span style=\"font-weight: 400;\">Nous vous invitons \u00e0 essayer nos incroyables biscuits v\u00e9g\u00e9taliens FIT. <\/span><\/p>\n<p><span style=\"font-weight: 400;\">Non seulement ils auront un go\u00fbt d\u00e9licieux, mais ils fourniront \u00e9galement \u00e0 votre corps les nutriments n\u00e9cessaires, pour que vous puissiez profiter d&#039;une alimentation saine.<\/span><\/p>","protected":false},"featured_media":9884,"comment_status":"closed","ping_status":"closed","template":"","meta":{"content-type":""},"product_brand":[],"product_cat":[121],"product_tag":[348,454,444,446,445,449,354,355],"class_list":{"0":"post-2005","1":"product","2":"type-product","3":"status-publish","4":"has-post-thumbnail","6":"product_cat-ciasteczka","7":"product_tag-ciasteczka-kruche","8":"product_tag-ciasteczka-na-wage","9":"product_tag-cukiernia-jacek-placek","10":"product_tag-jacek-placek-gdansk","11":"product_tag-jacek-placek-gowino","12":"product_tag-jacek-placek-sopot","13":"product_tag-z-nasionami","14":"product_tag-ze-slonecznikiem","16":"entry","17":"has-media","19":"first","20":"outofstock","21":"shipping-taxable","22":"product-type-variable","23":"has-default-attributes","24":"has-product-nav","25":"col","26":"span_1_of_4","27":"owp-content-center","28":"owp-thumbs-layout-horizontal","29":"owp-btn-normal","30":"owp-tabs-layout-horizontal"},"acf":[],"_links":{"self":[{"href":"https:\/\/jacekplacek.com.pl\/fr\/wp-json\/wp\/v2\/product\/2005","targetHints":{"allow":["GET"]}}],"collection":[{"href":"https:\/\/jacekplacek.com.pl\/fr\/wp-json\/wp\/v2\/product"}],"about":[{"href":"https:\/\/jacekplacek.com.pl\/fr\/wp-json\/wp\/v2\/types\/product"}],"replies":[{"embeddable":true,"href":"https:\/\/jacekplacek.com.pl\/fr\/wp-json\/wp\/v2\/comments?post=2005"}],"wp:featuredmedia":[{"embeddable":true,"href":"https:\/\/jacekplacek.com.pl\/fr\/wp-json\/wp\/v2\/media\/9884"}],"wp:attachment":[{"href":"https:\/\/jacekplacek.com.pl\/fr\/wp-json\/wp\/v2\/media?parent=2005"}],"wp:term":[{"taxonomy":"product_brand","embeddable":true,"href":"https:\/\/jacekplacek.com.pl\/fr\/wp-json\/wp\/v2\/product_brand?post=2005"},{"taxonomy":"product_cat","embeddable":true,"href":"https:\/\/jacekplacek.com.pl\/fr\/wp-json\/wp\/v2\/product_cat?post=2005"},{"taxonomy":"product_tag","embeddable":true,"href":"https:\/\/jacekplacek.com.pl\/fr\/wp-json\/wp\/v2\/product_tag?post=2005"}],"curies":[{"name":"wp","href":"https:\/\/api.w.org\/{rel}","templated":true}]}}