{"id":184,"date":"2020-09-03T12:49:07","date_gmt":"2020-09-03T10:49:07","guid":{"rendered":"https:\/\/jacekplacek.com.pl\/?post_type=product&#038;p=184"},"modified":"2025-11-18T18:27:22","modified_gmt":"2025-11-18T17:27:22","slug":"paszteciki-mysliwskie-kopia-2","status":"publish","type":"product","link":"https:\/\/jacekplacek.com.pl\/fr\/magasin\/pierogi-i-paszteciki\/galettes\/paszteciki-mysliwskie-kopia-2\/","title":{"rendered":"Mini galettes de chasse"},"content":{"rendered":"<p>Difficile d&#039;imaginer le monde d&#039;aujourd&#039;hui sans p\u00e2te feuillet\u00e9e - que ferait un Parisien sans son croissant au caf\u00e9, sans parler des g\u00e2teaux \u00e0 la cr\u00e8me papale... Les Polonais, quant \u00e0 eux, raffolent des en-cas sal\u00e9s \u00e0 base de p\u00e2te feuillet\u00e9e, de pr\u00e9f\u00e9rence avec du bortsch nature.<\/p>\n<p>W opakowaniu 1 kg znajduje si\u0119 ok. 40 sztuk pasztecik\u00f3w.<\/p>\n<p><span style=\"font-weight: 400;\">Notre p\u00e2tisserie utilise \u00e9galement cette feuille de p\u00e2te pour r\u00e9aliser des galettes farcies aux \u00e9pinards, feta, choux et champignons - vous pouvez les trouver<strong><a href=\"https:\/\/jacekplacek.com.pl\/fr\/categorie-de-produit\/snacks-et-raviolis\/galettes\/\" target=\"_blank\" rel=\"noopener\"> ici\u2026<\/a><\/strong><\/span><\/p>\n<p>&nbsp;<\/p>\n<p>&nbsp;<\/p>\n<p>&nbsp;<\/p>","protected":false},"excerpt":{"rendered":"<p>Smakowita przek\u0105ska z mi\u0119sem, kapust\u0105 i grzybami &#8211; na cie\u015bcie francuskim zrobionym wy\u0142\u0105cznie na ma\u015ble. W opakowaniu 1 kg znajduje si\u0119 ok. 40 sztuk pasztecik\u00f3w.<\/p>","protected":false},"featured_media":278,"comment_status":"closed","ping_status":"closed","template":"","meta":{"content-type":""},"product_brand":[],"product_cat":[37],"product_tag":[42,444,41,446,445,449,40,39,50,38,43],"class_list":{"0":"post-184","1":"product","2":"type-product","3":"status-publish","4":"has-post-thumbnail","6":"product_cat-paszteciki","7":"product_tag-ciasto-francuskie","8":"product_tag-cukiernia-jacek-placek","9":"product_tag-grzyby","10":"product_tag-jacek-placek-gdansk","11":"product_tag-jacek-placek-gowino","12":"product_tag-jacek-placek-sopot","13":"product_tag-kapusta","14":"product_tag-mieso","15":"product_tag-mini-paszteciki","16":"product_tag-paszteciki","17":"product_tag-przekaska","19":"entry","20":"has-media","22":"first","23":"instock","24":"shipping-taxable","25":"product-type-variable","26":"has-default-attributes","27":"has-product-nav","28":"col","29":"span_1_of_4","30":"owp-content-center","31":"owp-thumbs-layout-horizontal","32":"owp-btn-normal","33":"owp-tabs-layout-horizontal"},"acf":[],"_links":{"self":[{"href":"https:\/\/jacekplacek.com.pl\/fr\/wp-json\/wp\/v2\/product\/184","targetHints":{"allow":["GET"]}}],"collection":[{"href":"https:\/\/jacekplacek.com.pl\/fr\/wp-json\/wp\/v2\/product"}],"about":[{"href":"https:\/\/jacekplacek.com.pl\/fr\/wp-json\/wp\/v2\/types\/product"}],"replies":[{"embeddable":true,"href":"https:\/\/jacekplacek.com.pl\/fr\/wp-json\/wp\/v2\/comments?post=184"}],"wp:featuredmedia":[{"embeddable":true,"href":"https:\/\/jacekplacek.com.pl\/fr\/wp-json\/wp\/v2\/media\/278"}],"wp:attachment":[{"href":"https:\/\/jacekplacek.com.pl\/fr\/wp-json\/wp\/v2\/media?parent=184"}],"wp:term":[{"taxonomy":"product_brand","embeddable":true,"href":"https:\/\/jacekplacek.com.pl\/fr\/wp-json\/wp\/v2\/product_brand?post=184"},{"taxonomy":"product_cat","embeddable":true,"href":"https:\/\/jacekplacek.com.pl\/fr\/wp-json\/wp\/v2\/product_cat?post=184"},{"taxonomy":"product_tag","embeddable":true,"href":"https:\/\/jacekplacek.com.pl\/fr\/wp-json\/wp\/v2\/product_tag?post=184"}],"curies":[{"name":"wp","href":"https:\/\/api.w.org\/{rel}","templated":true}]}}