{"id":181,"date":"2020-09-03T12:38:25","date_gmt":"2020-09-03T10:38:25","guid":{"rendered":"https:\/\/jacekplacek.com.pl\/?post_type=product&#038;p=181"},"modified":"2025-11-18T18:26:45","modified_gmt":"2025-11-18T17:26:45","slug":"copie-des-galettes-de-chasse","status":"publish","type":"product","link":"https:\/\/jacekplacek.com.pl\/fr\/magasin\/pierogi-i-paszteciki\/galettes\/copie-des-galettes-de-chasse\/","title":{"rendered":"Galettes de chasse 100g\/pc"},"content":{"rendered":"<p>Difficile d&#039;imaginer le monde d&#039;aujourd&#039;hui sans p\u00e2te feuillet\u00e9e - que ferait un Parisien sans son croissant au caf\u00e9, sans parler des g\u00e2teaux \u00e0 la cr\u00e8me papale... Les Polonais, quant \u00e0 eux, raffolent des en-cas sal\u00e9s \u00e0 base de p\u00e2te feuillet\u00e9e, de pr\u00e9f\u00e9rence avec du bortsch nature.<\/p>\n<p><span style=\"font-weight: 400;\">Notre p\u00e2tisserie utilise \u00e9galement cette feuille de p\u00e2te pour r\u00e9aliser des galettes farcies aux \u00e9pinards, feta, choux et champignons - vous pouvez les trouver<strong><a href=\"https:\/\/jacekplacek.com.pl\/fr\/categorie-de-produit\/snacks-et-raviolis\/galettes\/\" target=\"_blank\" rel=\"noopener\"> ici\u2026<\/a><\/strong><\/span><\/p>","protected":false},"excerpt":{"rendered":"<p>Une d\u00e9licieuse collation \u00e0 base de viande, de chou et de champignons - sur une p\u00e2te feuillet\u00e9e exclusivement au beurre.<\/p>","protected":false},"featured_media":277,"comment_status":"closed","ping_status":"closed","template":"","meta":{"content-type":""},"product_brand":[],"product_cat":[37],"product_tag":[42,444,41,446,445,449,40,39,38,43],"class_list":{"0":"post-181","1":"product","2":"type-product","3":"status-publish","4":"has-post-thumbnail","6":"product_cat-paszteciki","7":"product_tag-ciasto-francuskie","8":"product_tag-cukiernia-jacek-placek","9":"product_tag-grzyby","10":"product_tag-jacek-placek-gdansk","11":"product_tag-jacek-placek-gowino","12":"product_tag-jacek-placek-sopot","13":"product_tag-kapusta","14":"product_tag-mieso","15":"product_tag-paszteciki","16":"product_tag-przekaska","18":"entry","19":"has-media","21":"first","22":"instock","23":"shipping-taxable","24":"product-type-simple","25":"has-product-nav","26":"col","27":"span_1_of_4","28":"owp-content-center","29":"owp-thumbs-layout-horizontal","30":"owp-btn-normal","31":"owp-tabs-layout-horizontal","32":"has-no-thumbnails"},"acf":[],"_links":{"self":[{"href":"https:\/\/jacekplacek.com.pl\/fr\/wp-json\/wp\/v2\/product\/181","targetHints":{"allow":["GET"]}}],"collection":[{"href":"https:\/\/jacekplacek.com.pl\/fr\/wp-json\/wp\/v2\/product"}],"about":[{"href":"https:\/\/jacekplacek.com.pl\/fr\/wp-json\/wp\/v2\/types\/product"}],"replies":[{"embeddable":true,"href":"https:\/\/jacekplacek.com.pl\/fr\/wp-json\/wp\/v2\/comments?post=181"}],"wp:featuredmedia":[{"embeddable":true,"href":"https:\/\/jacekplacek.com.pl\/fr\/wp-json\/wp\/v2\/media\/277"}],"wp:attachment":[{"href":"https:\/\/jacekplacek.com.pl\/fr\/wp-json\/wp\/v2\/media?parent=181"}],"wp:term":[{"taxonomy":"product_brand","embeddable":true,"href":"https:\/\/jacekplacek.com.pl\/fr\/wp-json\/wp\/v2\/product_brand?post=181"},{"taxonomy":"product_cat","embeddable":true,"href":"https:\/\/jacekplacek.com.pl\/fr\/wp-json\/wp\/v2\/product_cat?post=181"},{"taxonomy":"product_tag","embeddable":true,"href":"https:\/\/jacekplacek.com.pl\/fr\/wp-json\/wp\/v2\/product_tag?post=181"}],"curies":[{"name":"wp","href":"https:\/\/api.w.org\/{rel}","templated":true}]}}