{"id":14646,"date":"2024-11-15T13:03:56","date_gmt":"2024-11-15T12:03:56","guid":{"rendered":"https:\/\/jacekplacek.com.pl\/?post_type=product&#038;p=14646"},"modified":"2025-11-18T18:31:26","modified_gmt":"2025-11-18T17:31:26","slug":"gateau-japonais-aux-graines-de-pavot-sans-farine","status":"publish","type":"product","link":"https:\/\/jacekplacek.com.pl\/fr\/magasin\/babki-i-makowce\/gateau-japonais-aux-graines-de-pavot-sans-farine\/","title":{"rendered":"G\u00e2teau japonais aux graines de pavot \u2013 sans farine"},"content":{"rendered":"<p><strong>G\u00e2teau japonais aux graines de pavot sans farine<\/strong> est le choix parfait pour la table de No\u00ebl - saine, l\u00e9g\u00e8re et en m\u00eame temps pleine de saveurs traditionnelles associ\u00e9es \u00e0 la chaleur et \u00e0 l&#039;ambiance familiale. Il est \u00e9galement parfait comme dessert pour des occasions sp\u00e9ciales ou comme gourmandise sucr\u00e9e avec une tasse de caf\u00e9 ou de th\u00e9. Profitez des f\u00eates avec cette p\u00e2tisserie unique qui allie simplicit\u00e9 et sophistication !<\/p>\n<p>La base de ce g\u00e2teau aux graines de pavot est constitu\u00e9e de graines de pavot, qui lui conf\u00e8rent un caract\u00e8re riche et l\u00e9g\u00e8rement noisette. Une douceur subtile, obtenue gr\u00e2ce \u00e0 des ingr\u00e9dients naturels, souligne le go\u00fbt des graines de pavot, et une d\u00e9licate note vanill\u00e9e compl\u00e8te le tout. D\u00e9cor\u00e9 d&#039;un l\u00e9ger gla\u00e7age au chocolat ou d&#039;une pinc\u00e9e de sucre en poudre, le g\u00e2teau aux graines de pavot est \u00e9l\u00e9gant et app\u00e9tissant.<\/p>","protected":false},"excerpt":{"rendered":"<p><span data-sheets-root=\"1\">Masse de graines de pavot moelleuse et humide avec des fruits secs, des pommes et de la farine de millet et un fort ar\u00f4me d&#039;amande. Notre recette ne contient pas de farine, elle convient donc aux personnes \u00e9vitant le gluten.<\/span><\/p>","protected":false},"featured_media":14657,"comment_status":"closed","ping_status":"closed","template":"","meta":{"content-type":""},"product_brand":[],"product_cat":[81,907],"product_tag":[557,866,868,867,99,854,444,446,445,449,141,865],"class_list":{"0":"post-14646","1":"product","2":"type-product","3":"status-publish","4":"has-post-thumbnail","6":"product_cat-babki-i-makowce","7":"product_cat-ciasta-swiateczne","8":"product_tag-ciasto-bez-maki","9":"product_tag-ciasto-bezglutenowe","10":"product_tag-ciasto-boze-narodzenie","11":"product_tag-ciasto-specjalistyczne","12":"product_tag-ciasto-swiateczne","13":"product_tag-cukiernia-gdansk","14":"product_tag-cukiernia-jacek-placek","15":"product_tag-jacek-placek-gdansk","16":"product_tag-jacek-placek-gowino","17":"product_tag-jacek-placek-sopot","18":"product_tag-makowiec","19":"product_tag-makowiec-japonski","21":"entry","22":"has-media","24":"first","25":"instock","26":"shipping-taxable","27":"product-type-variable","28":"has-product-nav","29":"col","30":"span_1_of_4","31":"owp-content-center","32":"owp-thumbs-layout-horizontal","33":"owp-btn-normal","34":"owp-tabs-layout-horizontal"},"acf":[],"_links":{"self":[{"href":"https:\/\/jacekplacek.com.pl\/fr\/wp-json\/wp\/v2\/product\/14646","targetHints":{"allow":["GET"]}}],"collection":[{"href":"https:\/\/jacekplacek.com.pl\/fr\/wp-json\/wp\/v2\/product"}],"about":[{"href":"https:\/\/jacekplacek.com.pl\/fr\/wp-json\/wp\/v2\/types\/product"}],"replies":[{"embeddable":true,"href":"https:\/\/jacekplacek.com.pl\/fr\/wp-json\/wp\/v2\/comments?post=14646"}],"wp:featuredmedia":[{"embeddable":true,"href":"https:\/\/jacekplacek.com.pl\/fr\/wp-json\/wp\/v2\/media\/14657"}],"wp:attachment":[{"href":"https:\/\/jacekplacek.com.pl\/fr\/wp-json\/wp\/v2\/media?parent=14646"}],"wp:term":[{"taxonomy":"product_brand","embeddable":true,"href":"https:\/\/jacekplacek.com.pl\/fr\/wp-json\/wp\/v2\/product_brand?post=14646"},{"taxonomy":"product_cat","embeddable":true,"href":"https:\/\/jacekplacek.com.pl\/fr\/wp-json\/wp\/v2\/product_cat?post=14646"},{"taxonomy":"product_tag","embeddable":true,"href":"https:\/\/jacekplacek.com.pl\/fr\/wp-json\/wp\/v2\/product_tag?post=14646"}],"curies":[{"name":"wp","href":"https:\/\/api.w.org\/{rel}","templated":true}]}}