{"id":14627,"date":"2024-11-14T16:50:42","date_gmt":"2024-11-14T15:50:42","guid":{"rendered":"https:\/\/jacekplacek.com.pl\/?post_type=product&#038;p=14627"},"modified":"2025-11-18T18:31:26","modified_gmt":"2025-11-18T17:31:26","slug":"tarte-au-pain-depices-au-chocolat","status":"publish","type":"product","link":"https:\/\/jacekplacek.com.pl\/fr\/magasin\/tartes\/tarte-au-pain-depices-au-chocolat\/","title":{"rendered":"Tarte au pain d&#039;\u00e9pices au chocolat"},"content":{"rendered":"<p>Pr\u00e9parez-vous \u00e0 un v\u00e9ritable festin de go\u00fbt avec notre <strong>Tarte au chocolat et pain d&#039;\u00e9pices<\/strong> \u2013 la combinaison parfaite d\u2019un ar\u00f4me profond d\u2019\u00e9pices et d\u2019un chocolat velout\u00e9 et intense. C&#039;est un dessert \u00e9l\u00e9gant qui combine les saveurs traditionnelles des f\u00eates avec une finition moderne.<\/p>\n<p>La base de cette tarte est une p\u00e2te \u00e0 pain d&#039;\u00e9pices d\u00e9licate et moelleuse, cr\u00e9\u00e9e avec notre propre m\u00e9lange d&#039;\u00e9pices. La cannelle, les clous de girofle, la muscade et le gingembre impr\u00e8gnent chaque bouch\u00e9e, lui conf\u00e9rant un ar\u00f4me distinctif et chaleureux qui vous met parfaitement dans l&#039;ambiance des f\u00eates.<\/p>\n<p>Sur la base de pain d&#039;\u00e9pices se trouve une couche de confiture de canneberges maison, qui avec sa note l\u00e9g\u00e8rement acide brise parfaitement la douceur et souligne la richesse de la saveur. Le tout est surmont\u00e9 d&#039;un gla\u00e7age au chocolat onctueux et intense qui ajoute une texture velout\u00e9e et de la profondeur au dessert, tout en contrastant joliment avec le caract\u00e8re \u00e9pic\u00e9 de la tarte.<\/p>","protected":false},"excerpt":{"rendered":"<p><span data-sheets-root=\"1\">Base de pain d&#039;\u00e9pices avec un m\u00e9lange original d&#039;\u00e9pices, confiture de canneberges maison et gla\u00e7age au chocolat intense.<\/span><\/p>","protected":false},"featured_media":14641,"comment_status":"closed","ping_status":"closed","template":"","meta":{"content-type":""},"product_brand":[],"product_cat":[830],"product_tag":[868,99,854,747,831,425,872,834,166,730,733,731,732,734],"class_list":{"0":"post-14627","1":"product","2":"type-product","3":"status-publish","4":"has-post-thumbnail","6":"product_cat-tarty","7":"product_tag-ciasto-boze-narodzenie","8":"product_tag-ciasto-swiateczne","9":"product_tag-cukiernia-gdansk","10":"product_tag-luksusowy-tort","11":"product_tag-slodka-tarta","12":"product_tag-tarta","13":"product_tag-tarta-czekoladowo-piernikowa","14":"product_tag-tarta-slony-karmel","15":"product_tag-tort","16":"product_tag-tort-na-urodziny","17":"product_tag-tort-naturalny","18":"product_tag-tort-urodzinowy","19":"product_tag-torty-naturalne","20":"product_tag-zdrowy-sklad","22":"entry","23":"has-media","25":"first","26":"instock","27":"shipping-taxable","28":"product-type-variable","29":"has-default-attributes","30":"has-product-nav","31":"col","32":"span_1_of_4","33":"owp-content-center","34":"owp-thumbs-layout-horizontal","35":"owp-btn-normal","36":"owp-tabs-layout-horizontal"},"acf":[],"_links":{"self":[{"href":"https:\/\/jacekplacek.com.pl\/fr\/wp-json\/wp\/v2\/product\/14627","targetHints":{"allow":["GET"]}}],"collection":[{"href":"https:\/\/jacekplacek.com.pl\/fr\/wp-json\/wp\/v2\/product"}],"about":[{"href":"https:\/\/jacekplacek.com.pl\/fr\/wp-json\/wp\/v2\/types\/product"}],"replies":[{"embeddable":true,"href":"https:\/\/jacekplacek.com.pl\/fr\/wp-json\/wp\/v2\/comments?post=14627"}],"wp:featuredmedia":[{"embeddable":true,"href":"https:\/\/jacekplacek.com.pl\/fr\/wp-json\/wp\/v2\/media\/14641"}],"wp:attachment":[{"href":"https:\/\/jacekplacek.com.pl\/fr\/wp-json\/wp\/v2\/media?parent=14627"}],"wp:term":[{"taxonomy":"product_brand","embeddable":true,"href":"https:\/\/jacekplacek.com.pl\/fr\/wp-json\/wp\/v2\/product_brand?post=14627"},{"taxonomy":"product_cat","embeddable":true,"href":"https:\/\/jacekplacek.com.pl\/fr\/wp-json\/wp\/v2\/product_cat?post=14627"},{"taxonomy":"product_tag","embeddable":true,"href":"https:\/\/jacekplacek.com.pl\/fr\/wp-json\/wp\/v2\/product_tag?post=14627"}],"curies":[{"name":"wp","href":"https:\/\/api.w.org\/{rel}","templated":true}]}}