{"id":14624,"date":"2024-11-14T16:50:40","date_gmt":"2024-11-14T15:50:40","guid":{"rendered":"https:\/\/jacekplacek.com.pl\/?post_type=product&#038;p=14624"},"modified":"2025-11-18T18:31:26","modified_gmt":"2025-11-18T17:31:26","slug":"tarte-aux-graines-de-pavot-kahlua","status":"publish","type":"product","link":"https:\/\/jacekplacek.com.pl\/fr\/magasin\/tartes\/tarte-aux-graines-de-pavot-kahlua\/","title":{"rendered":"Tartelette aux graines de pavot et cr\u00e8me Kahlua"},"content":{"rendered":"<p><strong>Tartelette aux graines de pavot et cr\u00e8me Kahlua<\/strong> Cette combinaison harmonieuse de graines de pavot et de cr\u00e8me au caf\u00e9 vous surprendra par sa richesse de go\u00fbt et son \u00e9l\u00e9gance, devenant une d\u00e9coration de chaque table de No\u00ebl.<\/p>\n<p>La p\u00e2te \u00e0 tarte d\u00e9licate et bris\u00e9e cr\u00e9e une base id\u00e9ale pour une masse de graines de pavot moelleuse et aromatique, pr\u00e9par\u00e9e \u00e0 partir de graines de pavot de la plus haute qualit\u00e9. La garniture est compl\u00e9t\u00e9e par une cr\u00e8me \u00e0 base de liqueur Kahlua, qui ajoute une profondeur de caf\u00e9 raffin\u00e9e et une texture velout\u00e9e au dessert. Le tout est surmont\u00e9 d&#039;une d\u00e9coration lumineuse qui ajoute un caract\u00e8re festif au dessert.<\/p>\n<p><strong>Tartelette aux graines de pavot et cr\u00e8me Kahlua<\/strong> est un excellent choix pour les amateurs de desserts uniques alliant saveurs traditionnelles et accents modernes. Il est parfait comme ajout attrayant au caf\u00e9 de No\u00ebl, pour ravir les invit\u00e9s ou comme cadeau unique et sucr\u00e9 pour vos proches. Si vous cherchez quelque chose pour faire ressortir vos vacances, cette tarte sera un choix inoubliable.<\/p>","protected":false},"excerpt":{"rendered":"<p><strong>Tartelette aux graines de pavot et cr\u00e8me Kahlua<\/strong> est un dessert unique qui combine le go\u00fbt traditionnel des graines de pavot avec une touche de cr\u00e8me au go\u00fbt et \u00e0 l&#039;ar\u00f4me de caf\u00e9.<\/p>","protected":false},"featured_media":14630,"comment_status":"closed","ping_status":"closed","template":"","meta":{"content-type":""},"product_brand":[],"product_cat":[830],"product_tag":[878,877,99,854,831,425,876,875,166,730,733,731,732,734],"class_list":{"0":"post-14624","1":"product","2":"type-product","3":"status-publish","4":"has-post-thumbnail","6":"product_cat-tarty","7":"product_tag-ciasto-na-boze-narodzenie","8":"product_tag-ciasto-na-swieta","9":"product_tag-ciasto-swiateczne","10":"product_tag-cukiernia-gdansk","11":"product_tag-slodka-tarta","12":"product_tag-tarta","13":"product_tag-tarta-makowa","14":"product_tag-tarta-makowa-z-kremem-kahlua","15":"product_tag-tort","16":"product_tag-tort-na-urodziny","17":"product_tag-tort-naturalny","18":"product_tag-tort-urodzinowy","19":"product_tag-torty-naturalne","20":"product_tag-zdrowy-sklad","22":"entry","23":"has-media","25":"first","26":"instock","27":"shipping-taxable","28":"product-type-variable","29":"has-default-attributes","30":"has-product-nav","31":"col","32":"span_1_of_4","33":"owp-content-center","34":"owp-thumbs-layout-horizontal","35":"owp-btn-normal","36":"owp-tabs-layout-horizontal"},"acf":[],"_links":{"self":[{"href":"https:\/\/jacekplacek.com.pl\/fr\/wp-json\/wp\/v2\/product\/14624","targetHints":{"allow":["GET"]}}],"collection":[{"href":"https:\/\/jacekplacek.com.pl\/fr\/wp-json\/wp\/v2\/product"}],"about":[{"href":"https:\/\/jacekplacek.com.pl\/fr\/wp-json\/wp\/v2\/types\/product"}],"replies":[{"embeddable":true,"href":"https:\/\/jacekplacek.com.pl\/fr\/wp-json\/wp\/v2\/comments?post=14624"}],"wp:featuredmedia":[{"embeddable":true,"href":"https:\/\/jacekplacek.com.pl\/fr\/wp-json\/wp\/v2\/media\/14630"}],"wp:attachment":[{"href":"https:\/\/jacekplacek.com.pl\/fr\/wp-json\/wp\/v2\/media?parent=14624"}],"wp:term":[{"taxonomy":"product_brand","embeddable":true,"href":"https:\/\/jacekplacek.com.pl\/fr\/wp-json\/wp\/v2\/product_brand?post=14624"},{"taxonomy":"product_cat","embeddable":true,"href":"https:\/\/jacekplacek.com.pl\/fr\/wp-json\/wp\/v2\/product_cat?post=14624"},{"taxonomy":"product_tag","embeddable":true,"href":"https:\/\/jacekplacek.com.pl\/fr\/wp-json\/wp\/v2\/product_tag?post=14624"}],"curies":[{"name":"wp","href":"https:\/\/api.w.org\/{rel}","templated":true}]}}