{"id":14607,"date":"2024-11-14T16:25:51","date_gmt":"2024-11-14T15:25:51","guid":{"rendered":"https:\/\/jacekplacek.com.pl\/?post_type=product&#038;p=14607"},"modified":"2025-11-18T18:31:26","modified_gmt":"2025-11-18T17:31:26","slug":"gateau-au-pain-depices","status":"publish","type":"product","link":"https:\/\/jacekplacek.com.pl\/fr\/magasin\/torty_i_desery\/gateaux\/gateau-au-pain-depices\/","title":{"rendered":"G\u00e2teau au pain d&#039;\u00e9pice"},"content":{"rendered":"<p><strong>G\u00e2teau au pain d&#039;\u00e9pice <\/strong>\u2013 la profondeur des \u00e9pices comme la cannelle, le gingembre et les clous de girofle, combin\u00e9es au moelleux du pain d&#039;\u00e9pices, cr\u00e9ent un go\u00fbt unique qui ravira tous les amateurs de douceurs de No\u00ebl.<\/p>\n<ul>\n<li style=\"font-weight: 400;\" aria-level=\"1\"><span style=\"font-weight: 400;\">P\u00e2te \u00e0 pain d&#039;\u00e9pices \u00e0 base de votre propre m\u00e9lange d&#039;\u00e9pices.<\/span><\/li>\n<li style=\"font-weight: 400;\" aria-level=\"1\"><span style=\"font-weight: 400;\">Confiture de prunes maison.<\/span><\/li>\n<li style=\"font-weight: 400;\" aria-level=\"1\"><span style=\"font-weight: 400;\">Cr\u00e8me au beurre au chocolat \u00e0 base de beurre.<\/span><\/li>\n<\/ul>\n<p>Offrez-vous un peu de luxe et ressentez la magie de No\u00ebl dans ce merveilleux g\u00e2teau !<\/p>","protected":false},"excerpt":{"rendered":"<p><span data-sheets-root=\"1\">P\u00e2te \u00e0 pain d&#039;\u00e9pices \u00e0 base de notre propre m\u00e9lange d&#039;\u00e9pices. Confiture de prunes maison. Cr\u00e8me au beurre au chocolat \u00e0 base de beurre.<\/span><\/p>","protected":false},"featured_media":14617,"comment_status":"closed","ping_status":"closed","template":"","meta":{"content-type":""},"product_brand":[],"product_cat":[123],"product_tag":[747,166,176,730,733,848,731,732,734],"class_list":{"0":"post-14607","1":"product","2":"type-product","3":"status-publish","4":"has-post-thumbnail","6":"product_cat-torty","7":"product_tag-luksusowy-tort","8":"product_tag-tort","9":"product_tag-tort-czekoladowy","10":"product_tag-tort-na-urodziny","11":"product_tag-tort-naturalny","12":"product_tag-tort-piernikowy","13":"product_tag-tort-urodzinowy","14":"product_tag-torty-naturalne","15":"product_tag-zdrowy-sklad","17":"entry","18":"has-media","20":"first","21":"instock","22":"shipping-taxable","23":"product-type-variable","24":"has-default-attributes","25":"has-product-nav","26":"col","27":"span_1_of_4","28":"owp-content-center","29":"owp-thumbs-layout-horizontal","30":"owp-btn-normal","31":"owp-tabs-layout-horizontal"},"acf":[],"_links":{"self":[{"href":"https:\/\/jacekplacek.com.pl\/fr\/wp-json\/wp\/v2\/product\/14607","targetHints":{"allow":["GET"]}}],"collection":[{"href":"https:\/\/jacekplacek.com.pl\/fr\/wp-json\/wp\/v2\/product"}],"about":[{"href":"https:\/\/jacekplacek.com.pl\/fr\/wp-json\/wp\/v2\/types\/product"}],"replies":[{"embeddable":true,"href":"https:\/\/jacekplacek.com.pl\/fr\/wp-json\/wp\/v2\/comments?post=14607"}],"wp:featuredmedia":[{"embeddable":true,"href":"https:\/\/jacekplacek.com.pl\/fr\/wp-json\/wp\/v2\/media\/14617"}],"wp:attachment":[{"href":"https:\/\/jacekplacek.com.pl\/fr\/wp-json\/wp\/v2\/media?parent=14607"}],"wp:term":[{"taxonomy":"product_brand","embeddable":true,"href":"https:\/\/jacekplacek.com.pl\/fr\/wp-json\/wp\/v2\/product_brand?post=14607"},{"taxonomy":"product_cat","embeddable":true,"href":"https:\/\/jacekplacek.com.pl\/fr\/wp-json\/wp\/v2\/product_cat?post=14607"},{"taxonomy":"product_tag","embeddable":true,"href":"https:\/\/jacekplacek.com.pl\/fr\/wp-json\/wp\/v2\/product_tag?post=14607"}],"curies":[{"name":"wp","href":"https:\/\/api.w.org\/{rel}","templated":true}]}}