{"id":14601,"date":"2024-11-14T16:08:31","date_gmt":"2024-11-14T15:08:31","guid":{"rendered":"https:\/\/jacekplacek.com.pl\/?post_type=product&#038;p=14601"},"modified":"2025-11-18T18:31:23","modified_gmt":"2025-11-18T17:31:23","slug":"mini-gateau-au-pain-depices-3-pieces","status":"publish","type":"product","link":"https:\/\/jacekplacek.com.pl\/fr\/magasin\/torty_i_desery\/mini-desserts-pour-le-cafe\/mini-gateau-au-pain-depices-3-pieces\/","title":{"rendered":"Mini g\u00e2teau au pain d&#039;\u00e9pices"},"content":{"rendered":"<p><strong>Mini g\u00e2teau au pain d&#039;\u00e9pices <\/strong>\u2013 la profondeur des \u00e9pices comme la cannelle, le gingembre et les clous de girofle, combin\u00e9es au moelleux du pain d&#039;\u00e9pices, cr\u00e9ent un go\u00fbt unique qui ravira tous les amateurs de douceurs de No\u00ebl.<\/p>\n<ul>\n<li style=\"font-weight: 400;\" aria-level=\"1\"><span style=\"font-weight: 400;\">P\u00e2te \u00e0 pain d&#039;\u00e9pices \u00e0 base de votre propre m\u00e9lange d&#039;\u00e9pices.<\/span><\/li>\n<li style=\"font-weight: 400;\" aria-level=\"1\"><span style=\"font-weight: 400;\">Confiture de prunes maison.<\/span><\/li>\n<li style=\"font-weight: 400;\" aria-level=\"1\"><span style=\"font-weight: 400;\">Cr\u00e8me au beurre au chocolat \u00e0 base de beurre.<\/span><\/li>\n<\/ul>\n<p>Offrez-vous un peu de luxe et ressentez la magie de No\u00ebl enferm\u00e9e dans ce charmant g\u00e2teau !<\/p>\n<p>Produit disponible en\u00a0<strong>3 pi\u00e8ces dans un emballage collectif (3 pi\u00e8ces environ 390g).<\/strong><\/p>","protected":false},"excerpt":{"rendered":"<p>Notre <strong>Mini g\u00e2teau au pain d&#039;\u00e9pices<\/strong> est un dessert unique qui combine tout ce qu&#039;il y a de meilleur dans les saveurs traditionnelles de No\u00ebl.<\/p>\n<p>Produit disponible en\u00a0<strong>3 pi\u00e8ces dans un emballage collectif (3 pi\u00e8ces environ 390g).<\/strong><\/p>","protected":false},"featured_media":14597,"comment_status":"closed","ping_status":"closed","template":"","meta":{"content-type":""},"product_brand":[],"product_cat":[723],"product_tag":[444,442,446,445,450,848],"class_list":{"0":"post-14601","1":"product","2":"type-product","3":"status-publish","4":"has-post-thumbnail","6":"product_cat-mini-desery-do-kawiarni","7":"product_tag-cukiernia-jacek-placek","8":"product_tag-deser-jednoporcjowy","9":"product_tag-jacek-placek-gdansk","10":"product_tag-jacek-placek-gowino","11":"product_tag-tort-mini","12":"product_tag-tort-piernikowy","14":"entry","15":"has-media","17":"first","18":"instock","19":"shipping-taxable","20":"product-type-simple","21":"has-product-nav","22":"col","23":"span_1_of_4","24":"owp-content-center","25":"owp-thumbs-layout-horizontal","26":"owp-btn-normal","27":"owp-tabs-layout-horizontal"},"acf":[],"_links":{"self":[{"href":"https:\/\/jacekplacek.com.pl\/fr\/wp-json\/wp\/v2\/product\/14601","targetHints":{"allow":["GET"]}}],"collection":[{"href":"https:\/\/jacekplacek.com.pl\/fr\/wp-json\/wp\/v2\/product"}],"about":[{"href":"https:\/\/jacekplacek.com.pl\/fr\/wp-json\/wp\/v2\/types\/product"}],"replies":[{"embeddable":true,"href":"https:\/\/jacekplacek.com.pl\/fr\/wp-json\/wp\/v2\/comments?post=14601"}],"wp:featuredmedia":[{"embeddable":true,"href":"https:\/\/jacekplacek.com.pl\/fr\/wp-json\/wp\/v2\/media\/14597"}],"wp:attachment":[{"href":"https:\/\/jacekplacek.com.pl\/fr\/wp-json\/wp\/v2\/media?parent=14601"}],"wp:term":[{"taxonomy":"product_brand","embeddable":true,"href":"https:\/\/jacekplacek.com.pl\/fr\/wp-json\/wp\/v2\/product_brand?post=14601"},{"taxonomy":"product_cat","embeddable":true,"href":"https:\/\/jacekplacek.com.pl\/fr\/wp-json\/wp\/v2\/product_cat?post=14601"},{"taxonomy":"product_tag","embeddable":true,"href":"https:\/\/jacekplacek.com.pl\/fr\/wp-json\/wp\/v2\/product_tag?post=14601"}],"curies":[{"name":"wp","href":"https:\/\/api.w.org\/{rel}","templated":true}]}}