{"id":14587,"date":"2024-11-14T15:42:53","date_gmt":"2024-11-14T14:42:53","guid":{"rendered":"https:\/\/jacekplacek.com.pl\/?post_type=product&#038;p=14587"},"modified":"2025-11-18T18:31:26","modified_gmt":"2025-11-18T17:31:26","slug":"pain-depices-vegetalien","status":"publish","type":"product","link":"https:\/\/jacekplacek.com.pl\/fr\/magasin\/babki-i-makowce\/pain-depices-vegetalien\/","title":{"rendered":"Pain d&#039;\u00e9pices \u00e0 la confiture de prunes \u2013 g\u00e2teau v\u00e9g\u00e9talien"},"content":{"rendered":"<p>Notre <strong>Pain d&#039;\u00e9pices \u00e0 la confiture de prunes<\/strong> est une interpr\u00e9tation v\u00e9g\u00e9talienne d&#039;un g\u00e2teau de No\u00ebl classique qui ravit par son go\u00fbt et son ar\u00f4me profonds. Moelleux, intens\u00e9ment \u00e9pic\u00e9, enrichi de la douceur naturelle de notre confiture de prunes. Ce pain d&#039;\u00e9pices est la combinaison parfaite de saveurs traditionnelles et d&#039;ingr\u00e9dients v\u00e9g\u00e9taux qui permettront \u00e0 chacun de savourer les p\u00e2tisseries de No\u00ebl sans compromis.<\/p>\n<p>Pain d&#039;\u00e9pices \u00e0 la confiture de prunes <span style=\"font-weight: 400;\"> propre production <\/span>il est exceptionnellement aromatique et les notes \u00e9pic\u00e9es s&#039;harmonisent \u00e0 merveille avec la saveur profonde des prunes, cr\u00e9ant une atmosph\u00e8re chaleureuse et festive. <span style=\"font-weight: 400;\">P\u00e2te sucr\u00e9e <strong>sirop d&#039;agave et sucre muscovado<\/strong>, et son v<\/span>La recette v\u00e9g\u00e9talienne rend le g\u00e2teau non seulement sain, mais \u00e9galement adapt\u00e9 aux personnes \u00e9vitant les produits d&#039;origine animale, sans aucun compromis sur le go\u00fbt et la texture.<\/p>","protected":false},"excerpt":{"rendered":"<p><strong>Pain d&#039;\u00e9pices v\u00e9g\u00e9talien \u00e0 la confiture de prunes<\/strong>\u00a0\u2013 ce g\u00e2teau sera parfait pour la table de No\u00ebl \u2013 aussi bien pour les v\u00e9g\u00e9taliens que pour tous ceux qui souhaitent essayer une version moderne de la p\u00e2tisserie traditionnelle \u2013 sa version v\u00e9g\u00e9talienne en fera un choix id\u00e9al pour c\u00e9l\u00e9brer avec vos proches.<\/p>","protected":false},"featured_media":14593,"comment_status":"closed","ping_status":"closed","template":"","meta":{"content-type":""},"product_brand":[],"product_cat":[81,907],"product_tag":[452,444,446,445,449,846],"class_list":{"0":"post-14587","1":"product","2":"type-product","3":"status-publish","4":"has-post-thumbnail","6":"product_cat-babki-i-makowce","7":"product_cat-ciasta-swiateczne","8":"product_tag-ciasto-weganskie","9":"product_tag-cukiernia-jacek-placek","10":"product_tag-jacek-placek-gdansk","11":"product_tag-jacek-placek-gowino","12":"product_tag-jacek-placek-sopot","13":"product_tag-piernik-z-powidlami-sliwkowymi","15":"entry","16":"has-media","18":"first","19":"instock","20":"shipping-taxable","21":"product-type-variable","22":"has-product-nav","23":"col","24":"span_1_of_4","25":"owp-content-center","26":"owp-thumbs-layout-horizontal","27":"owp-btn-normal","28":"owp-tabs-layout-horizontal"},"acf":[],"_links":{"self":[{"href":"https:\/\/jacekplacek.com.pl\/fr\/wp-json\/wp\/v2\/product\/14587","targetHints":{"allow":["GET"]}}],"collection":[{"href":"https:\/\/jacekplacek.com.pl\/fr\/wp-json\/wp\/v2\/product"}],"about":[{"href":"https:\/\/jacekplacek.com.pl\/fr\/wp-json\/wp\/v2\/types\/product"}],"replies":[{"embeddable":true,"href":"https:\/\/jacekplacek.com.pl\/fr\/wp-json\/wp\/v2\/comments?post=14587"}],"wp:featuredmedia":[{"embeddable":true,"href":"https:\/\/jacekplacek.com.pl\/fr\/wp-json\/wp\/v2\/media\/14593"}],"wp:attachment":[{"href":"https:\/\/jacekplacek.com.pl\/fr\/wp-json\/wp\/v2\/media?parent=14587"}],"wp:term":[{"taxonomy":"product_brand","embeddable":true,"href":"https:\/\/jacekplacek.com.pl\/fr\/wp-json\/wp\/v2\/product_brand?post=14587"},{"taxonomy":"product_cat","embeddable":true,"href":"https:\/\/jacekplacek.com.pl\/fr\/wp-json\/wp\/v2\/product_cat?post=14587"},{"taxonomy":"product_tag","embeddable":true,"href":"https:\/\/jacekplacek.com.pl\/fr\/wp-json\/wp\/v2\/product_tag?post=14587"}],"curies":[{"name":"wp","href":"https:\/\/api.w.org\/{rel}","templated":true}]}}