{"id":14572,"date":"2024-11-14T15:11:59","date_gmt":"2024-11-14T14:11:59","guid":{"rendered":"https:\/\/jacekplacek.com.pl\/?post_type=product&#038;p=14572"},"modified":"2025-11-18T18:31:21","modified_gmt":"2025-11-18T17:31:21","slug":"piernik-marchewkowy","status":"publish","type":"product","link":"https:\/\/jacekplacek.com.pl\/fr\/magasin\/babki-i-makowce\/piernik-marchewkowy\/","title":{"rendered":"Carotte de pain d&#039;\u00e9pice"},"content":{"rendered":"<p>Notre <strong>Piernik Marchewkowy<\/strong> to wyj\u0105tkowy wypiek, kt\u00f3ry \u0142\u0105czy korzenne aromaty z naturaln\u0105 s\u0142odycz\u0105 marchewki, dodaj\u0105c lekko\u015bci i odrobiny \u015bwie\u017co\u015bci do tradycyjnego \u015bwi\u0105tecznego smaku. Ten piernik to doskona\u0142y wyb\u00f3r dla tych, kt\u00f3rzy pragn\u0105 czego\u015b nowego, ale jednocze\u015bnie bliskiego \u015bwi\u0105tecznym klasykom.<\/p>\n<p>\u015awie\u017ca marchew nadaje piernikowi delikatnej s\u0142odyczy i naturalnego aromatu, jednocze\u015bnie podkre\u015blaj\u0105c jego wilgotno\u015b\u0107, a dodatkowo jako doskona\u0142e \u017ar\u00f3d\u0142o b\u0142onnika, wspiera trawienie i sprawia, \u017ce ten wypiek jest zdrow\u0105 alternatyw\u0105 na \u015bwi\u0119ta. Nuta cynamonu, go\u017adzik\u00f3w i odrobina imbiru tworz\u0105 idealnie zbalansowany smak, kt\u00f3ry wype\u0142ni dom \u015bwi\u0105tecznym aromatem.<\/p>\n<p>&nbsp;<\/p>","protected":false},"excerpt":{"rendered":"<p><strong>Piernik Marchewkowy<\/strong> sprawdzi si\u0119 jako pyszny deser \u015bwi\u0105teczny, upominek dla bliskich lub zdrowa przek\u0105ska na zimowe wieczory. Po\u0142\u0105czenie tradycji z nut\u0105 nowoczesno\u015bci sprawia, \u017ce jest to idealny wyb\u00f3r na tegoroczne \u015bwi\u0119ta!<\/p>","protected":false},"featured_media":14738,"comment_status":"closed","ping_status":"closed","template":"","meta":{"content-type":""},"product_brand":[],"product_cat":[907,81],"product_tag":[845,444,446,445,449,95,435],"class_list":{"0":"post-14572","1":"product","2":"type-product","3":"status-publish","4":"has-post-thumbnail","6":"product_cat-ciasta-swiateczne","7":"product_cat-babki-i-makowce","8":"product_tag-ciasto-dyniowe","9":"product_tag-cukiernia-jacek-placek","10":"product_tag-jacek-placek-gdansk","11":"product_tag-jacek-placek-gowino","12":"product_tag-jacek-placek-sopot","13":"product_tag-piernik","14":"product_tag-piernik-z-dynia","16":"entry","17":"has-media","19":"first","20":"instock","21":"shipping-taxable","22":"product-type-variable","23":"has-default-attributes","24":"has-product-nav","25":"col","26":"span_1_of_4","27":"owp-content-center","28":"owp-thumbs-layout-horizontal","29":"owp-btn-normal","30":"owp-tabs-layout-horizontal"},"acf":[],"_links":{"self":[{"href":"https:\/\/jacekplacek.com.pl\/fr\/wp-json\/wp\/v2\/product\/14572","targetHints":{"allow":["GET"]}}],"collection":[{"href":"https:\/\/jacekplacek.com.pl\/fr\/wp-json\/wp\/v2\/product"}],"about":[{"href":"https:\/\/jacekplacek.com.pl\/fr\/wp-json\/wp\/v2\/types\/product"}],"replies":[{"embeddable":true,"href":"https:\/\/jacekplacek.com.pl\/fr\/wp-json\/wp\/v2\/comments?post=14572"}],"wp:featuredmedia":[{"embeddable":true,"href":"https:\/\/jacekplacek.com.pl\/fr\/wp-json\/wp\/v2\/media\/14738"}],"wp:attachment":[{"href":"https:\/\/jacekplacek.com.pl\/fr\/wp-json\/wp\/v2\/media?parent=14572"}],"wp:term":[{"taxonomy":"product_brand","embeddable":true,"href":"https:\/\/jacekplacek.com.pl\/fr\/wp-json\/wp\/v2\/product_brand?post=14572"},{"taxonomy":"product_cat","embeddable":true,"href":"https:\/\/jacekplacek.com.pl\/fr\/wp-json\/wp\/v2\/product_cat?post=14572"},{"taxonomy":"product_tag","embeddable":true,"href":"https:\/\/jacekplacek.com.pl\/fr\/wp-json\/wp\/v2\/product_tag?post=14572"}],"curies":[{"name":"wp","href":"https:\/\/api.w.org\/{rel}","templated":true}]}}