{"id":14563,"date":"2024-11-14T14:19:51","date_gmt":"2024-11-14T13:19:51","guid":{"rendered":"https:\/\/jacekplacek.com.pl\/?post_type=product&#038;p=14563"},"modified":"2025-12-16T15:38:39","modified_gmt":"2025-12-16T14:38:39","slug":"pain-depices-ceto-au-sucre-de-bouleau","status":"publish","type":"product","link":"https:\/\/jacekplacek.com.pl\/fr\/magasin\/biscuits-et-biscuits\/cookies\/pain-depices-ceto-au-sucre-de-bouleau\/","title":{"rendered":"Pain d&#039;\u00e9pices Keto au sucre de bouleau"},"content":{"rendered":"<p><b>Biscuits au pain d&#039;\u00e9pice <\/b>parfait pour les personnes soucieuses de leur silhouette, de leur sant\u00e9 et de leurs sensations gustatives !<\/p>\n<ul>\n<li><strong>Pas de sucre<\/strong> \u2013 \u00e9dulcor\u00e9 avec du sucre naturel de bouleau (xylitol), qui poss\u00e8de un faible indice glyc\u00e9mique.\u00a0<span style=\"font-weight: 400;\">Gla\u00e7age au chocolat sans sucre !<\/span><\/li>\n<li><span style=\"font-weight: 400;\">Poids de la p\u00e2te<strong> \u00e0 partir de farine de noix de coco et d&#039;amande<\/strong>.<\/span><\/li>\n<li><strong>Parfait pour un r\u00e9gime c\u00e9tog\u00e8ne<\/strong> \u2013 faible teneur en glucides et quantit\u00e9 \u00e9lev\u00e9e de graisses saines.<\/li>\n<li><strong>Go\u00fbt traditionnel<\/strong> \u2013 les \u00e9pices \u00e9pic\u00e9es comme la cannelle, le gingembre et les clous de girofle \u00e9voquent une v\u00e9ritable ambiance de No\u00ebl.<\/li>\n<li><strong>Teneur r\u00e9duite en gluten<\/strong>\u00a0\u2013 convient aux personnes \u00e9vitant le gluten.<\/li>\n<\/ul>\n<p>&nbsp;<\/p>\n<p>&nbsp;<\/p>","protected":false},"excerpt":{"rendered":"<p>Ces pains d&#039;\u00e9pices croustillants et aromatiques sont parfaits pour la table de No\u00ebl, comme collation saine ou comme cadeau pour vos proches. Ajoutez de la magie \u00e0 votre No\u00ebl avec votre s\u00e9lection <strong>Biscuits au pain d&#039;\u00e9pice Keto au sucre de bouleau<\/strong> \u2013 la tradition dans une version moderne et saine !<\/p>","protected":false},"featured_media":14566,"comment_status":"closed","ping_status":"closed","template":"","meta":{"content-type":""},"product_brand":[],"product_cat":[400,121],"product_tag":[664,844,431,843,102,99,444,446,445,449,430,95,98],"class_list":{"0":"post-14563","1":"product","2":"type-product","3":"status-publish","4":"has-post-thumbnail","6":"product_cat-ciastka-i-ciasteczka","7":"product_cat-ciasteczka","8":"product_tag-ciasta-na-boze-narodzenie","9":"product_tag-ciasteczka-keto","10":"product_tag-ciasteczka-korzenne","11":"product_tag-ciasto-keto","12":"product_tag-ciasto-korzenne","13":"product_tag-ciasto-swiateczne","14":"product_tag-cukiernia-jacek-placek","15":"product_tag-jacek-placek-gdansk","16":"product_tag-jacek-placek-gowino","17":"product_tag-jacek-placek-sopot","18":"product_tag-pierniczki","19":"product_tag-piernik","20":"product_tag-swieta","22":"entry","23":"has-media","25":"first","26":"outofstock","27":"shipping-taxable","28":"product-type-variable","29":"has-product-nav","30":"col","31":"span_1_of_4","32":"owp-content-center","33":"owp-thumbs-layout-horizontal","34":"owp-btn-normal","35":"owp-tabs-layout-horizontal"},"acf":[],"_links":{"self":[{"href":"https:\/\/jacekplacek.com.pl\/fr\/wp-json\/wp\/v2\/product\/14563","targetHints":{"allow":["GET"]}}],"collection":[{"href":"https:\/\/jacekplacek.com.pl\/fr\/wp-json\/wp\/v2\/product"}],"about":[{"href":"https:\/\/jacekplacek.com.pl\/fr\/wp-json\/wp\/v2\/types\/product"}],"replies":[{"embeddable":true,"href":"https:\/\/jacekplacek.com.pl\/fr\/wp-json\/wp\/v2\/comments?post=14563"}],"wp:featuredmedia":[{"embeddable":true,"href":"https:\/\/jacekplacek.com.pl\/fr\/wp-json\/wp\/v2\/media\/14566"}],"wp:attachment":[{"href":"https:\/\/jacekplacek.com.pl\/fr\/wp-json\/wp\/v2\/media?parent=14563"}],"wp:term":[{"taxonomy":"product_brand","embeddable":true,"href":"https:\/\/jacekplacek.com.pl\/fr\/wp-json\/wp\/v2\/product_brand?post=14563"},{"taxonomy":"product_cat","embeddable":true,"href":"https:\/\/jacekplacek.com.pl\/fr\/wp-json\/wp\/v2\/product_cat?post=14563"},{"taxonomy":"product_tag","embeddable":true,"href":"https:\/\/jacekplacek.com.pl\/fr\/wp-json\/wp\/v2\/product_tag?post=14563"}],"curies":[{"name":"wp","href":"https:\/\/api.w.org\/{rel}","templated":true}]}}