{"id":1449,"date":"2020-11-30T14:14:51","date_gmt":"2020-11-30T13:14:51","guid":{"rendered":"https:\/\/jacekplacek.com.pl\/?post_type=product&#038;p=1449"},"modified":"2025-11-18T18:27:09","modified_gmt":"2025-11-18T17:27:09","slug":"rhum-bajaderka-au-chocolat","status":"publish","type":"product","link":"https:\/\/jacekplacek.com.pl\/fr\/magasin\/biscuits-et-biscuits\/gateaux-dart\/rhum-bajaderka-au-chocolat\/","title":{"rendered":"Un bagel au chocolat"},"content":{"rendered":"<p>La Bajaderka a apparemment \u00e9t\u00e9 invent\u00e9e dans les confiseries de Varsovie dans les ann\u00e9es 1920. S&#039;ils disent qu&#039;il s&#039;agit de restes de cookies, c&#039;est \u00e0 une condition : ils doivent \u00eatre de la plus haute qualit\u00e9. Nous ajoutons du vrai beurre, des fruits secs, du chocolat noir et, bien s\u00fbr, de l&#039;essence de rhum \u00e0 la g\u00e9noise.<\/p>","protected":false},"excerpt":{"rendered":"<p><span style=\"font-weight: 400\">Une boule enrob\u00e9e de chocolat compos\u00e9e de morceaux de g\u00e9noise noire, additionn\u00e9e de noix, de raisins secs, de cannelle, enrichie d&#039;ar\u00f4mes d&#039;alcool et de rhum.<\/span><\/p>","protected":false},"featured_media":6662,"comment_status":"closed","ping_status":"closed","template":"","meta":{"content-type":""},"product_brand":[],"product_cat":[83],"product_tag":[145,147,331,444,146,446,445,449],"class_list":{"0":"post-1449","1":"product","2":"type-product","3":"status-publish","4":"has-post-thumbnail","6":"product_cat-ciastka-sztukowe","7":"product_tag-babeczki","8":"product_tag-babeczki-czekoladowe","9":"product_tag-bajaderka","10":"product_tag-cukiernia-jacek-placek","11":"product_tag-czekoladowe","12":"product_tag-jacek-placek-gdansk","13":"product_tag-jacek-placek-gowino","14":"product_tag-jacek-placek-sopot","16":"entry","17":"has-media","19":"first","20":"instock","21":"shipping-taxable","22":"product-type-simple","23":"has-product-nav","24":"col","25":"span_1_of_4","26":"owp-content-center","27":"owp-thumbs-layout-horizontal","28":"owp-btn-normal","29":"owp-tabs-layout-horizontal"},"acf":[],"_links":{"self":[{"href":"https:\/\/jacekplacek.com.pl\/fr\/wp-json\/wp\/v2\/product\/1449","targetHints":{"allow":["GET"]}}],"collection":[{"href":"https:\/\/jacekplacek.com.pl\/fr\/wp-json\/wp\/v2\/product"}],"about":[{"href":"https:\/\/jacekplacek.com.pl\/fr\/wp-json\/wp\/v2\/types\/product"}],"replies":[{"embeddable":true,"href":"https:\/\/jacekplacek.com.pl\/fr\/wp-json\/wp\/v2\/comments?post=1449"}],"wp:featuredmedia":[{"embeddable":true,"href":"https:\/\/jacekplacek.com.pl\/fr\/wp-json\/wp\/v2\/media\/6662"}],"wp:attachment":[{"href":"https:\/\/jacekplacek.com.pl\/fr\/wp-json\/wp\/v2\/media?parent=1449"}],"wp:term":[{"taxonomy":"product_brand","embeddable":true,"href":"https:\/\/jacekplacek.com.pl\/fr\/wp-json\/wp\/v2\/product_brand?post=1449"},{"taxonomy":"product_cat","embeddable":true,"href":"https:\/\/jacekplacek.com.pl\/fr\/wp-json\/wp\/v2\/product_cat?post=1449"},{"taxonomy":"product_tag","embeddable":true,"href":"https:\/\/jacekplacek.com.pl\/fr\/wp-json\/wp\/v2\/product_tag?post=1449"}],"curies":[{"name":"wp","href":"https:\/\/api.w.org\/{rel}","templated":true}]}}