{"id":1448,"date":"2020-11-30T14:11:58","date_gmt":"2020-11-30T13:11:58","guid":{"rendered":"https:\/\/jacekplacek.com.pl\/?post_type=product&#038;p=1448"},"modified":"2025-11-18T18:27:08","modified_gmt":"2025-11-18T17:27:08","slug":"biscuit-crepes-a-la-creme-patissiere","status":"publish","type":"product","link":"https:\/\/jacekplacek.com.pl\/fr\/magasin\/biscuits-et-biscuits\/gateaux-dart\/biscuit-crepes-a-la-creme-patissiere\/","title":{"rendered":"Cr\u00eapes aux biscuits"},"content":{"rendered":"<p>L\u00e9gers et moelleux, deux disques de g\u00e9noise avec une pointe de punch aux agrumes, et entre eux une d\u00e9licate cr\u00e8me anglaise \u00e0 la vanille et un peu de marmelade de fraises pour souligner l&#039;acidit\u00e9 du fruit.<\/p>\n<p>&nbsp;<\/p>\n<p>&nbsp;<\/p>\n<p>&nbsp;<\/p>","protected":false},"excerpt":{"rendered":"<p><span style=\"font-weight: 400;\">G\u00e9noise imbib\u00e9e de punch aux fruits, avec cr\u00e8me anglaise et marmelade de fraises, saupoudr\u00e9e de sucre en poudre.<\/span><\/p>","protected":false},"featured_media":6669,"comment_status":"closed","ping_status":"closed","template":"","meta":{"content-type":""},"product_brand":[],"product_cat":[83],"product_tag":[444,446,445,449,133,479,480,481],"class_list":{"0":"post-1448","1":"product","2":"type-product","3":"status-publish","4":"has-post-thumbnail","6":"product_cat-ciastka-sztukowe","7":"product_tag-cukiernia-jacek-placek","8":"product_tag-jacek-placek-gdansk","9":"product_tag-jacek-placek-gowino","10":"product_tag-jacek-placek-sopot","11":"product_tag-krem-budyniowy","12":"product_tag-nalesniczki","13":"product_tag-nalesniki-biszkoptowe","14":"product_tag-z-ponczem","16":"entry","17":"has-media","19":"first","20":"instock","21":"shipping-taxable","22":"product-type-simple","23":"has-product-nav","24":"col","25":"span_1_of_4","26":"owp-content-center","27":"owp-thumbs-layout-horizontal","28":"owp-btn-normal","29":"owp-tabs-layout-horizontal"},"acf":[],"_links":{"self":[{"href":"https:\/\/jacekplacek.com.pl\/fr\/wp-json\/wp\/v2\/product\/1448","targetHints":{"allow":["GET"]}}],"collection":[{"href":"https:\/\/jacekplacek.com.pl\/fr\/wp-json\/wp\/v2\/product"}],"about":[{"href":"https:\/\/jacekplacek.com.pl\/fr\/wp-json\/wp\/v2\/types\/product"}],"replies":[{"embeddable":true,"href":"https:\/\/jacekplacek.com.pl\/fr\/wp-json\/wp\/v2\/comments?post=1448"}],"wp:featuredmedia":[{"embeddable":true,"href":"https:\/\/jacekplacek.com.pl\/fr\/wp-json\/wp\/v2\/media\/6669"}],"wp:attachment":[{"href":"https:\/\/jacekplacek.com.pl\/fr\/wp-json\/wp\/v2\/media?parent=1448"}],"wp:term":[{"taxonomy":"product_brand","embeddable":true,"href":"https:\/\/jacekplacek.com.pl\/fr\/wp-json\/wp\/v2\/product_brand?post=1448"},{"taxonomy":"product_cat","embeddable":true,"href":"https:\/\/jacekplacek.com.pl\/fr\/wp-json\/wp\/v2\/product_cat?post=1448"},{"taxonomy":"product_tag","embeddable":true,"href":"https:\/\/jacekplacek.com.pl\/fr\/wp-json\/wp\/v2\/product_tag?post=1448"}],"curies":[{"name":"wp","href":"https:\/\/api.w.org\/{rel}","templated":true}]}}