{"id":1447,"date":"2020-11-30T14:11:57","date_gmt":"2020-11-30T13:11:57","guid":{"rendered":"https:\/\/jacekplacek.com.pl\/?post_type=product&#038;p=1447"},"modified":"2025-11-18T18:27:08","modified_gmt":"2025-11-18T17:27:08","slug":"chou-a-la-creme","status":"publish","type":"product","link":"https:\/\/jacekplacek.com.pl\/fr\/magasin\/biscuits-et-biscuits\/gateaux-dart\/chou-a-la-creme\/","title":{"rendered":"Chou \u00e0 la cr\u00e8me fourr\u00e9 \u00e0 la cr\u00e8me"},"content":{"rendered":"<p>Un nid de p\u00e2te \u00e0 choux garni de fromage \u00e0 la cr\u00e8me, saupoudr\u00e9 de sucre glace.<\/p>\n<p>&nbsp;<\/p>\n<p>&nbsp;<\/p>\n<p>&nbsp;<\/p>","protected":false},"excerpt":{"rendered":"<p>P\u00e2te \u00e0 choux fourr\u00e9e \u00e0 la cr\u00e8me.<\/p>","protected":false},"featured_media":6667,"comment_status":"closed","ping_status":"closed","template":"","meta":{"content-type":""},"product_brand":[],"product_cat":[83],"product_tag":[482,132,444,446,445,449,484,483],"class_list":{"0":"post-1447","1":"product","2":"type-product","3":"status-publish","4":"has-post-thumbnail","6":"product_cat-ciastka-sztukowe","7":"product_tag-ciasto-parzone","8":"product_tag-ciasto-ptysiowe","9":"product_tag-cukiernia-jacek-placek","10":"product_tag-jacek-placek-gdansk","11":"product_tag-jacek-placek-gowino","12":"product_tag-jacek-placek-sopot","13":"product_tag-krem-smietanowy","14":"product_tag-ptys-z-bita-smietana","16":"entry","17":"has-media","19":"first","20":"instock","21":"shipping-taxable","22":"product-type-simple","23":"has-product-nav","24":"col","25":"span_1_of_4","26":"owp-content-center","27":"owp-thumbs-layout-horizontal","28":"owp-btn-normal","29":"owp-tabs-layout-horizontal"},"acf":[],"_links":{"self":[{"href":"https:\/\/jacekplacek.com.pl\/fr\/wp-json\/wp\/v2\/product\/1447","targetHints":{"allow":["GET"]}}],"collection":[{"href":"https:\/\/jacekplacek.com.pl\/fr\/wp-json\/wp\/v2\/product"}],"about":[{"href":"https:\/\/jacekplacek.com.pl\/fr\/wp-json\/wp\/v2\/types\/product"}],"replies":[{"embeddable":true,"href":"https:\/\/jacekplacek.com.pl\/fr\/wp-json\/wp\/v2\/comments?post=1447"}],"wp:featuredmedia":[{"embeddable":true,"href":"https:\/\/jacekplacek.com.pl\/fr\/wp-json\/wp\/v2\/media\/6667"}],"wp:attachment":[{"href":"https:\/\/jacekplacek.com.pl\/fr\/wp-json\/wp\/v2\/media?parent=1447"}],"wp:term":[{"taxonomy":"product_brand","embeddable":true,"href":"https:\/\/jacekplacek.com.pl\/fr\/wp-json\/wp\/v2\/product_brand?post=1447"},{"taxonomy":"product_cat","embeddable":true,"href":"https:\/\/jacekplacek.com.pl\/fr\/wp-json\/wp\/v2\/product_cat?post=1447"},{"taxonomy":"product_tag","embeddable":true,"href":"https:\/\/jacekplacek.com.pl\/fr\/wp-json\/wp\/v2\/product_tag?post=1447"}],"curies":[{"name":"wp","href":"https:\/\/api.w.org\/{rel}","templated":true}]}}