{"id":11963,"date":"2024-01-18T11:49:22","date_gmt":"2024-01-18T10:49:22","guid":{"rendered":"https:\/\/jacekplacek.com.pl\/?post_type=product&#038;p=11963"},"modified":"2025-11-18T18:31:05","modified_gmt":"2025-11-18T17:31:05","slug":"muffins-au-yaourt-et-aux-baies-12","status":"publish","type":"product","link":"https:\/\/jacekplacek.com.pl\/fr\/magasin\/gateaux-a-la-creme\/muffins-au-yaourt-et-aux-baies-12\/","title":{"rendered":"Coffret Sweet \u2013 pour les entreprises"},"content":{"rendered":"<p><b>Paquet sucr\u00e9<\/b><span style=\"font-weight: 400;\"> sont 24 portions de p\u00e2te tranch\u00e9es dans des moules \u00e0 cupcakes d&#039;un poids moyen de 1,90 kg (dans des boyaux individuels en papier sulfuris\u00e9). Le coffret comprend 3 types de g\u00e2teaux, dispos\u00e9s sur un plateau d\u00e9di\u00e9, dans une bo\u00eete de protection.<\/span><\/p>\n<p><span style=\"font-weight: 400;\">Pour les coffrets, on choisit des g\u00e2teaux qui se conservent \u00e0 temp\u00e9rature ambiante toute la journ\u00e9e, voire m\u00eame au r\u00e9frig\u00e9rateur. <\/span><b>5 jours !<\/b><\/p>\n<div class=\"x1e56ztr\" data-block=\"true\" data-editor=\"9812b\" data-offset-key=\"atun-0-0\"><\/div>\n<div class=\"x1e56ztr\" data-block=\"true\" data-editor=\"9812b\" data-offset-key=\"clmd4-0-0\">\n<div class=\"_1mf _1mj\" data-offset-key=\"clmd4-0-0\"><span data-offset-key=\"clmd4-0-0\"> C&#039;est une proposition id\u00e9ale pour les entreprises et les lieux de travail o\u00f9 des rafra\u00eechissements sucr\u00e9s sont souvent organis\u00e9s pour les employ\u00e9s et les invit\u00e9s. <\/span>Notre ensemble comprend des morceaux de g\u00e2teau pr\u00eats \u00e0 l&#039;emploi qu&#039;il vous suffit de saisir et de manger.<\/div>\n<\/div>\n<div class=\"x1e56ztr\" data-block=\"true\" data-editor=\"9812b\" data-offset-key=\"54kc3-0-0\">\n<div class=\"_1mf _1mj\" data-offset-key=\"54kc3-0-0\"><span data-offset-key=\"54kc3-0-0\">Chaque semaine, nous proposons diff\u00e9rents types de produits de boulangerie dans l&#039;emballage - avec<\/span><span data-offset-key=\"2709o-0-0\">Nous vous invitons \u00e0 profiter de notre nouvelle offre et \u00e0 contacter cake@jacekplacek.com.pl.<\/span><\/div>\n<\/div>","protected":false},"excerpt":{"rendered":"<p><span style=\"font-weight: 400;\"><b>Paquet sucr\u00e9<\/b> cela repr\u00e9sente 24 portions de p\u00e2te dans des moules \u00e0 cupcakes - autant que <\/span><span style=\"font-weight: 400;\">3 saveurs diff\u00e9rentes \u2013 chacun y trouvera son compte !\u00a0<\/span><span style=\"font-weight: 400;\">Des saveurs diff\u00e9rentes chaque semaine ! Commandez un abonnement \u00e0 votre entreprise d\u00e8s aujourd\u2019hui \u2013 sklep@jacekplacek.com.pl.\u00a0<\/span><\/p>","protected":false},"featured_media":11969,"comment_status":"closed","ping_status":"closed","template":"","meta":{"content-type":""},"product_brand":[],"product_cat":[398],"product_tag":[805,804,444,803,446,445,449,801,802],"class_list":{"0":"post-11963","1":"product","2":"type-product","3":"status-publish","4":"has-post-thumbnail","6":"product_cat-ciasta-kremowe","7":"product_tag-abonament-ciast","8":"product_tag-ciasto-do-firm","9":"product_tag-cukiernia-jacek-placek","10":"product_tag-dla-firm","11":"product_tag-jacek-placek-gdansk","12":"product_tag-jacek-placek-gowino","13":"product_tag-jacek-placek-sopot","14":"product_tag-zestaw-ciast","15":"product_tag-zestaw-dla-firm","17":"entry","18":"has-media","20":"first","21":"instock","22":"shipping-taxable","23":"product-type-simple","24":"has-product-nav","25":"col","26":"span_1_of_4","27":"owp-content-center","28":"owp-thumbs-layout-horizontal","29":"owp-btn-normal","30":"owp-tabs-layout-horizontal"},"acf":[],"_links":{"self":[{"href":"https:\/\/jacekplacek.com.pl\/fr\/wp-json\/wp\/v2\/product\/11963","targetHints":{"allow":["GET"]}}],"collection":[{"href":"https:\/\/jacekplacek.com.pl\/fr\/wp-json\/wp\/v2\/product"}],"about":[{"href":"https:\/\/jacekplacek.com.pl\/fr\/wp-json\/wp\/v2\/types\/product"}],"replies":[{"embeddable":true,"href":"https:\/\/jacekplacek.com.pl\/fr\/wp-json\/wp\/v2\/comments?post=11963"}],"wp:featuredmedia":[{"embeddable":true,"href":"https:\/\/jacekplacek.com.pl\/fr\/wp-json\/wp\/v2\/media\/11969"}],"wp:attachment":[{"href":"https:\/\/jacekplacek.com.pl\/fr\/wp-json\/wp\/v2\/media?parent=11963"}],"wp:term":[{"taxonomy":"product_brand","embeddable":true,"href":"https:\/\/jacekplacek.com.pl\/fr\/wp-json\/wp\/v2\/product_brand?post=11963"},{"taxonomy":"product_cat","embeddable":true,"href":"https:\/\/jacekplacek.com.pl\/fr\/wp-json\/wp\/v2\/product_cat?post=11963"},{"taxonomy":"product_tag","embeddable":true,"href":"https:\/\/jacekplacek.com.pl\/fr\/wp-json\/wp\/v2\/product_tag?post=11963"}],"curies":[{"name":"wp","href":"https:\/\/api.w.org\/{rel}","templated":true}]}}