{"id":11928,"date":"2024-01-16T09:16:20","date_gmt":"2024-01-16T08:16:20","guid":{"rendered":"https:\/\/jacekplacek.com.pl\/?post_type=product&#038;p=11928"},"modified":"2025-11-18T18:31:04","modified_gmt":"2025-11-18T17:31:04","slug":"muffins-au-yaourt-et-aux-baies-7","status":"publish","type":"product","link":"https:\/\/jacekplacek.com.pl\/fr\/magasin\/biscuits-et-biscuits\/gateaux-dart\/muffins-au-yaourt-et-aux-baies-7\/","title":{"rendered":"Mini beignet fourr\u00e9 \u00e0 la pistache"},"content":{"rendered":"<p>Si vous avez envie d&#039;une friandise sucr\u00e9e en deux bouch\u00e9es, surtout \u00ab sur le pouce \u00bb, la version mini du beignet fourr\u00e9 aux pistaches est parfaite pour cela !<\/p>\n<p>Poids environ 60g.<\/p>\n<p>&nbsp;<\/p>","protected":false},"excerpt":{"rendered":"<p><span style=\"font-weight: 400;\">Mini beignet fourr\u00e9 \u00e0 la pistache. Poids environ 60g.\u00a0<\/span><\/p>","protected":false},"featured_media":11934,"comment_status":"closed","ping_status":"closed","template":"","meta":{"content-type":""},"product_brand":[],"product_cat":[83],"product_tag":[444,446,445,449,793,791,792,340,457],"class_list":{"0":"post-11928","1":"product","2":"type-product","3":"status-publish","4":"has-post-thumbnail","6":"product_cat-ciastka-sztukowe","7":"product_tag-cukiernia-jacek-placek","8":"product_tag-jacek-placek-gdansk","9":"product_tag-jacek-placek-gowino","10":"product_tag-jacek-placek-sopot","11":"product_tag-mini-paczek","12":"product_tag-paczek","13":"product_tag-paczek-pistacjowy","14":"product_tag-paczki","15":"product_tag-tlusty-czwartek","17":"entry","18":"has-media","20":"first","21":"outofstock","22":"shipping-taxable","23":"product-type-simple","24":"has-product-nav","25":"col","26":"span_1_of_4","27":"owp-content-center","28":"owp-thumbs-layout-horizontal","29":"owp-btn-normal","30":"owp-tabs-layout-horizontal"},"acf":[],"_links":{"self":[{"href":"https:\/\/jacekplacek.com.pl\/fr\/wp-json\/wp\/v2\/product\/11928","targetHints":{"allow":["GET"]}}],"collection":[{"href":"https:\/\/jacekplacek.com.pl\/fr\/wp-json\/wp\/v2\/product"}],"about":[{"href":"https:\/\/jacekplacek.com.pl\/fr\/wp-json\/wp\/v2\/types\/product"}],"replies":[{"embeddable":true,"href":"https:\/\/jacekplacek.com.pl\/fr\/wp-json\/wp\/v2\/comments?post=11928"}],"wp:featuredmedia":[{"embeddable":true,"href":"https:\/\/jacekplacek.com.pl\/fr\/wp-json\/wp\/v2\/media\/11934"}],"wp:attachment":[{"href":"https:\/\/jacekplacek.com.pl\/fr\/wp-json\/wp\/v2\/media?parent=11928"}],"wp:term":[{"taxonomy":"product_brand","embeddable":true,"href":"https:\/\/jacekplacek.com.pl\/fr\/wp-json\/wp\/v2\/product_brand?post=11928"},{"taxonomy":"product_cat","embeddable":true,"href":"https:\/\/jacekplacek.com.pl\/fr\/wp-json\/wp\/v2\/product_cat?post=11928"},{"taxonomy":"product_tag","embeddable":true,"href":"https:\/\/jacekplacek.com.pl\/fr\/wp-json\/wp\/v2\/product_tag?post=11928"}],"curies":[{"name":"wp","href":"https:\/\/api.w.org\/{rel}","templated":true}]}}