{"id":11455,"date":"2023-11-28T16:20:39","date_gmt":"2023-11-28T15:20:39","guid":{"rendered":"https:\/\/jacekplacek.com.pl\/?post_type=product&#038;p=11455"},"modified":"2025-11-18T18:31:02","modified_gmt":"2025-11-18T17:31:02","slug":"mini-meringue-expresso-3-pieces","status":"publish","type":"product","link":"https:\/\/jacekplacek.com.pl\/fr\/magasin\/torty_i_desery\/mini-desserts-pour-le-cafe\/mini-meringue-expresso-3-pieces\/","title":{"rendered":"Mini g\u00e2teau meringu\u00e9 expresso, 3 pi\u00e8ces"},"content":{"rendered":"<p>Dessert non seulement pour les tables \u00e9l\u00e9gantes - parfait pour c\u00e9l\u00e9brer les jours de f\u00eate, les anniversaires ou d&#039;autres c\u00e9l\u00e9brations \u00e0 la maison ou au travail...<\/p>\n<p><strong>La cr\u00e8me au caf\u00e9 \u00e0 base de liqueur de caf\u00e9 Kahula associ\u00e9e au chocolat au lait est un d\u00e9lice gustatif unique pour les amateurs de caf\u00e9 avec meringue, ou dans ce cas, de meringue avec caf\u00e9. Le centre du g\u00e2teau cache une masse de cacao l\u00e9g\u00e8rement am\u00e8re et semi-liquide.<\/strong><\/p>\n<p>Si vous aimez les desserts meringu\u00e9s, ajoutez simplement une poign\u00e9e de fruits secs, un fruit ou une boule de votre glace pr\u00e9f\u00e9r\u00e9e et c&#039;est pr\u00eat !<\/p>\n<p>Produit disponible en\u00a0<strong>3 pi\u00e8ces dans un emballage collectif (1 pi\u00e8ce environ 150g).<\/strong><\/p>","protected":false},"excerpt":{"rendered":"<p><span style=\"font-weight: 400;\">La cr\u00e8me au caf\u00e9 \u00e0 base de liqueur de caf\u00e9 Kahula associ\u00e9e au chocolat au lait est un d\u00e9lice gustatif unique pour les amateurs de meringue au caf\u00e9.<\/span><\/p>\n<p>Produit disponible en\u00a0<strong>3 pi\u00e8ces dans un emballage collectif (1 pi\u00e8ce environ 150g).<\/strong><\/p>","protected":false},"featured_media":11458,"comment_status":"closed","ping_status":"closed","template":"","meta":{"content-type":""},"product_brand":[],"product_cat":[723],"product_tag":[444,442,446,445,291,450,447,448],"class_list":{"0":"post-11455","1":"product","2":"type-product","3":"status-publish","4":"has-post-thumbnail","6":"product_cat-mini-desery-do-kawiarni","7":"product_tag-cukiernia-jacek-placek","8":"product_tag-deser-jednoporcjowy","9":"product_tag-jacek-placek-gdansk","10":"product_tag-jacek-placek-gowino","11":"product_tag-tort-malinowy","12":"product_tag-tort-mini","13":"product_tag-tort-red-velvet","14":"product_tag-tort-z-mascarpone","16":"entry","17":"has-media","19":"first","20":"instock","21":"shipping-taxable","22":"product-type-simple","23":"has-product-nav","24":"col","25":"span_1_of_4","26":"owp-content-center","27":"owp-thumbs-layout-horizontal","28":"owp-btn-normal","29":"owp-tabs-layout-horizontal"},"acf":[],"_links":{"self":[{"href":"https:\/\/jacekplacek.com.pl\/fr\/wp-json\/wp\/v2\/product\/11455","targetHints":{"allow":["GET"]}}],"collection":[{"href":"https:\/\/jacekplacek.com.pl\/fr\/wp-json\/wp\/v2\/product"}],"about":[{"href":"https:\/\/jacekplacek.com.pl\/fr\/wp-json\/wp\/v2\/types\/product"}],"replies":[{"embeddable":true,"href":"https:\/\/jacekplacek.com.pl\/fr\/wp-json\/wp\/v2\/comments?post=11455"}],"wp:featuredmedia":[{"embeddable":true,"href":"https:\/\/jacekplacek.com.pl\/fr\/wp-json\/wp\/v2\/media\/11458"}],"wp:attachment":[{"href":"https:\/\/jacekplacek.com.pl\/fr\/wp-json\/wp\/v2\/media?parent=11455"}],"wp:term":[{"taxonomy":"product_brand","embeddable":true,"href":"https:\/\/jacekplacek.com.pl\/fr\/wp-json\/wp\/v2\/product_brand?post=11455"},{"taxonomy":"product_cat","embeddable":true,"href":"https:\/\/jacekplacek.com.pl\/fr\/wp-json\/wp\/v2\/product_cat?post=11455"},{"taxonomy":"product_tag","embeddable":true,"href":"https:\/\/jacekplacek.com.pl\/fr\/wp-json\/wp\/v2\/product_tag?post=11455"}],"curies":[{"name":"wp","href":"https:\/\/api.w.org\/{rel}","templated":true}]}}