{"id":11219,"date":"2023-11-09T16:12:40","date_gmt":"2023-11-09T15:12:40","guid":{"rendered":"https:\/\/jacekplacek.com.pl\/?post_type=product&#038;p=11219"},"modified":"2025-11-18T18:31:01","modified_gmt":"2025-11-18T17:31:01","slug":"mini-tiramisu-3-pieces-11","status":"publish","type":"product","link":"https:\/\/jacekplacek.com.pl\/fr\/magasin\/torty_i_desery\/monoporcje-na-catering\/mini-tiramisu-3-pieces-11\/","title":{"rendered":"Nano g\u00e2teau Royal Chocolat 6 pi\u00e8ces"},"content":{"rendered":"<p><b>Le nano cake Royal Chocolate est un v\u00e9ritable r\u00e9gal pour les amateurs de chocolat.<\/b><\/p>\n<p><span style=\"font-weight: 400;\">Cette \u00e9tonnante mousse au chocolat acquiert des saveurs extraordinaires gr\u00e2ce \u00e0 une pointe de fromage de bison, qui lui conf\u00e8re du caract\u00e8re et une profondeur de saveur unique. De plus, entre les couches de ce g\u00e2teau unique, vous trouverez des choux croustillants qui lui donnent une texture unique.<\/span><\/p>\n<p><span style=\"font-weight: 400;\">Mais ce n&#039;est pas la fin des surprises ! Notre mousse est recouverte d&#039;une d\u00e9licate confiture de myrtilles et de groseilles, qui ajoute un peu de fra\u00eecheur et de charme fruit\u00e9. <\/span><b>C&#039;est un g\u00e2teau qui offre une harmonie de douceur et de saveur distinctive \u00e0 chaque bouch\u00e9e. Venez dans notre confiserie et faites-vous plaisir avec un nano cake Royal Chocolate !<\/b><\/p>\n<p>Dessert non seulement pour les tables \u00e9l\u00e9gantes - parfait pour c\u00e9l\u00e9brer les jours de f\u00eate, les anniversaires ou d&#039;autres c\u00e9l\u00e9brations \u00e0 la maison ou au travail...<\/p>\n<p>Produit disponible en\u00a0<strong>6 pi\u00e8ces dans un emballage collectif (6 pi\u00e8ces environ 360g).<\/strong><\/p>","protected":false},"excerpt":{"rendered":"<p><span style=\"font-weight: 400;\">C&#039;est un g\u00e2teau qui offre une harmonie de douceur et de saveur distinctive \u00e0 chaque bouch\u00e9e. Venez dans notre confiserie et faites-vous plaisir avec un g\u00e2teau Royal au Chocolat !<\/span><\/p>\n<p>Produit disponible en\u00a0<strong>6 pi\u00e8ces dans un emballage collectif (6 pi\u00e8ces environ 360g).<\/strong><\/p>","protected":false},"featured_media":11465,"comment_status":"closed","ping_status":"closed","template":"","meta":{"content-type":""},"product_brand":[],"product_cat":[693],"product_tag":[444,442,446,445,176,291,450,771],"class_list":{"0":"post-11219","1":"product","2":"type-product","3":"status-publish","4":"has-post-thumbnail","6":"product_cat-monoporcje-na-catering","7":"product_tag-cukiernia-jacek-placek","8":"product_tag-deser-jednoporcjowy","9":"product_tag-jacek-placek-gdansk","10":"product_tag-jacek-placek-gowino","11":"product_tag-tort-czekoladowy","12":"product_tag-tort-malinowy","13":"product_tag-tort-mini","14":"product_tag-tort-royal-chocolate","16":"entry","17":"has-media","19":"first","20":"instock","21":"shipping-taxable","22":"product-type-simple","23":"has-product-nav","24":"col","25":"span_1_of_4","26":"owp-content-center","27":"owp-thumbs-layout-horizontal","28":"owp-btn-normal","29":"owp-tabs-layout-horizontal"},"acf":[],"_links":{"self":[{"href":"https:\/\/jacekplacek.com.pl\/fr\/wp-json\/wp\/v2\/product\/11219","targetHints":{"allow":["GET"]}}],"collection":[{"href":"https:\/\/jacekplacek.com.pl\/fr\/wp-json\/wp\/v2\/product"}],"about":[{"href":"https:\/\/jacekplacek.com.pl\/fr\/wp-json\/wp\/v2\/types\/product"}],"replies":[{"embeddable":true,"href":"https:\/\/jacekplacek.com.pl\/fr\/wp-json\/wp\/v2\/comments?post=11219"}],"wp:featuredmedia":[{"embeddable":true,"href":"https:\/\/jacekplacek.com.pl\/fr\/wp-json\/wp\/v2\/media\/11465"}],"wp:attachment":[{"href":"https:\/\/jacekplacek.com.pl\/fr\/wp-json\/wp\/v2\/media?parent=11219"}],"wp:term":[{"taxonomy":"product_brand","embeddable":true,"href":"https:\/\/jacekplacek.com.pl\/fr\/wp-json\/wp\/v2\/product_brand?post=11219"},{"taxonomy":"product_cat","embeddable":true,"href":"https:\/\/jacekplacek.com.pl\/fr\/wp-json\/wp\/v2\/product_cat?post=11219"},{"taxonomy":"product_tag","embeddable":true,"href":"https:\/\/jacekplacek.com.pl\/fr\/wp-json\/wp\/v2\/product_tag?post=11219"}],"curies":[{"name":"wp","href":"https:\/\/api.w.org\/{rel}","templated":true}]}}