{"id":11218,"date":"2023-11-09T16:12:37","date_gmt":"2023-11-09T15:12:37","guid":{"rendered":"https:\/\/jacekplacek.com.pl\/?post_type=product&#038;p=11218"},"modified":"2025-11-18T18:30:59","modified_gmt":"2025-11-18T17:30:59","slug":"mini-tiramisu-3-pieces-10","status":"publish","type":"product","link":"https:\/\/jacekplacek.com.pl\/fr\/magasin\/torty_i_desery\/monoporcje-na-catering\/mini-tiramisu-3-pieces-10\/","title":{"rendered":"G\u00e2teau nano \u00e0 la pistache 6 pi\u00e8ces"},"content":{"rendered":"<p><b>Bienvenue dans le monde du go\u00fbt unique du g\u00e2teau nano \u00e0 la pistache !<\/b><\/p>\n<p><span style=\"font-weight: 400;\">C&#039;est une combinaison de d\u00e9licate mousse m\u00e9diterran\u00e9enne \u00e0 la pistache et de confiture de fruits des bois. L&#039;int\u00e9rieur du g\u00e2teau \u00e9tait enrichi de choux croquants, lui donnant une texture int\u00e9ressante. Notre g\u00e2teau \u00e0 la pistache est un v\u00e9ritable r\u00e9gal pour les amateurs de pistaches et de saveurs fruit\u00e9es. Accordez-vous un moment de plaisir avec ce g\u00e2teau unique !<\/span><\/p>\n<p><span style=\"font-weight: 400;\">Nous vous encourageons \u00e0 commander un g\u00e2teau sous forme de cadeau, avec celui choisi <\/span><b>carte de voeux<\/b><span style=\"font-weight: 400;\"> et correspondant <\/span><b>bougies<\/b><span style=\"font-weight: 400;\">.<\/span><\/p>\n<p>Dessert non seulement pour les tables \u00e9l\u00e9gantes - parfait pour c\u00e9l\u00e9brer les jours de f\u00eate, les anniversaires ou d&#039;autres c\u00e9l\u00e9brations \u00e0 la maison ou au travail...<\/p>\n<p>Produit disponible en\u00a0<strong>6 pi\u00e8ces dans un emballage collectif (6 pi\u00e8ces env. 300g).<\/strong><\/p>","protected":false},"excerpt":{"rendered":"<p><span style=\"font-weight: 400;\">Notre g\u00e2teau \u00e0 la pistache est un v\u00e9ritable r\u00e9gal pour les amateurs de pistaches et de saveurs fruit\u00e9es. Accordez-vous un moment de plaisir avec ce g\u00e2teau unique !<\/span><\/p>\n<p>Produit disponible en\u00a0<strong>6 pi\u00e8ces dans un emballage collectif (6 pi\u00e8ces env. 300g).<\/strong><\/p>","protected":false},"featured_media":11467,"comment_status":"closed","ping_status":"closed","template":"","meta":{"content-type":""},"product_brand":[],"product_cat":[693],"product_tag":[444,442,446,445,450,743],"class_list":{"0":"post-11218","1":"product","2":"type-product","3":"status-publish","4":"has-post-thumbnail","6":"product_cat-monoporcje-na-catering","7":"product_tag-cukiernia-jacek-placek","8":"product_tag-deser-jednoporcjowy","9":"product_tag-jacek-placek-gdansk","10":"product_tag-jacek-placek-gowino","11":"product_tag-tort-mini","12":"product_tag-tort-pistacjowy","14":"entry","15":"has-media","17":"first","18":"instock","19":"shipping-taxable","20":"product-type-simple","21":"has-product-nav","22":"col","23":"span_1_of_4","24":"owp-content-center","25":"owp-thumbs-layout-horizontal","26":"owp-btn-normal","27":"owp-tabs-layout-horizontal"},"acf":[],"_links":{"self":[{"href":"https:\/\/jacekplacek.com.pl\/fr\/wp-json\/wp\/v2\/product\/11218","targetHints":{"allow":["GET"]}}],"collection":[{"href":"https:\/\/jacekplacek.com.pl\/fr\/wp-json\/wp\/v2\/product"}],"about":[{"href":"https:\/\/jacekplacek.com.pl\/fr\/wp-json\/wp\/v2\/types\/product"}],"replies":[{"embeddable":true,"href":"https:\/\/jacekplacek.com.pl\/fr\/wp-json\/wp\/v2\/comments?post=11218"}],"wp:featuredmedia":[{"embeddable":true,"href":"https:\/\/jacekplacek.com.pl\/fr\/wp-json\/wp\/v2\/media\/11467"}],"wp:attachment":[{"href":"https:\/\/jacekplacek.com.pl\/fr\/wp-json\/wp\/v2\/media?parent=11218"}],"wp:term":[{"taxonomy":"product_brand","embeddable":true,"href":"https:\/\/jacekplacek.com.pl\/fr\/wp-json\/wp\/v2\/product_brand?post=11218"},{"taxonomy":"product_cat","embeddable":true,"href":"https:\/\/jacekplacek.com.pl\/fr\/wp-json\/wp\/v2\/product_cat?post=11218"},{"taxonomy":"product_tag","embeddable":true,"href":"https:\/\/jacekplacek.com.pl\/fr\/wp-json\/wp\/v2\/product_tag?post=11218"}],"curies":[{"name":"wp","href":"https:\/\/api.w.org\/{rel}","templated":true}]}}