{"id":11096,"date":"2023-10-27T17:12:29","date_gmt":"2023-10-27T15:12:29","guid":{"rendered":"https:\/\/jacekplacek.com.pl\/?post_type=product&#038;p=11096"},"modified":"2025-11-18T18:30:58","modified_gmt":"2025-11-18T17:30:58","slug":"mini-tiramisu-3-pieces-3","status":"publish","type":"product","link":"https:\/\/jacekplacek.com.pl\/fr\/magasin\/torty_i_desery\/mini-desserts-pour-le-cafe\/mini-tiramisu-3-pieces-3\/","title":{"rendered":"Mini g\u00e2teau au caramel sal\u00e9, 3 pi\u00e8ces"},"content":{"rendered":"<p><b>Nous vous pr\u00e9sentons le G\u00e2teau au Caramel Sal\u00e9, qui combine une mousse \u00e0 la cr\u00e8me unique avec un d\u00e9licat caramel sal\u00e9.<\/b><span style=\"font-weight: 400;\"> C&#039;est une combinaison de saveurs qui cr\u00e9e un contraste insolite et surprenant. L&#039;int\u00e9rieur du g\u00e2teau est d\u00e9cor\u00e9 de cacahu\u00e8tes croquantes au caramel, et la d\u00e9coration fran\u00e7aise &quot;Dulce de Leche&quot; et le pop-corn au caramel sont le point culminant unique de ce d\u00e9licieux g\u00e2teau. C&#039;est un paradis sucr\u00e9-sal\u00e9 pour les gourmets.<\/span><\/p>\n<p><b>Savourez le go\u00fbt du g\u00e2teau au caramel sal\u00e9 avec nous\u00a0!<\/b><\/p>\n<p>Dessert non seulement pour les tables \u00e9l\u00e9gantes - parfait pour c\u00e9l\u00e9brer les jours de f\u00eate, les anniversaires ou d&#039;autres c\u00e9l\u00e9brations \u00e0 la maison ou au travail...<\/p>\n<p>Produit disponible en\u00a0<strong>paquet collectif de 3 pi\u00e8ces (3 pi\u00e8ces environ 405g).<\/strong><\/p>","protected":false},"excerpt":{"rendered":"<p><span style=\"font-weight: 400;\">Une d\u00e9licieuse association de mousse \u00e0 la cr\u00e8me et de caramel au beurre sal\u00e9. Une couche de noix au caramel ajoute du caract\u00e8re au g\u00e2teau. La d\u00e9coration fran\u00e7aise &quot;Dulche de leche&quot; et le pop-corn au caramel compl\u00e8tent en beaut\u00e9 ce d\u00e9licieux g\u00e2teau.<\/span><\/p>\n<p>Produit disponible en\u00a0<strong>paquet collectif de 3 pi\u00e8ces (3 pi\u00e8ces environ 405g).<\/strong><\/p>","protected":false},"featured_media":11332,"comment_status":"closed","ping_status":"closed","template":"","meta":{"content-type":""},"product_brand":[],"product_cat":[723],"product_tag":[444,442,446,445,764,450,760],"class_list":{"0":"post-11096","1":"product","2":"type-product","3":"status-publish","4":"has-post-thumbnail","6":"product_cat-mini-desery-do-kawiarni","7":"product_tag-cukiernia-jacek-placek","8":"product_tag-deser-jednoporcjowy","9":"product_tag-jacek-placek-gdansk","10":"product_tag-jacek-placek-gowino","11":"product_tag-slony-karmel","12":"product_tag-tort-mini","13":"product_tag-tort-slony-karmel","15":"entry","16":"has-media","18":"first","19":"instock","20":"shipping-taxable","21":"product-type-simple","22":"has-product-nav","23":"col","24":"span_1_of_4","25":"owp-content-center","26":"owp-thumbs-layout-horizontal","27":"owp-btn-normal","28":"owp-tabs-layout-horizontal"},"acf":[],"_links":{"self":[{"href":"https:\/\/jacekplacek.com.pl\/fr\/wp-json\/wp\/v2\/product\/11096","targetHints":{"allow":["GET"]}}],"collection":[{"href":"https:\/\/jacekplacek.com.pl\/fr\/wp-json\/wp\/v2\/product"}],"about":[{"href":"https:\/\/jacekplacek.com.pl\/fr\/wp-json\/wp\/v2\/types\/product"}],"replies":[{"embeddable":true,"href":"https:\/\/jacekplacek.com.pl\/fr\/wp-json\/wp\/v2\/comments?post=11096"}],"wp:featuredmedia":[{"embeddable":true,"href":"https:\/\/jacekplacek.com.pl\/fr\/wp-json\/wp\/v2\/media\/11332"}],"wp:attachment":[{"href":"https:\/\/jacekplacek.com.pl\/fr\/wp-json\/wp\/v2\/media?parent=11096"}],"wp:term":[{"taxonomy":"product_brand","embeddable":true,"href":"https:\/\/jacekplacek.com.pl\/fr\/wp-json\/wp\/v2\/product_brand?post=11096"},{"taxonomy":"product_cat","embeddable":true,"href":"https:\/\/jacekplacek.com.pl\/fr\/wp-json\/wp\/v2\/product_cat?post=11096"},{"taxonomy":"product_tag","embeddable":true,"href":"https:\/\/jacekplacek.com.pl\/fr\/wp-json\/wp\/v2\/product_tag?post=11096"}],"curies":[{"name":"wp","href":"https:\/\/api.w.org\/{rel}","templated":true}]}}