{"id":11066,"date":"2023-10-26T14:02:41","date_gmt":"2023-10-26T12:02:41","guid":{"rendered":"https:\/\/jacekplacek.com.pl\/?post_type=product&#038;p=11066"},"modified":"2025-11-18T18:31:00","modified_gmt":"2025-11-18T17:31:00","slug":"gateau-royal-2","status":"publish","type":"product","link":"https:\/\/jacekplacek.com.pl\/fr\/magasin\/torty_i_desery\/gateaux\/gateau-royal-2\/","title":{"rendered":"g\u00e2teau royal"},"content":{"rendered":"<p><strong>Nous vous pr\u00e9sentons la galette des rois - une combinaison unique de saveurs qui ravit le palais. <\/strong><\/p>\n<p><span style=\"font-weight: 400;\">Notre recette est bas\u00e9e sur la saveur intense du g\u00e2teau au chocolat additionn\u00e9e de noix, qui lui conf\u00e8rent un caract\u00e8re unique. Le g\u00e2teau est garni de cr\u00e8me au chocolat, fourr\u00e9 de confiture de prunes et de cr\u00e8me au beurre citronn\u00e9, ce qui lui conf\u00e8re l\u00e9g\u00e8ret\u00e9 et fra\u00eecheur. Pour ajouter encore plus de surprises gustatives, nous enrichissons notre g\u00e2teau de halva croustillante.\u00a0<\/span><\/p>\n<p><strong>C&#039;est une exp\u00e9rience douce et m\u00e9rite d&#039;\u00eatre qualifi\u00e9e de royale. Venez d\u00e9couvrir pourquoi la galette des rois est notre succ\u00e8s incontest\u00e9 !<\/strong><\/p>\n<p><span style=\"font-weight: 400;\">Nous vous encourageons \u00e0 commander un g\u00e2teau sous forme de cadeau, avec celui choisi <\/span><b>carte de voeux<\/b><span style=\"font-weight: 400;\"> et correspondant <\/span><b>bougies<\/b><span style=\"font-weight: 400;\">.<\/span><\/p>","protected":false},"excerpt":{"rendered":"<p><span data-sheets-root=\"1\">Bogate w smaku czekoladowe ciasto z powid\u0142ami \u015bliwkowymi, kremem cytrynowym i czekoladowym, a kawa\u0142kami cha\u0142wy.<\/span><\/p>","protected":false},"featured_media":10969,"comment_status":"closed","ping_status":"closed","template":"","meta":{"content-type":""},"product_brand":[],"product_cat":[123],"product_tag":[747,166,176,309,730,733,731,746,732,734],"class_list":{"0":"post-11066","1":"product","2":"type-product","3":"status-publish","4":"has-post-thumbnail","6":"product_cat-torty","7":"product_tag-luksusowy-tort","8":"product_tag-tort","9":"product_tag-tort-czekoladowy","10":"product_tag-tort-krolewski","11":"product_tag-tort-na-urodziny","12":"product_tag-tort-naturalny","13":"product_tag-tort-urodzinowy","14":"product_tag-tort-z-czekolada-jadalne-zloto","15":"product_tag-torty-naturalne","16":"product_tag-zdrowy-sklad","18":"entry","19":"has-media","21":"first","22":"instock","23":"shipping-taxable","24":"product-type-variable","25":"has-default-attributes","26":"has-product-nav","27":"col","28":"span_1_of_4","29":"owp-content-center","30":"owp-thumbs-layout-horizontal","31":"owp-btn-normal","32":"owp-tabs-layout-horizontal"},"acf":[],"_links":{"self":[{"href":"https:\/\/jacekplacek.com.pl\/fr\/wp-json\/wp\/v2\/product\/11066","targetHints":{"allow":["GET"]}}],"collection":[{"href":"https:\/\/jacekplacek.com.pl\/fr\/wp-json\/wp\/v2\/product"}],"about":[{"href":"https:\/\/jacekplacek.com.pl\/fr\/wp-json\/wp\/v2\/types\/product"}],"replies":[{"embeddable":true,"href":"https:\/\/jacekplacek.com.pl\/fr\/wp-json\/wp\/v2\/comments?post=11066"}],"wp:featuredmedia":[{"embeddable":true,"href":"https:\/\/jacekplacek.com.pl\/fr\/wp-json\/wp\/v2\/media\/10969"}],"wp:attachment":[{"href":"https:\/\/jacekplacek.com.pl\/fr\/wp-json\/wp\/v2\/media?parent=11066"}],"wp:term":[{"taxonomy":"product_brand","embeddable":true,"href":"https:\/\/jacekplacek.com.pl\/fr\/wp-json\/wp\/v2\/product_brand?post=11066"},{"taxonomy":"product_cat","embeddable":true,"href":"https:\/\/jacekplacek.com.pl\/fr\/wp-json\/wp\/v2\/product_cat?post=11066"},{"taxonomy":"product_tag","embeddable":true,"href":"https:\/\/jacekplacek.com.pl\/fr\/wp-json\/wp\/v2\/product_tag?post=11066"}],"curies":[{"name":"wp","href":"https:\/\/api.w.org\/{rel}","templated":true}]}}