{"id":11050,"date":"2023-10-26T14:02:29","date_gmt":"2023-10-26T12:02:29","guid":{"rendered":"https:\/\/jacekplacek.com.pl\/?post_type=product&#038;p=11050"},"modified":"2025-11-18T18:30:59","modified_gmt":"2025-11-18T17:30:59","slug":"gateau-a-la-pistache","status":"publish","type":"product","link":"https:\/\/jacekplacek.com.pl\/fr\/magasin\/torty_i_desery\/gateaux\/gateau-a-la-pistache\/","title":{"rendered":"G\u00e2teau \u00e0 la pistache"},"content":{"rendered":"<p><span style=\"font-weight: 400;\"><strong>Bienvenue dans le monde du go\u00fbt unique du g\u00e2teau \u00e0 la pistache\u00a0!<\/strong> <\/span><\/p>\n<p><span style=\"font-weight: 400;\">C&#039;est une combinaison de d\u00e9licate mousse m\u00e9diterran\u00e9enne \u00e0 la pistache et de confiture de fruits des bois. L&#039;int\u00e9rieur du g\u00e2teau \u00e9tait enrichi de choux croquants, lui donnant une texture int\u00e9ressante. Notre Cake Pistache est un v\u00e9ritable r\u00e9gal pour les amateurs de pistaches et de saveurs fruit\u00e9es. Accordez-vous un moment de plaisir avec ce g\u00e2teau unique !<\/span><\/p>\n<p><span style=\"font-weight: 400;\">Nous vous encourageons \u00e0 commander un g\u00e2teau sous forme de cadeau, avec celui choisi <\/span><b>carte de voeux<\/b><span style=\"font-weight: 400;\"> et correspondant <\/span><b>bougies<\/b><span style=\"font-weight: 400;\">.<\/span><\/p>","protected":false},"excerpt":{"rendered":"<p><span data-sheets-root=\"1\">Un g\u00e2teau \u00e0 la cr\u00e8me d\u00e9licate \u00e0 base de pistaches m\u00e9diterran\u00e9ennes, agr\u00e9ment\u00e9e de confiture de fruits des bois et enrichie de pain grill\u00e9 croustillant et croquant.<\/span><\/p>","protected":false},"featured_media":10905,"comment_status":"closed","ping_status":"closed","template":"","meta":{"content-type":""},"product_brand":[],"product_cat":[123],"product_tag":[744,166,730,733,743,731,745,732,734],"class_list":{"0":"post-11050","1":"product","2":"type-product","3":"status-publish","4":"has-post-thumbnail","6":"product_cat-torty","7":"product_tag-deser-pistacjowy","8":"product_tag-tort","9":"product_tag-tort-na-urodziny","10":"product_tag-tort-naturalny","11":"product_tag-tort-pistacjowy","12":"product_tag-tort-urodzinowy","13":"product_tag-tort-z-pistacjami","14":"product_tag-torty-naturalne","15":"product_tag-zdrowy-sklad","17":"entry","18":"has-media","20":"first","21":"instock","22":"shipping-taxable","23":"product-type-variable","24":"has-default-attributes","25":"has-product-nav","26":"col","27":"span_1_of_4","28":"owp-content-center","29":"owp-thumbs-layout-horizontal","30":"owp-btn-normal","31":"owp-tabs-layout-horizontal"},"acf":[],"_links":{"self":[{"href":"https:\/\/jacekplacek.com.pl\/fr\/wp-json\/wp\/v2\/product\/11050","targetHints":{"allow":["GET"]}}],"collection":[{"href":"https:\/\/jacekplacek.com.pl\/fr\/wp-json\/wp\/v2\/product"}],"about":[{"href":"https:\/\/jacekplacek.com.pl\/fr\/wp-json\/wp\/v2\/types\/product"}],"replies":[{"embeddable":true,"href":"https:\/\/jacekplacek.com.pl\/fr\/wp-json\/wp\/v2\/comments?post=11050"}],"wp:featuredmedia":[{"embeddable":true,"href":"https:\/\/jacekplacek.com.pl\/fr\/wp-json\/wp\/v2\/media\/10905"}],"wp:attachment":[{"href":"https:\/\/jacekplacek.com.pl\/fr\/wp-json\/wp\/v2\/media?parent=11050"}],"wp:term":[{"taxonomy":"product_brand","embeddable":true,"href":"https:\/\/jacekplacek.com.pl\/fr\/wp-json\/wp\/v2\/product_brand?post=11050"},{"taxonomy":"product_cat","embeddable":true,"href":"https:\/\/jacekplacek.com.pl\/fr\/wp-json\/wp\/v2\/product_cat?post=11050"},{"taxonomy":"product_tag","embeddable":true,"href":"https:\/\/jacekplacek.com.pl\/fr\/wp-json\/wp\/v2\/product_tag?post=11050"}],"curies":[{"name":"wp","href":"https:\/\/api.w.org\/{rel}","templated":true}]}}