{"id":11044,"date":"2023-10-26T14:02:26","date_gmt":"2023-10-26T12:02:26","guid":{"rendered":"https:\/\/jacekplacek.com.pl\/?post_type=product&#038;p=11044"},"modified":"2025-11-18T18:30:59","modified_gmt":"2025-11-18T17:30:59","slug":"gateau-au-chocolat-royal","status":"publish","type":"product","link":"https:\/\/jacekplacek.com.pl\/fr\/magasin\/torty_i_desery\/gateaux\/gateau-au-chocolat-royal\/","title":{"rendered":"G\u00e2teau Royal Au Chocolat"},"content":{"rendered":"<p><strong>Le g\u00e2teau Royal Chocolat est un v\u00e9ritable r\u00e9gal pour les amateurs de chocolat. <\/strong><\/p>\n<p><span style=\"font-weight: 400;\">Cette \u00e9tonnante mousse au chocolat acquiert des saveurs extraordinaires gr\u00e2ce \u00e0 une pointe de fromage de bison, qui lui conf\u00e8re du caract\u00e8re et une profondeur de saveur unique. De plus, entre les couches de ce g\u00e2teau unique, vous trouverez des choux croustillants qui lui donnent une texture unique. <\/span><\/p>\n<p><span style=\"font-weight: 400;\">Mais ce n&#039;est pas la fin des surprises ! Notre mousse est recouverte d&#039;une d\u00e9licate confiture de myrtilles et de groseilles, qui ajoute un peu de fra\u00eecheur et de charme fruit\u00e9. <strong>C&#039;est un g\u00e2teau qui offre une harmonie de douceur et de saveur distinctive \u00e0 chaque bouch\u00e9e. Venez dans notre confiserie et faites-vous plaisir avec le G\u00e2teau Royal au Chocolat !<\/strong><\/span><\/p>\n<p><span style=\"font-weight: 400;\">Nous vous encourageons \u00e0 commander un g\u00e2teau sous forme de cadeau, avec celui choisi <\/span><b>carte de voeux<\/b><span style=\"font-weight: 400;\"> et correspondant <\/span><b>bougies<\/b><span style=\"font-weight: 400;\">.<\/span><\/p>","protected":false},"excerpt":{"rendered":"<p><span style=\"font-weight: 400;\">C&#039;est un g\u00e2teau qui offre une harmonie de douceur et de saveur distinctive \u00e0 chaque bouch\u00e9e. Venez dans notre confiserie et faites-vous plaisir avec le G\u00e2teau Royal au Chocolat !<\/span><\/p>","protected":false},"featured_media":10975,"comment_status":"closed","ping_status":"closed","template":"","meta":{"content-type":""},"product_brand":[],"product_cat":[123],"product_tag":[747,166,176,730,733,731,746,732,734],"class_list":{"0":"post-11044","1":"product","2":"type-product","3":"status-publish","4":"has-post-thumbnail","6":"product_cat-torty","7":"product_tag-luksusowy-tort","8":"product_tag-tort","9":"product_tag-tort-czekoladowy","10":"product_tag-tort-na-urodziny","11":"product_tag-tort-naturalny","12":"product_tag-tort-urodzinowy","13":"product_tag-tort-z-czekolada-jadalne-zloto","14":"product_tag-torty-naturalne","15":"product_tag-zdrowy-sklad","17":"entry","18":"has-media","20":"first","21":"instock","22":"shipping-taxable","23":"product-type-variable","24":"has-default-attributes","25":"has-product-nav","26":"col","27":"span_1_of_4","28":"owp-content-center","29":"owp-thumbs-layout-horizontal","30":"owp-btn-normal","31":"owp-tabs-layout-horizontal"},"acf":[],"_links":{"self":[{"href":"https:\/\/jacekplacek.com.pl\/fr\/wp-json\/wp\/v2\/product\/11044","targetHints":{"allow":["GET"]}}],"collection":[{"href":"https:\/\/jacekplacek.com.pl\/fr\/wp-json\/wp\/v2\/product"}],"about":[{"href":"https:\/\/jacekplacek.com.pl\/fr\/wp-json\/wp\/v2\/types\/product"}],"replies":[{"embeddable":true,"href":"https:\/\/jacekplacek.com.pl\/fr\/wp-json\/wp\/v2\/comments?post=11044"}],"wp:featuredmedia":[{"embeddable":true,"href":"https:\/\/jacekplacek.com.pl\/fr\/wp-json\/wp\/v2\/media\/10975"}],"wp:attachment":[{"href":"https:\/\/jacekplacek.com.pl\/fr\/wp-json\/wp\/v2\/media?parent=11044"}],"wp:term":[{"taxonomy":"product_brand","embeddable":true,"href":"https:\/\/jacekplacek.com.pl\/fr\/wp-json\/wp\/v2\/product_brand?post=11044"},{"taxonomy":"product_cat","embeddable":true,"href":"https:\/\/jacekplacek.com.pl\/fr\/wp-json\/wp\/v2\/product_cat?post=11044"},{"taxonomy":"product_tag","embeddable":true,"href":"https:\/\/jacekplacek.com.pl\/fr\/wp-json\/wp\/v2\/product_tag?post=11044"}],"curies":[{"name":"wp","href":"https:\/\/api.w.org\/{rel}","templated":true}]}}