{"id":11041,"date":"2023-10-26T14:02:24","date_gmt":"2023-10-26T12:02:24","guid":{"rendered":"https:\/\/jacekplacek.com.pl\/?post_type=product&#038;p=11041"},"modified":"2025-11-18T18:30:55","modified_gmt":"2025-11-18T17:30:55","slug":"gateau-tiramisu-italien","status":"publish","type":"product","link":"https:\/\/jacekplacek.com.pl\/fr\/magasin\/torty_i_desery\/gateaux\/gateau-tiramisu-italien\/","title":{"rendered":"G\u00e2teau tiramisu italien"},"content":{"rendered":"<p><strong>Un classique italien dans sa version la plus d\u00e9licieuse : notre g\u00e2teau tiramisu italien. <\/strong><\/p>\n<p><span style=\"font-weight: 400;\">Notre g\u00e2teau est un hommage au dessert italien traditionnel \u00e0 base de mascarpone, non seulement extr\u00eamement cr\u00e9meux, mais aussi riche en go\u00fbt. Pour ajouter encore plus d&#039;ar\u00f4me, on le trempe dans du punch au caf\u00e9 avec un soup\u00e7on de liqueur d&#039;amaretto. C&#039;est une combinaison de saveurs qui ravit les sens et enchante le palais. <\/span><\/p>\n<p><strong>Le g\u00e2teau tiramisu italien est le choix parfait pour ceux qui souhaitent s&#039;immerger dans la tradition et les saveurs de l&#039;Italie. Venez dans notre confiserie et partez d\u00e8s aujourd&#039;hui pour ce voyage de saveurs avec nous ! <\/strong><\/p>\n<p><span style=\"font-weight: 400;\">Nous vous encourageons \u00e0 commander un g\u00e2teau sous forme de cadeau, avec celui choisi <\/span><b>carte de voeux<\/b><span style=\"font-weight: 400;\"> et correspondant <\/span><b>bougies<\/b><span style=\"font-weight: 400;\">.<\/span><\/p>","protected":false},"excerpt":{"rendered":"<p><span data-sheets-root=\"1\">Couches de g\u00e9noise imbib\u00e9es de caf\u00e9 et de liqueur d&#039;amaretto, associ\u00e9es \u00e0 du mascarpone cr\u00e9meux. Desserts italiens classiques sous la forme d&#039;un g\u00e2teau exquis.<\/span><\/p>","protected":false},"featured_media":10947,"comment_status":"closed","ping_status":"closed","template":"","meta":{"content-type":""},"product_brand":[],"product_cat":[123],"product_tag":[748,749,267,166,304,730,733,296,731,732,702,734],"class_list":{"0":"post-11041","1":"product","2":"type-product","3":"status-publish","4":"has-post-thumbnail","6":"product_cat-torty","7":"product_tag-deser-kawowy","8":"product_tag-deser-tiramisu","9":"product_tag-tiramisu","10":"product_tag-tort","11":"product_tag-tort-kawowy","12":"product_tag-tort-na-urodziny","13":"product_tag-tort-naturalny","14":"product_tag-tort-tiramisu","15":"product_tag-tort-urodzinowy","16":"product_tag-torty-naturalne","17":"product_tag-wloskie-tiramisu","18":"product_tag-zdrowy-sklad","20":"entry","21":"has-media","23":"first","24":"instock","25":"shipping-taxable","26":"product-type-variable","27":"has-default-attributes","28":"has-product-nav","29":"col","30":"span_1_of_4","31":"owp-content-center","32":"owp-thumbs-layout-horizontal","33":"owp-btn-normal","34":"owp-tabs-layout-horizontal"},"acf":[],"_links":{"self":[{"href":"https:\/\/jacekplacek.com.pl\/fr\/wp-json\/wp\/v2\/product\/11041","targetHints":{"allow":["GET"]}}],"collection":[{"href":"https:\/\/jacekplacek.com.pl\/fr\/wp-json\/wp\/v2\/product"}],"about":[{"href":"https:\/\/jacekplacek.com.pl\/fr\/wp-json\/wp\/v2\/types\/product"}],"replies":[{"embeddable":true,"href":"https:\/\/jacekplacek.com.pl\/fr\/wp-json\/wp\/v2\/comments?post=11041"}],"wp:featuredmedia":[{"embeddable":true,"href":"https:\/\/jacekplacek.com.pl\/fr\/wp-json\/wp\/v2\/media\/10947"}],"wp:attachment":[{"href":"https:\/\/jacekplacek.com.pl\/fr\/wp-json\/wp\/v2\/media?parent=11041"}],"wp:term":[{"taxonomy":"product_brand","embeddable":true,"href":"https:\/\/jacekplacek.com.pl\/fr\/wp-json\/wp\/v2\/product_brand?post=11041"},{"taxonomy":"product_cat","embeddable":true,"href":"https:\/\/jacekplacek.com.pl\/fr\/wp-json\/wp\/v2\/product_cat?post=11041"},{"taxonomy":"product_tag","embeddable":true,"href":"https:\/\/jacekplacek.com.pl\/fr\/wp-json\/wp\/v2\/product_tag?post=11041"}],"curies":[{"name":"wp","href":"https:\/\/api.w.org\/{rel}","templated":true}]}}